{"id":6576,"date":"2019-11-20T11:34:37","date_gmt":"2019-11-20T10:34:37","guid":{"rendered":"http:\/\/www.falkenruhs-wacht.de\/wpr\/?page_id=6576"},"modified":"2019-11-20T11:35:27","modified_gmt":"2019-11-20T10:35:27","slug":"am-lagerfeuer-mit-hrimholt","status":"publish","type":"page","link":"https:\/\/www.falkenruhs-wacht.de\/wpr\/?page_id=6576","title":{"rendered":"Am Lagerfeuer mit Hrimholt"},"content":{"rendered":"<p>### Chat-Protokoll: Registerkarte 13. 01., 06: 13 PM ###<br \/>\nVilheith schaut zu dem alten Soldaten, der sich umst\u00e4ndlich auf dem Balken am Feuer niederl\u00e4sst.<br \/>\nHrimholt streckt das verletzte Bein aus, offenbar ist anwinkeln nicht m\u00f6glich<br \/>\nLorron sagt: &#8218;&#8220;Ich hoffe, ihr habt unserem Gast noch etwas \u00fcbriggelassen?&#8216;<br \/>\nLorron blickt in die Runde<br \/>\nHrimholt hat kurz in die Runde genickt, was wohl ein Gru\u00df gewesen sein k\u00f6nnte<br \/>\nLorron stellt Hrimholt die Anwesenden kurz vor.<br \/>\nJarmun nickt dem Gast zu und bietet ihm einen fertigen Fisch\/Kartoffel Spie\u00df an.<br \/>\nHrimholt mustert kurz das Essen, dann beugt er sich vor und nimmt ihn mit einem Nicken an<br \/>\nVilheith betrachtet den Neuank\u00f6mmling von ihrem Platz aus<br \/>\nVilheith nimmt den Spie\u00df, den Haram ihr reicht, w\u00e4hrend er den zweiten f\u00fcr sich beh\u00e4lt<br \/>\nHaramn vermeidet es, Hrimholt direkt anzusehen und steckt einen frischen Spie\u00df in Position.<br \/>\nTjoren erw\u00e4hnt, dass die Tiere frisch zerlegt und in Kr\u00e4utermarinade a la Trevvis eingelegt sind und bedankt sich nochmal bei den Anglern f\u00fcr den Beitrag.<br \/>\nDu sagst: &#8218;Dann lerne ich also nun einen Lehrling seiner K\u00fcnste kennen, wenn schon nicht diesen Trevvis selbst, von dem Haram soviel erz\u00e4hlt hat&#8216;<br \/>\nTjoren lacht<br \/>\nTjoren sagt: &#8218;Immerhin, ein bischen was hab ich mir wirklich von ihm abgeschaut&#8216;<br \/>\nTjoren sagt: &#8218;Aber warte, bis wir daheim sind und du mal im Gasthaus seines Vaters bist&#8216;<br \/>\nDu sagst: &#8218;Es ist eine gro\u00dfe Ehre, mit diesem Talent gesegnet zu sein. *ernst*&#8216;<br \/>\nHaramn knurrt etwas<br \/>\nHaramn sagt: &#8218;Gut, kochen kann ich mal wirklich gar nicht&#8230;. ich hoffe, der alte Tjarn bekommt sein Gasthaus wieder in Schwung. Trevvis kehrt doch zur Truppe zur\u00fcck, oder, Lorron?&#8216;<br \/>\nLorron sagt: &#8218;&#8220;Hat er vor. Aber nur noch Dienst in der Stadt. Er hat da was von Verlobung erw\u00e4hnt.&#8216;<br \/>\nHrimholt beobachtet den Austausch unter den Anwesenden erst mal stumm. Der Fisch allerdings riecht wirklich lecker und von Trevvis&#8216; K\u00fcnsten scheint er auch schon geh\u00f6rt zu haben, wenn man das leichte Zucken der Mundwinkel nach oben richtig deutet<br \/>\nLorron streckt fordernd die Hand nach einem weiteren Spie\u00df aus als Tjoren eine fertige Ladung verteilt.<br \/>\nLorron sagt: &#8218;Gibt es eigentlich neue Nachrichten, was aus der Bedrohung durch die Ostlinge geworden ist, Hrimholt? Das letzte, was ich von denen, die dorthin gezogen sind, geh\u00f6rt habe, war, dass eine Angriffswelle zur\u00fcckgeschlagen wurde.&#8216;<br \/>\nLorron sagt: &#8218;Die H\u00e4lfte meiner Leute hatte sich entschieden, dorthin zu gehen.&#8216;<br \/>\nHrimholt schaut von dem Fisch auf und verlagert etwas sein ausgestrecktes Bein<br \/>\nHrimholt sagt: &#8218;Noch nicht *er z\u00f6gert kurz, bevor er antwortet*&#8216;<br \/>\nJarmun greift zum Tabaksbeutel, \u00fcberlegt dann, ob das vor Hrimholt angemessen ist und steckt ihn wieder fort.<br \/>\nHrimholt sagt: &#8218;Ich gehe davon aus, dass Unterst\u00fctzung geschickt werden wird&#8216;<br \/>\nLorron sch\u00fcttelt den Kopf.<br \/>\nLorron sagt: &#8218;Es ist unglaublich, dass sie dem Befehl des dunklen Herrschers von so weit her gefolgt sind. Irgendwann wird man sich dort einmal umsehen m\u00fcssen. Wir wissen zu wenig \u00fcber das Land.&#8216;<br \/>\nHrimholt sagt: &#8218;Es scheint, dass der K\u00f6nig mehr \u00fcber sie wei\u00df&#8230; wenn sich hier alles beruhigt hat, wird er sicher zusehen, dass sie Ruhe geben.&#8216;<br \/>\nTjoren k\u00fcmmert sich herzlich wenig um Hrimholts Anwesenheit und holt einen Schlauch mit etwas Alkoholischem hervor, das er an Haram weiterreicht.<br \/>\nHaramn lehnt ab.<br \/>\nHrimholt scheint vor den M\u00e4nnern nicht mehr sagen zu wollen, oder vor Vilheith<br \/>\nHaramn gibt den Schlauch an Tjoren zur\u00fcck.<br \/>\nVilheith betrachtet den Schlauch, scheint aber die frostigere Atmosph\u00e4re gegen\u00fcber der vorherigen geselligen Runde deutlich unterscheiden zu k\u00f6nnen<br \/>\nLorron sagt: &#8218;Vilheith, Hrimholt hier fragte vorhin, ob es dein Plan ist, nach Dunland zur\u00fcckzukehren, oder erst einmal bei uns zu bleiben. Ich konnte ihm da keine Antwort geben und es w\u00fcrde mich eigentlich auch interessieren.&#8216;<br \/>\nHrimholt legt den leeren Spie\u00df beiseite und schaut zu der Dunl\u00e4nderin.<br \/>\nHaramn guckt Lorron b\u00f6se an, dass er das Thema gerade jetzt aufbringt.<br \/>\nVilheith richtet sich auf ihrem Sitz auf und schaut erst Lorron, dann Hrimholt an.<br \/>\nDu sagst: &#8218;Mein Platz ist nicht l\u00e4nger im Land meiner Ahnen&#8216;<br \/>\nTjoren sagt: &#8218;&#8230; dachte ich mir schon&#8216;<br \/>\nHrimholt zieht leicht die Augenbraue zusammen<br \/>\nDu sagst: &#8218;Noch hat der J\u00e4gersmann seinen Willen noch nicht offenbart&#8216;<br \/>\nVilheith k\u00e4mpft mit der Sprache der Rohirrim, die sie nur langsam lernt<br \/>\nHrimholt sagt: &#8218;So habt ihr vor, hier zubleiben?&#8216;<br \/>\nHaramn hilft ihr bei unbekannten Ausdr\u00fccken.<br \/>\nDu sagst: &#8218;Dieses Land ist anders&#8230; *l\u00e4sst den Blick etwas schweifen*&#8216;<br \/>\nDu sagst: &#8218;Gute Jagdgr\u00fcnde&#8216;<br \/>\nHaramn sagt: &#8218;&#8230;aber noch nicht Rohan&#8230;&#8216;<br \/>\nDu sagst: &#8218;Ich w\u00fcrde gerne mehr sehen&#8230; von hier und von Rohan.&#8216;<br \/>\nDu sagst: &#8218;Viele Worte wurden dar\u00fcber verloren, doch Worte k\u00f6nnen fehlleiten&#8216;<br \/>\nDu sagst: &#8218;&#8230;&#8216;<br \/>\nDu sagst: &#8218;Ich will es mit eigenen Augen sehen.&#8216;<br \/>\nHrimholt s Miene ist deutlich finster<br \/>\nHrimholt sagt: &#8218;Werdet ihr sie begleiten?&#8216;<br \/>\nHrimholt schaut zu Haram<br \/>\nHaramn schaut zu Lorron.<br \/>\nLorron runzelt die Stirn.<br \/>\nVilheith schaut zu Haram<br \/>\nHaramn zuckt mit den Schultern.<br \/>\nTjoren sagt: &#8218;oh,oh&#8230;&#8216;<br \/>\nLorron sagt: &#8218;Vorerst sind die Lande noch nicht gesichert und wir werden K\u00f6nig Eomer begleiten.&#8216;<br \/>\nLorron sagt: &#8218;Und solange k\u00f6nnt ihr euch Gondor ansehen. (an Haram und Vilheith)&#8216;<br \/>\nDu sagst: &#8218;Das ist seine Entscheidung *schaut gen Haram*&#8216;<br \/>\nHaramn seufzt<br \/>\nHaramn sagt: &#8218;warten wir ab, wie es weitergeht. Wenn wir wieder Zuhause sind und wirklich Frieden herrscht und der K\u00f6nig in Edoras herrscht werde ich vielleicht nicht mehr so sehr gebraucht, dass ich nicht mit jemandem das Land erkunden k\u00f6nnte.&#8216;<br \/>\nVilheith scheint mit der Antwort zufrieden zu sein<br \/>\nHaramn atmet auf.<br \/>\nLorron atmet auf<br \/>\nHrimholt sagt: &#8218;Also habt ihr vor, weiter bei diesen M\u00e4nnern zu bleiben.&#8216;<br \/>\nJarmun meint, ihre Antwort zu kennen und legt noch Kartoffeln ins Feuer.<br \/>\nVilheith runzelt die Stirn, als sie sich offenbar durch seine Antwort und seinen Tonfall arbeitet<br \/>\nHaramn wei\u00df, dass sie verstanden hat. Er \u00fcbersetzt es trotzdem.<br \/>\nHrimholt s Tonfall klang recht eisig, gut, wer ihn kennt, wird kaum einen Unterschied zu sonst feststellen<br \/>\nDu sagst: &#8218;Wenn die Anf\u00fchrer es guthei\u00dfen *ssieht zu Lorron, Hrimholt scheint sie damit nicht einzuschlie\u00dfen*&#8216;<br \/>\nLorron sagt: &#8218;Der K\u00f6nig hat es gutgehie\u00dfen.&#8216;<br \/>\nVilheith schaut Hrimholt aufmerksam an<br \/>\nHrimholt sagt: &#8218;Solange es keinen \u00c4rger gibt&#8216;<br \/>\nLorron rollt mit den Augen. Hatten sie das nicht schon? Wollte er sie nicht einfach nur kennen lernen?<br \/>\nDu sagst: &#8218;Bringt ihr \u00c4rger? *schaut ihn herausfordern an*&#8216;<br \/>\nTjoren keucht und kann lacht bellend.<br \/>\nHaramn versteinert.<br \/>\nHrimholt starrt sie an, f\u00fcr den ersten Moment wohl tats\u00e4chlich ein wenig \u00fcberrumpelt<br \/>\nDu sagst: &#8218;Herausforderungen werden in meinem Volk offen ausgesprochen&#8230; unter Kriegern&#8230;&#8216;<br \/>\nDu sagst: &#8218;Wenn ihr sagt, ich muss meinen Wert beweisen&#8216;<br \/>\nVilheith l\u00e4sst es offen<br \/>\nJarmun keucht nun auch und blickt interessiert zu Hrinholt.<br \/>\nLorron bei\u00dft herzhaft in seinen Fisch.<br \/>\nLorron denkt: Gut , grad lernt er sie kennen. Mal sehen, wie er damit klarkommt.<br \/>\nHrimholt sagt: &#8218;Bei uns laufen die Dinge etwas anders&#8230;&#8216;<br \/>\nTjoren sagt: &#8218;(leise: ach?)&#8216;<br \/>\nDu sagst: &#8218;Ihr meint, man beweist seinen Wert f\u00fcr die Gruppe durch Pr\u00fcfungen der Fertigkeiten?&#8216;<br \/>\nDu sagst: &#8218;Und nicht alleine durch Kampf?&#8216;<br \/>\nTjoren sagt: &#8218;(immer noch leise: &#8230;kann gut angeln, jagen, reden&#8230;&#8216;<br \/>\nDu sagst: &#8218;Dann nennt die Pr\u00fcfungen&#8230;&#8216;<br \/>\nHrimholt mustert sie<br \/>\nHrimholt sagt: &#8218;Ihr meint das ernst&#8230; *murmelt er*&#8216;<br \/>\nLorron sagt: &#8218;Blickt von einem zum anderen.) Was soll das denn jetzt? Du mu\u00dft du uns nicht mehr irgendetwas beweisen, Vilheith. Ihm vielleicht. &#8211; erz\u00e4hlt ihr keinen Unsinn, Hrimholt. Wenn sie jemand etwas beweisen mu\u00df, dann euch aber eigentlich ist das unn\u00f6tig, und nur sie kann entscheiden, ob sie das will oder nicht!&#8216;<br \/>\nVilheith setzt sich aufrecht und stolz hin<br \/>\nDu sagst: &#8218;Ich f\u00fcrchte keine Pr\u00fcfungen&#8216;<br \/>\nHrimholt sagt: &#8218;Das glaube ich euch sogar&#8216;<br \/>\nHaramn kneift die Augen zusammen.<br \/>\nHrimholt scheint die Reaktionen der Gruppe abzutaxieren<br \/>\nLorron : die Gruppe scheint ihn abzutaxieren.<br \/>\nDu sagst: &#8218;Sprich aus, was du sagen willst, Wei\u00dfhaar und rede nicht um den hei\u00dfen Brei herum, das passt nicht zu dir. Ich kenne deinen Ruf&#8216;<br \/>\nHaramn l\u00e4chelt<br \/>\nDu sagst: &#8218;Wenn du ein Problem mit mir hast, sag es&#8216;<br \/>\nVilheith klingt bestimmt<br \/>\nTjoren sagt: &#8218;(leise: ja, hat er, aber wie er&#8217;s sagt, darauf warten wir alle&#8216;<br \/>\nLorron schie\u00dft Tjoren einen Blick zu.<br \/>\nHrimholt sagt: &#8218;Ihr seid eine Frau unter M\u00e4nnern&#8216;<br \/>\nDu sagst: &#8218;F\u00fcrchten eure M\u00e4nner Frauen?&#8216;<br \/>\nJarmun sagt: &#8218;(leise: oh, und wie) lacht&#8216;<br \/>\nLorron sagt: &#8218;(schnauft)&#8216;<br \/>\nTjoren sagt: &#8218;&#8230;kommt auf die Menge an&#8230;&#8216;<br \/>\nHaramn sagt: &#8218;(prustet los und schl\u00e4gt Tjoren auf die Schulter.&#8216;<br \/>\nDu sagst: &#8218;&#8230; oder m\u00fcssen Frauen euch f\u00fcrchten?&#8216;<br \/>\nDu sagst: &#8218;Sprach der Zauberer wahr, als er von den Gr\u00e4ueltaten gegen mein Volk berichtete?&#8216;<br \/>\nHaramn sagt: &#8218;(Lachen erstirbt)&#8216;<br \/>\nVilheith sitzt aufrecht hinter Haram, wirkt aber auf die, die sie mittlerweile etwas kennen durchaus entspannter<br \/>\nHrimholt sagt: &#8218;Eure Anwesenheit hier f\u00fchrt zu Unruhe unter den M\u00e4nnern.&#8216;<br \/>\nLorron rollt mit den Augen<br \/>\nVilheith zieht die Augenbrauen hoch<br \/>\nTjoren sieht im Gro\u00dfen und Ganzen ganz entspannt aus und genehmigt sich noch einen Schluck.<br \/>\nHrimholt sagt: &#8218;Es ist nicht \u00fcblich, dass unsere Frauen im Feldlager mit sind&#8216;<br \/>\nVilheith s Augen verengen sich<br \/>\nJarmun sagt: &#8218;Ernsthaft, Hauptmann? Der Junge hat sich beschwert oder weshalb haben wir jetzt das Gespr\u00e4ch hier?&#8216;<br \/>\nDu sagst: &#8218;Ich habe mir meinen Platz erk\u00e4mpft, Wei\u00dfhaar&#8230;&#8216;<br \/>\nLorron sagt: &#8218;Laut Hauptmann Hrimholt waren da einige mit der Situation \u00fcberfordert. Ich halte es aber f\u00fcr eine Kleinigkeit, die sich l\u00f6sen l\u00e4sst.&#8216;<br \/>\nHrimholt sagt: &#8218;Der gr\u00fcne Junge ist nur der erste, der \u00fcber eine solche&#8230; Unp\u00e4sslichkeit stolpert&#8216;<br \/>\nVilheith starrt Hrimholt an<br \/>\nTjoren sagt: &#8218;Ach was. Sp\u00e4testens beim dritten oder vierten haben die begriffen, womit sie es zu tun haben. Das spricht sich rum. Und bis dahin passen wir halt auf die Jungs auf. (Er grinst)&#8216;<br \/>\nHrimholt sagt: &#8218;Und wie weit werdet ihr gehen&#8230;?&#8216;<br \/>\nVilheith beobachtet Hrimholt, bemerkt den gepressten Tonfall etc&#8230;.<br \/>\nDu sagst: &#8218;Ihr sprecht \u00fcber keine M\u00f6glichkeit&#8230; sondern die Vergangenheit&#8230; ihr habt jemanden verloren&#8230;&#8216;<br \/>\nHrimholt s Kopf f\u00e4hrt zu ihr herum, nachdem er Tjoren seine Aufmerksamkeit zugewandt hatte<br \/>\nVilheith schaut ihn an, doch ihre Miene hat nicht mehr den Zug Herausforderung wie zuvor<br \/>\nHaramn blinzelt. Stimmt. Irgendetwas war da mal. Er setzt sich auch auf.<br \/>\nHrimholt sagt: &#8218;Ihr m\u00f6gt denken, die Lage in den Griff zu kriegen&#8230; ich hoffe, ihr behaltet Recht. Danke f\u00fcr die Einladung. Hauptmann&#8230; morgen bei Sonnenaufgang ist ein Treffen beim K\u00f6nig anberaumt. *er erhebt sich langsam, deutlich zusammenzuckend, als er das Bein bewegt*&#8216;<br \/>\nLorron erhebt sich auch<br \/>\nHrimholt s MIene ist wie eingefroren<br \/>\nVilheith s Augen folgen Hrimholt<br \/>\nHaramn starrt Hrinholt verbl\u00fcfft hinterher.<br \/>\nTjoren setzt den Schlauch ab und starrt ihnen nach<br \/>\nJarmun kneift die Augen zusammen und sch\u00fcttelt den Kopf.<br \/>\nHrimholt schaut sich um.<br \/>\nHrimholt schaut sich um.<br \/>\nHrimholt schaut sich um.<br \/>\nLorron sagt: &#8218;Hauptmann Hrimholt&#8230;&#8216;<br \/>\nHrimholt hinkt langsam durch den Schlamm, den den wieder einsetzende Regen weiter verd\u00fcnnt<br \/>\nLorron erz\u00e4hlt eine Geschichte.<br \/>\nLorron sch\u00fcttelt den Kopf. Auf gar keinen Fall.<br \/>\nHrimholt h\u00e4lt inne, als er die n\u00e4chste Zeltreihe erreicht und dreht sich leicht zu Lorron um<br \/>\nLorron blickt ungl\u00fccklich drein.<br \/>\nLorron sagt: &#8218;Und ich werde Vilheith nicht fortschicken oder was immer euch beruhigen w\u00fcrde. Aber ich werde sie auch nicht allein durch&#8217;s Lager streifen lassen, und wir werden dazwischen gehen, falls wirklich jemandhandgreiflich wird. Aber des halb bin ich nicht hier. Entschuldigt bitte. Als ich euch ans Feuer bat konnte ich nicht wissen,&#8216;<br \/>\nLorron sagt: &#8218;&#8230; dass sie Recht hat und eure Sorge einem pers\u00f6nlichen Grund entspringt.&#8216;<br \/>\nLorron sagt: &#8218;Wir wollten euch nicht verletzen.&#8216;<br \/>\nLorron seufzt.<br \/>\nHrimholt dreht sich nicht zu ihm um, hinkt dann weiter<br \/>\nLorron steht im Regen und schaut ihm ratlos hinterher.<br \/>\nVilheith schaut dem alten Mann nach, wie er zwischen den Zelten verschwindet, ihr Mund ist schmal zusammengekniffen, aber es ist kein Triumph, der ihrem Gesicht abzulesen ist.<br \/>\nHaramn steht auf.<br \/>\nHaramn sagt: &#8218;bin gleich wieder da.&#8216;<br \/>\nHaramn sagt: &#8218;Lorron?&#8216;<br \/>\nHaramn sagt: &#8218;Hat er noch etwas gesagt?&#8216;<br \/>\nLorron sch\u00fcttelt den Kopf.<br \/>\nHaramn sagt: &#8218;Er wird&#8217;s wegstecken.&#8216;<br \/>\nHaramn sagt: &#8218;Ich denke&#8230; nun&#8230; das war ganz am Anfang meiner Zeit bei Geol&#8230; hab\u00c4&#8217;s vergessen gehabt&#8230;&#8216;<br \/>\nHaramn sagt: &#8218;damals ist was vorgefallen, wo eigentlich keiner dr\u00fcber reden wollte. Er hatte zwei S\u00f6hne. Danach hatte er keinen mehr, weil einer tot war und er den anderen fortgejagt hat. Es ging um eine Frau, mehr erinnere ich nicht.&#8216;<br \/>\nHaramn sagt: &#8218;oder&#8230; wart mal, das war ein Duell, und Cenham hat \u00fcberlebt&#8230; wie hie\u00df der andere noch? Der den es aus Versehen getroffen hatte? Uuuh, keine Ahnung mehr. Aber du kennst Hrimholt ja. Ich sch\u00e4tze, der Cenham, den er weggejagt hat, der hat nicht aufgeh\u00f6rt zu rennen, bis er das Ende von Land unter seinen F\u00fc\u00dfen erreicht hatte. Du hast Hrimholt nicht erlebt als er j\u00fcnger war. Du warst&#8216;<br \/>\nHaramn sagt: &#8217;noch ein Kind. Komm zur\u00fcck ans Lager. Er wird sich beruhigen.&#8216;<br \/>\nHaramn sagt: &#8218;hm?&#8216;<br \/>\nHaramn sagt: &#8218;Woran denkst du?&#8216;<br \/>\nVilheith erhebt sich, als sie zur\u00fcckkommen<br \/>\nDu sagst: &#8218;Ich wei\u00df nicht&#8230; wie ihr die Dinge in eurem Land regelt. Es liegt keine Ehre darin,&#8230; *k\u00e4mpft mit den Worten in der fremden Sprache und wechselt in ihre Sprache* den Finger in eine Wunde zu bohren.&#8216;<br \/>\nLorron seufzt.<br \/>\nDu sagst: &#8218;Meine Worte sollte ihn herausfordern, nicht eine alte Verletzung ausnutzen&#8216;<br \/>\nLorron sagt: &#8218;Darum bin ich ihm nachgegangen. Aber er will nichts mehr h\u00f6ren.&#8216;<br \/>\nLorron sagt: &#8218;Ich h\u00e4tte nie gdacht, dass man Hrimholt so treffen kann.&#8216;<br \/>\nHaramn sagt: &#8218;Es ist nicht deine Schuld, Vilheith. Wenn, dann ist es meine. Ich habe mich zu sp\u00e4t erinnert, dass er beide S\u00f6hne verloren hat, weil sie sich um eine Frau stritten.&#8216;<br \/>\nVilheith starrt zwischen die Zelte, wo Hrimholt verschwunden ist<br \/>\nDu sagst: &#8218;*spricht leise* Wenn ich gehen soll&#8230;&#8216;<br \/>\nJarmun sammelt die Sachen zusammen. Der Abend ist gelaufen.<br \/>\nLorron sagt: &#8218;Nein.&#8216;<br \/>\nHaramn sagt: &#8218;Nein!&#8216;<br \/>\nHaramn sagt: &#8218;Gebt ihm Zeit.&#8216;<br \/>\nTjoren schaut auf.<br \/>\nTjoren sagt: &#8218;Und wie lange denn noch? Wenn er das seit Jahren nicht verdaut hat?&#8216;<br \/>\nTjoren sagt: &#8218;Da \u00e4ndert sich nichts mehr an dem. Kommt, ist nicht unsere Schuld. (blickt zum Himmel) Der Regen nimmt zu. Lasst uns in den Zelten verschwinden.&#8216;<br \/>\nTjoren sagt: &#8218;(knurrt leise) Manchmal hilft die Zeit nicht, Haram. Aber lassen wir das.&#8216;<br \/>\nLorron r\u00fchrt mit der Stiefelspitze im Schlamm.<br \/>\nHaramn sagt: &#8218;Das l\u00e4sst dir jetzt keine Ruhe, hm?&#8216;<br \/>\nLorron knurrt.<br \/>\nLorron sagt: &#8218;Lass gut sein, Haram.&#8216;<br \/>\nLorron schnappt sich ein paar Dinge, r\u00e4umt sie fort und verschwindet in seinem Zelt.<br \/>\nLorron gr\u00fcbelt noch ein wenig \u00fcber die Dinge nach. Er wird bei n\u00e4chster Gelegenheit Daro fragen, was er \u00fcber jenen Cenham wei\u00df. Nicht, dass es etwas \u00e4ndern w\u00fcrde.<br \/>\nVilheith zieht sich ebenfalls in ihre Unterkunft zur\u00fcck<\/p>\n","protected":false},"excerpt":{"rendered":"<p>### Chat-Protokoll: Registerkarte 13. 01., 06: 13 PM ### Vilheith schaut zu dem alten Soldaten, der sich umst\u00e4ndlich auf dem Balken am Feuer niederl\u00e4sst. Hrimholt streckt das verletzte Bein aus, offenbar ist anwinkeln nicht m\u00f6glich Lorron sagt: &#8218;&#8220;Ich hoffe, ihr habt unserem Gast noch etwas \u00fcbriggelassen?&#8216; Lorron blickt in die Runde Hrimholt hat kurz in &hellip; <a href=\"https:\/\/www.falkenruhs-wacht.de\/wpr\/?page_id=6576\" class=\"more-link\"><span class=\"screen-reader-text\">Am Lagerfeuer mit Hrimholt<\/span> weiterlesen <span class=\"meta-nav\">&rarr;<\/span><\/a><\/p>\n","protected":false},"author":1,"featured_media":0,"parent":4597,"menu_order":0,"comment_status":"closed","ping_status":"closed","template":"","meta":{"footnotes":""},"class_list":["post-6576","page","type-page","status-publish","hentry"],"_links":{"self":[{"href":"https:\/\/www.falkenruhs-wacht.de\/wpr\/index.php?rest_route=\/wp\/v2\/pages\/6576","targetHints":{"allow":["GET"]}}],"collection":[{"href":"https:\/\/www.falkenruhs-wacht.de\/wpr\/index.php?rest_route=\/wp\/v2\/pages"}],"about":[{"href":"https:\/\/www.falkenruhs-wacht.de\/wpr\/index.php?rest_route=\/wp\/v2\/types\/page"}],"author":[{"embeddable":true,"href":"https:\/\/www.falkenruhs-wacht.de\/wpr\/index.php?rest_route=\/wp\/v2\/users\/1"}],"replies":[{"embeddable":true,"href":"https:\/\/www.falkenruhs-wacht.de\/wpr\/index.php?rest_route=%2Fwp%2Fv2%2Fcomments&post=6576"}],"version-history":[{"count":2,"href":"https:\/\/www.falkenruhs-wacht.de\/wpr\/index.php?rest_route=\/wp\/v2\/pages\/6576\/revisions"}],"predecessor-version":[{"id":6578,"href":"https:\/\/www.falkenruhs-wacht.de\/wpr\/index.php?rest_route=\/wp\/v2\/pages\/6576\/revisions\/6578"}],"up":[{"embeddable":true,"href":"https:\/\/www.falkenruhs-wacht.de\/wpr\/index.php?rest_route=\/wp\/v2\/pages\/4597"}],"wp:attachment":[{"href":"https:\/\/www.falkenruhs-wacht.de\/wpr\/index.php?rest_route=%2Fwp%2Fv2%2Fmedia&parent=6576"}],"curies":[{"name":"wp","href":"https:\/\/api.w.org\/{rel}","templated":true}]}}