{"id":6573,"date":"2019-11-20T11:31:56","date_gmt":"2019-11-20T10:31:56","guid":{"rendered":"http:\/\/www.falkenruhs-wacht.de\/wpr\/?page_id=6573"},"modified":"2019-11-20T11:32:21","modified_gmt":"2019-11-20T10:32:21","slug":"und-so-sehen-wir-uns-wieder","status":"publish","type":"page","link":"https:\/\/www.falkenruhs-wacht.de\/wpr\/?page_id=6573","title":{"rendered":"&#8230; und so sehen wir uns wieder&#8230;"},"content":{"rendered":"<p>### Chat-Protokoll: Registerkarte 20. 10., 10: 46 AM ###<br \/>\n[An Gef\u00e4hrten] &#8218;*Kampfesl\u00e4rm und \u00e4ngstliche Rufe von Frauen und Kindern hatten sie angezogen. Vardal und Urvun hatten sie immer noch nicht wieder gefunden, daf\u00fcr Trevvis und &#8230; Eine Gruppe Dunl\u00e4nder versuchte vergeblich einen engen Durchgang zu passieren, hinter dem offenkundig eine H\u00f6hle lag, die mit Frauen und Kindern bev\u00f6lkert war. Zuerst war nicht erkennbar was sie am Durchgang hinderten, doc&#8216;<br \/>\n[An Gef\u00e4hrten] &#8218;&#8230;doch dann ert\u00f6nte eine raue Stimme aus dem Durchgang, die die Dunl\u00e4nder in ihrer eigenen Sprache verfluchte und sie Narren schalt&#8230;&#8216;<br \/>\n[An Gef\u00e4hrten] &#8218;&#8230;Kampf&#8230;&#8216;<br \/>\n[An Gef\u00e4hrten] &#8218;Nicht lange un der letzte Dunl\u00e4nder lag am Boden. Die Frau, die den Durchgangverteidigt hatte, lehnte sich wachsam gegen einen der vorstehenden Felsen. Sie trug Spuren des harten Kampfes.&#8216;<br \/>\n[Gef\u00e4hrten] Lorron: &#8218;Haram schnauft, als der letzte Gegner besiegt ist. Er kann immer noch nicht ganz fassen, wer da offenbar auf Seiten der Frauen und Kinder gek\u00e4mpft hat. Mit ungl\u00e4ubigem L\u00e4cheln sch\u00fcttelt er den Kopf. &#8222;Ich dachte, dass ich dich geh\u00f6rt habe&#8230; Vilheith, was&#8230;&#8220; Er bricht ab, als er sieht, dass sie verletzt ist. &#8222;Brauchst du Hilfe?&#8220;&#8218;<br \/>\n[Gef\u00e4hrten] Lorron: &#8218;Erst Aswigs entsetztes Schnaufen erinnert ihn an die Gegenwart seines Freundes, aber er beschlie\u00dft, ihn vorerst zu ignorieren.&#8216;<br \/>\n[An Gef\u00e4hrten] &#8218;*schaut beim Klang von Harams Stimme von den Toten &#8211; ihren Leuten, mit denen sie noch kurz zuvor gegen Rohirrim gek\u00e4mpft hatte &#8211; hoch. Ihr Blick geht zu Haram. &#8222;&#8230; und so sehen wir uns wieder, Flachshaar&#8230;&#8220;*&#8216;<br \/>\n[Gef\u00e4hrten] Lorron: &#8218;Aswig: Was zum&#8230;?! (blickt zwischen beiden hin und her) Verdammt, da scheint irgendetwas in (Name des dunl\u00e4ndischen Dorfes) passiert zu sein, von dem ich nichts mitbekommen habe&#8230; er nennt sie beim Namen und klingt besorgt dabei?!!&#8216;<br \/>\n[An Gef\u00e4hrten] &#8218;*ist offensichtlich ersch\u00f6pft&#8230; und wer wei\u00df, vielleicht geschickt \u00fcber das was sie getan hat&#8230;*&#8216;<br \/>\n[An Gef\u00e4hrten] &#8218;*ist offensichtlich ersch\u00f6pft&#8230; und wer wei\u00df, vielleicht geschockt \u00fcber das was sie getan hat&#8230;*&#8216;<br \/>\n[An Gef\u00e4hrten] &#8218;*sieht sich um, die Waffen noch immer in H\u00e4nden haltend, doch eher, als habe sie sie vergessen.*&#8216;<br \/>\n[Gef\u00e4hrten] Lorron: &#8218;Er nickt. &#8222;Ich hatte bef\u00fcrchtet, es w\u00e4re als Gegner \u00fcber die Klingen unserer Waffen falls jemals&#8230; aber es ist nicht so, oder?&#8216;<br \/>\n[An Gef\u00e4hrten] &#8218;*schaut ihn lange an, sch\u00fcttelt dann den Kopf* Es ist vorbei&#8230; wie immer diese Nacht enden mag&#8230;&#8216;<br \/>\n[Gef\u00e4hrten] Lorron: &#8218;Er legt den Kopf schief als er ihren Tonfall h\u00f6rt.&#8216;<br \/>\n[An Gef\u00e4hrten] &#8218;*macht sich nun rein mechanisch daran, die Klingen ihrer Waffen zu s\u00e4ubern und diese wegzustecken*&#8216;<br \/>\n[Gef\u00e4hrten] Lorron: &#8218;&#8220;Ich h\u00e4tte dir gew\u00fcnscht, dass der Tag, an dem du die Drachen hinter dir l\u00e4sst&#8230; nun ja&#8230;. dass es anders f\u00fcr dich ist&#8230;&#8216;<br \/>\n[An Gef\u00e4hrten] &#8218;*kniet sich bei den Toten in ihrer N\u00e4he hin*&#8230; sie lachten \u00fcber meine Worte, als ich sie warnte&#8230; diese Orks brauchen niemanden&#8230; dieser Zauberer braucht niemanden&#8230; die Clans werden ebenso untergehen wie deine Leute, selbst wenn sie siegreich sind&#8230;&#8216;<br \/>\n[An Gef\u00e4hrten] &#8218;*verachtend, sie spuckt aus*&#8230; sie begriffen nichts&#8230; dachten, sie k\u00f6nnten den leichten Weg gehen&#8230; *eine unscheinbare Handbewegung geht zu den Frauen und Kindern in der H\u00f6hle hinter dem Durchgang*&#8216;<br \/>\n[Gef\u00e4hrten] Lorron: &#8218;Er seufzt, denn das, was er von seinen Leuten bisher gesehen hat, gibt ihren Worten Recht. Das gr\u00f6\u00dfere Spiel, das da um sie herum tobt, scheint keine R\u00fccksicht auf ihre beiden V\u00f6lker zu nehmen. Was der Morgen bringen wird? Er wei\u00df es auch nicht. &#8222;Du warst da, als ich zu sp\u00e4t gekommen w\u00e4re, ihnen zu helfen. F\u00fcr diese Menschen in der H\u00f6hle warst du der Unterschied&#8230; ich frage mich,&#8216;<br \/>\n[Gef\u00e4hrten] Lorron: &#8218;, ob&#8230;. Vilheith, du hast einfach nur Recht, f\u00fcrchte ich. Bei allem, was ich heute gesehen habe, glaube ich auch nicht&#8230; ich denke, wenn unsere V\u00f6lker weiterhin ihre K\u00e4mpfe austragen, ungeachtet dieser anderen Bedrohung&#8230; ja dann haben wir keine Chance. Ich wei\u00df nicht ob es dazu kommen kann, aber \u00fcberleben werden wir nur, wenn die Waffen zwischen uns ruhen.&#8216;<br \/>\n[An Gef\u00e4hrten] &#8218;*ihr Blick geht zu ihm* Sie werden nicht h\u00f6ren&#8230; der Hass sitzt zu tief&#8230;&#8216;<br \/>\n[Gef\u00e4hrten] Lorron: &#8218;&#8230; und dabei wissen wir nicht einmal, ob es f\u00fcr uns noch ein Morgen geben wird. Komm, lass uns nach denen sehen, die du gerettet hast. &#8211; An den Anblick von Dunl\u00e4ndern werden sie sich gew\u00f6hnen m\u00fcssen, wir haben noch welche dabei, die eine Rache mit den Drachen zu begleichen hatten&#8230;&#8216;<br \/>\n[An Gef\u00e4hrten] &#8218;*h\u00e4lt inne in der Bewegung, einem der Dunl\u00e4nder, der noch nicht tot war, die Kehle durchzuschneiden*&#8216;<br \/>\n[An Gef\u00e4hrten] &#8218;*streichen*&#8216;<br \/>\n[Gef\u00e4hrten] Lorron: &#8218;&#8230; der Hass ist da, ganz ohne Zweifel&#8230;ach verdammt, ich hab ihn auch schlucken m\u00fcssen, das k\u00f6nnen doch andere auch. (blickt sich nach Aswig um)&#8216;<br \/>\n[An Gef\u00e4hrten] &#8218;*ihre Augen folgen seinemm Blick*&#8216;<br \/>\n[Gef\u00e4hrten] Lorron: &#8218;Aswig: hebt abwehrend die H\u00e4nde: lass mich aus dem Spiel. (sieht sich nach den anderen um.&#8216;<\/p>\n","protected":false},"excerpt":{"rendered":"<p>### Chat-Protokoll: Registerkarte 20. 10., 10: 46 AM ### [An Gef\u00e4hrten] &#8218;*Kampfesl\u00e4rm und \u00e4ngstliche Rufe von Frauen und Kindern hatten sie angezogen. Vardal und Urvun hatten sie immer noch nicht wieder gefunden, daf\u00fcr Trevvis und &#8230; Eine Gruppe Dunl\u00e4nder versuchte vergeblich einen engen Durchgang zu passieren, hinter dem offenkundig eine H\u00f6hle lag, die mit Frauen &hellip; <a href=\"https:\/\/www.falkenruhs-wacht.de\/wpr\/?page_id=6573\" class=\"more-link\"><span class=\"screen-reader-text\">&#8230; und so sehen wir uns wieder&#8230;<\/span> weiterlesen <span class=\"meta-nav\">&rarr;<\/span><\/a><\/p>\n","protected":false},"author":1,"featured_media":0,"parent":4901,"menu_order":0,"comment_status":"closed","ping_status":"closed","template":"","meta":{"footnotes":""},"class_list":["post-6573","page","type-page","status-publish","hentry"],"_links":{"self":[{"href":"https:\/\/www.falkenruhs-wacht.de\/wpr\/index.php?rest_route=\/wp\/v2\/pages\/6573","targetHints":{"allow":["GET"]}}],"collection":[{"href":"https:\/\/www.falkenruhs-wacht.de\/wpr\/index.php?rest_route=\/wp\/v2\/pages"}],"about":[{"href":"https:\/\/www.falkenruhs-wacht.de\/wpr\/index.php?rest_route=\/wp\/v2\/types\/page"}],"author":[{"embeddable":true,"href":"https:\/\/www.falkenruhs-wacht.de\/wpr\/index.php?rest_route=\/wp\/v2\/users\/1"}],"replies":[{"embeddable":true,"href":"https:\/\/www.falkenruhs-wacht.de\/wpr\/index.php?rest_route=%2Fwp%2Fv2%2Fcomments&post=6573"}],"version-history":[{"count":2,"href":"https:\/\/www.falkenruhs-wacht.de\/wpr\/index.php?rest_route=\/wp\/v2\/pages\/6573\/revisions"}],"predecessor-version":[{"id":6575,"href":"https:\/\/www.falkenruhs-wacht.de\/wpr\/index.php?rest_route=\/wp\/v2\/pages\/6573\/revisions\/6575"}],"up":[{"embeddable":true,"href":"https:\/\/www.falkenruhs-wacht.de\/wpr\/index.php?rest_route=\/wp\/v2\/pages\/4901"}],"wp:attachment":[{"href":"https:\/\/www.falkenruhs-wacht.de\/wpr\/index.php?rest_route=%2Fwp%2Fv2%2Fmedia&parent=6573"}],"curies":[{"name":"wp","href":"https:\/\/api.w.org\/{rel}","templated":true}]}}