{"id":4888,"date":"2016-08-01T09:17:20","date_gmt":"2016-08-01T07:17:20","guid":{"rendered":"http:\/\/www.falkenruhs-wacht.de\/wpr\/?page_id=4888"},"modified":"2016-08-25T08:04:01","modified_gmt":"2016-08-25T06:04:01","slug":"uebersicht-ueber-lorrons-einheit-ab-helms-klamm","status":"publish","type":"page","link":"https:\/\/www.falkenruhs-wacht.de\/wpr\/?page_id=4888","title":{"rendered":"\u00dcbersicht \u00fcber Lorrons Einheit, ab Helms Klamm"},"content":{"rendered":"<p>Hamnath als Geols Lehrling<\/p>\n<p>Erkenbrands Sp\u00e4her, im Gewirr abhanden gekommen und von Jarl in Sicherheit gebracht. Hereward verletzt:<br \/>\nJarl, gro\u00df, dunkler Teint, dunkles Haar mit grauen Str\u00e4hnen, guter J\u00e4ger, unabh\u00e4ngig, schlie\u00dft sich Milit\u00e4r nach Bedarf an, verheiratet, drei T\u00f6chter<br \/>\nGerfrith, schlank, hellblond, Mitte 30, leutselig, offenherzig, guter Speerk\u00e4mpfer<br \/>\nHereward, ca.40, blond, unglaublich geduldig, sehr aufmerksam<\/p>\n<p>Der Rest einer Patrouille der Westfold, die in den K\u00e4mpfen aufgerieben wurde und nun f\u00fchrerlos ist:<br \/>\nInglad, schlank, blond, grade 18, etwas verunsichert<br \/>\nIngbold, sein Onkel, kr\u00e4ftig, sehr dunkle Augen, f\u00e4llt auf dem Pelennor<br \/>\nBjerkal, kr\u00e4ftig, laut, dominant, dunkelblond, geht gern Wagnis ein<br \/>\nWoldmer, Anfang 20, blond, quirlig, freundlich, f\u00fcr alles zu begeistern aber leider kein herausragender Krieger<br \/>\nKjelland, r\u00f6tliche Haare, Mitl\u00e4ufer, eher still, sehr guter Schwertk\u00e4mpfer<br \/>\nPedraig, braune Haare, Mitte 20, Mitl\u00e4ufer, eher ruhig<\/p>\n<p>von der Furt geflohen, ehemals Theodred, vor\u00fcbergehend Grimbold angeschlossen, haben noch Pferde, die ihnen aber v\u00f6llig durchgegangen sind und zielstrebig nach S\u00fcden liefen<br \/>\nAlden , ca. 40, kr\u00e4ftig, eher kleiner, hellbraunes Haar, Frau und Kinder in Edoras<br \/>\nEaldwine, Ende 20, schlank, hochgewachsen, hellhaarig, freundlich<\/p>\n<p>einer von Elfhelms Boten, von Wargreitern vom Pferd geholt, verletzt und verst\u00f6rt:<br \/>\nRohin, r\u00f6tliche Haare, eher scheu, guter Reiter und Bogensch\u00fctze<\/p>\n<p>Leochtmar, graue Haare, wendig und drahtig, verschmitzt, wettet gern<br \/>\nSeren, ca. 30, rotblondes Haar, auff\u00e4llig gro\u00dfe Nase, freundlich, hilfsbereit, ordentlich<br \/>\nJarmun, ca.45, gro\u00df und kr\u00e4ftig, blond, eher schweigsam, immer zur Stelle wenn gebraucht, Tochter: Birca<\/p>\n<p>(dazu die alten Angeh\u00f6rigen: Geol, Trevvis, Rulavan, Tjoren, Jestim<br \/>\nund einige unbenannte M\u00e4nner, die nach Helm&#8217;s Klamm zu ihren alten Einheiten zur\u00fcckkehren)<\/p>\n<p>ab Dunharg: aufgestockt mit Leuten aus den T\u00e4lern und Orten, die zur Musterung kamen:<br \/>\nDaerolt der Dorfvorsteher und seine M\u00e4nner, dazu Ormund (unge\u00fcbt, unf\u00e4hig, mit Schwert umzugehen)<br \/>\nRunen, kr\u00e4ftig, \u00fcberragend mit Stock in der Hand und allem, was sich \u00e4hnlich anfasst<br \/>\nAndvar, Forellenfischer aus dem wei\u00dfen Gebirge, schon \u00e4lter, eisgraues Haar, Stute Hilda: schon \u00e4lter, beide durch wenig aus der Ruhe zu bringen<\/p>\n","protected":false},"excerpt":{"rendered":"<p>Hamnath als Geols Lehrling Erkenbrands Sp\u00e4her, im Gewirr abhanden gekommen und von Jarl in Sicherheit gebracht. Hereward verletzt: Jarl, gro\u00df, dunkler Teint, dunkles Haar mit grauen Str\u00e4hnen, guter J\u00e4ger, unabh\u00e4ngig, schlie\u00dft sich Milit\u00e4r nach Bedarf an, verheiratet, drei T\u00f6chter Gerfrith, schlank, hellblond, Mitte 30, leutselig, offenherzig, guter Speerk\u00e4mpfer Hereward, ca.40, blond, unglaublich geduldig, sehr aufmerksam &hellip; <a href=\"https:\/\/www.falkenruhs-wacht.de\/wpr\/?page_id=4888\" class=\"more-link\"><span class=\"screen-reader-text\">\u00dcbersicht \u00fcber Lorrons Einheit, ab Helms Klamm<\/span> weiterlesen <span class=\"meta-nav\">&rarr;<\/span><\/a><\/p>\n","protected":false},"author":12,"featured_media":0,"parent":4916,"menu_order":99,"comment_status":"closed","ping_status":"closed","template":"","meta":{"footnotes":""},"class_list":["post-4888","page","type-page","status-publish","hentry"],"_links":{"self":[{"href":"https:\/\/www.falkenruhs-wacht.de\/wpr\/index.php?rest_route=\/wp\/v2\/pages\/4888","targetHints":{"allow":["GET"]}}],"collection":[{"href":"https:\/\/www.falkenruhs-wacht.de\/wpr\/index.php?rest_route=\/wp\/v2\/pages"}],"about":[{"href":"https:\/\/www.falkenruhs-wacht.de\/wpr\/index.php?rest_route=\/wp\/v2\/types\/page"}],"author":[{"embeddable":true,"href":"https:\/\/www.falkenruhs-wacht.de\/wpr\/index.php?rest_route=\/wp\/v2\/users\/12"}],"replies":[{"embeddable":true,"href":"https:\/\/www.falkenruhs-wacht.de\/wpr\/index.php?rest_route=%2Fwp%2Fv2%2Fcomments&post=4888"}],"version-history":[{"count":7,"href":"https:\/\/www.falkenruhs-wacht.de\/wpr\/index.php?rest_route=\/wp\/v2\/pages\/4888\/revisions"}],"predecessor-version":[{"id":4927,"href":"https:\/\/www.falkenruhs-wacht.de\/wpr\/index.php?rest_route=\/wp\/v2\/pages\/4888\/revisions\/4927"}],"up":[{"embeddable":true,"href":"https:\/\/www.falkenruhs-wacht.de\/wpr\/index.php?rest_route=\/wp\/v2\/pages\/4916"}],"wp:attachment":[{"href":"https:\/\/www.falkenruhs-wacht.de\/wpr\/index.php?rest_route=%2Fwp%2Fv2%2Fmedia&parent=4888"}],"curies":[{"name":"wp","href":"https:\/\/api.w.org\/{rel}","templated":true}]}}