{"id":485,"date":"2015-03-01T20:12:46","date_gmt":"2015-03-01T19:12:46","guid":{"rendered":"http:\/\/www.falkenruhs-wacht.de\/wpr\/?page_id=485"},"modified":"2015-07-01T19:12:35","modified_gmt":"2015-07-01T17:12:35","slug":"band-2-anfang","status":"publish","type":"page","link":"https:\/\/www.falkenruhs-wacht.de\/wpr\/?page_id=485","title":{"rendered":"Band 2, Anfang"},"content":{"rendered":"<p>erste Woche, bei Taernen zur\u00fcck:<\/p>\n<figure id=\"attachment_438\" aria-describedby=\"caption-attachment-438\" style=\"width: 627px\" class=\"wp-caption alignnone\"><a href=\"https:\/\/www.falkenruhs-wacht.de\/wpr\/wp-content\/uploads\/2015\/03\/ScreenShot04894.jpg\" rel=\"lightbox[485]\"><img fetchpriority=\"high\" decoding=\"async\" class=\" wp-image-438\" src=\"https:\/\/www.falkenruhs-wacht.de\/wpr\/wp-content\/uploads\/2015\/03\/ScreenShot04894-300x158.jpg\" alt=\"Lorron versuchte, zu ignorieren, was er sah. Linston  f\u00fchlte sich unwohl hier, weil er noch nicht wu\u00dfte, was er von diesen Leuten zu erwarten hatte. Er seufzte, als er sich erinnerte.  Die ersten Tage, nachdem sie ihre Tarnung aufgegeben hatten waren... schwierig gewesen.  Linston hatte zugesehen, wie effektiv und vor allem ohne Vorwarnung Lorron seine Gegner beseitigt hatte. Es war ihm kaum zu verdenken, dass er von da an zusammenzuckte, wann immer Lorron bei ihm auftauchte. Nichtsdestotrotz hatte ihm Taelwig die Verantwortung f\u00fcr den Jungen \u00fcberlassen.  Der Gipfel war der Tag gewesen, an dem er mit ihm zum Wildbach gegangen war, Wasser holen. Linston war auf den nassen Steinen ausgerutscht, als er die vollen Eimer herausziehen wollte, und als Lorron mit einem Ausruf schnell hinzugesprungen war, um ihn festzuhalten, hatte er sich panisch weggeduckt und war dadurch erst recht in Gefahr geraten. Er war auf einem gro\u00dfen, platten Stein niedergesunken und hatte Lorron unsicher angesehen,  schlotternd vor N\u00e4sse und Angst. &quot;Der Eimer... der ist jetzt verloren, tut mir leid... kommt nicht wieder vor...&quot; Lorron war best\u00fcrzt.  Zum einen, weil der Junge ihn ganz deutlich mehr f\u00fcrchtete, als einen Sturz in das eiskalte Wasser des Baches, zum anderen, wenn er die verschiedenen kleinen Verletzungen und die aufgesprungenen Lippen \u00fcberdachte, die Linston schon vor ihrer ersten Begegnung gehabt hatte.  Er mochte gar nicht wissen, wie dessen Alltag so ausgesehen hatte... &quot;Der Eimer ist mir v\u00f6llig egal&quot;, sagte er. &quot;Hauptsache, dir ist nichts passiert. Was ist mit dem Fu\u00df? Kannst du ihn bewegen?&quot; Linston versuchte es, nickte, verzog aber das Gesicht vor Schmerz. &quot;Ich sehe mal, was ich tun kann&quot;, hatte Lorron ihm versprochen.\" width=\"627\" height=\"330\" srcset=\"https:\/\/www.falkenruhs-wacht.de\/wpr\/wp-content\/uploads\/2015\/03\/ScreenShot04894-300x158.jpg 300w, https:\/\/www.falkenruhs-wacht.de\/wpr\/wp-content\/uploads\/2015\/03\/ScreenShot04894-1024x539.jpg 1024w, https:\/\/www.falkenruhs-wacht.de\/wpr\/wp-content\/uploads\/2015\/03\/ScreenShot04894-57x30.jpg 57w, https:\/\/www.falkenruhs-wacht.de\/wpr\/wp-content\/uploads\/2015\/03\/ScreenShot04894-1250x658.jpg 1250w, https:\/\/www.falkenruhs-wacht.de\/wpr\/wp-content\/uploads\/2015\/03\/ScreenShot04894-400x211.jpg 400w, https:\/\/www.falkenruhs-wacht.de\/wpr\/wp-content\/uploads\/2015\/03\/ScreenShot04894.jpg 1903w\" sizes=\"(max-width: 627px) 100vw, 627px\" \/><\/a><figcaption id=\"caption-attachment-438\" class=\"wp-caption-text\">Lorron versuchte, zu ignorieren, was er sah. Linston f\u00fchlte sich unwohl hier, weil er noch nicht wu\u00dfte, was er von diesen Leuten zu erwarten hatte. Er seufzte, als er sich erinnerte. Die ersten Tage, nachdem sie ihre Tarnung aufgegeben hatten waren&#8230; schwierig gewesen. Linston hatte zugesehen, wie effektiv und vor allem ohne Vorwarnung Lorron seine Gegner beseitigt hatte. Es war ihm kaum zu verdenken, dass er von da an zusammenzuckte, wann immer Lorron bei ihm auftauchte. Nichtsdestotrotz hatte ihm Taelwig die Verantwortung f\u00fcr den Jungen \u00fcberlassen. Der Gipfel war der Tag gewesen, an dem er mit ihm zum Wildbach gegangen war, Wasser holen. Linston war auf den nassen Steinen ausgerutscht, als er die vollen Eimer herausziehen wollte, und als Lorron mit einem Ausruf schnell hinzugesprungen war, um ihn festzuhalten, hatte er sich panisch weggeduckt und war dadurch erst recht in Gefahr geraten. Er war auf einem gro\u00dfen, platten Stein niedergesunken und hatte Lorron unsicher angesehen, schlotternd vor N\u00e4sse und Angst. &#8222;Der Eimer&#8230; der ist jetzt verloren, tut mir leid&#8230; kommt nicht wieder vor&#8230;&#8220; Lorron war best\u00fcrzt. Zum einen, weil der Junge ihn ganz deutlich mehr f\u00fcrchtete, als einen Sturz in das eiskalte Wasser des Baches, zum anderen, wenn er die verschiedenen kleinen Verletzungen und die aufgesprungenen Lippen \u00fcberdachte, die Linston schon vor ihrer ersten Begegnung gehabt hatte. Er mochte gar nicht wissen, wie dessen Alltag so ausgesehen hatte&#8230; &#8222;Der Eimer ist mir v\u00f6llig egal&#8220;, sagte er. &#8222;Hauptsache, dir ist nichts passiert. Was ist mit dem Fu\u00df? Kannst du ihn bewegen?&#8220; Linston versuchte es, nickte, verzog aber das Gesicht vor Schmerz. &#8222;Ich sehe mal, was ich tun kann&#8220;, hatte Lorron ihm versprochen.<\/figcaption><\/figure>\n<figure id=\"attachment_69\" aria-describedby=\"caption-attachment-69\" style=\"width: 513px\" class=\"wp-caption alignnone\"><a href=\"https:\/\/www.falkenruhs-wacht.de\/wpr\/wp-content\/uploads\/2015\/02\/ScreenShot04896.jpg\" rel=\"lightbox[485]\"><img decoding=\"async\" class=\" wp-image-69\" src=\"https:\/\/www.falkenruhs-wacht.de\/wpr\/wp-content\/uploads\/2015\/02\/ScreenShot04896-300x158.jpg\" alt=\"Fortsetzung von 1\" width=\"513\" height=\"270\" srcset=\"https:\/\/www.falkenruhs-wacht.de\/wpr\/wp-content\/uploads\/2015\/02\/ScreenShot04896-300x158.jpg 300w, https:\/\/www.falkenruhs-wacht.de\/wpr\/wp-content\/uploads\/2015\/02\/ScreenShot04896-1024x539.jpg 1024w, https:\/\/www.falkenruhs-wacht.de\/wpr\/wp-content\/uploads\/2015\/02\/ScreenShot04896.jpg 1903w\" sizes=\"(max-width: 513px) 100vw, 513px\" \/><\/a><figcaption id=\"caption-attachment-69\" class=\"wp-caption-text\">Lorron war gerade dabei gewesen, das Moos, dass er auf den verstauchten Kn\u00f6chel aufgelegt hatte, zu umwickeln, als Daronart aufgetaucht war. &#8222;Wollte nur mal sehen, wo ihr so lange bleibt&#8220;, hatte er gebrummt. &#8222;Hat ein wenig gedauert, bis ich das Richtige gefunden hatte&#8220;, hatte Lorron geantwortet. &#8222;Aber es gibt hier gute Sammelstellen f\u00fcr alles m\u00f6gliche.&#8220; &#8222;Ja, nur nicht f\u00fcr Wasser, wie ich sehe.&#8220; &#8222;Zwei Eimer sind noch da, schnapp sie dir, ich k\u00fcmmer&#8216; mich um den Jungen&#8220;, sagte Lorron, w\u00e4hrend er Linston aufhalf. Daronart schnaubte. &#8222;Ich denke ja gar nicht daran.&#8220;<br \/>Und so blieben die Eimer zur\u00fcck, als sie sich auf den R\u00fcckweg zur H\u00f6hle machten. Nach einigen Metern sch\u00fcttelte Lorron den Kopf und schnaufte. &#8222;Nimm dir den Mann zum Beispiel, Linston. Er wei\u00df, wie man &#8218;Nein&#8216; sagt, wenn man etwas wirklich nicht tun will.&#8220; &#8222;Aber du bist jetzt ziemlich sauer auf ihn.&#8220; &#8222;Ja, in der Tat. Ich bin&#8217;s nicht gew\u00f6hnt, ein &#8218;Nein&#8216; zu h\u00f6ren. Aber damit mu\u00df ich mich abfinden. Ich bin nicht sein Hauptmann und daher ist es sein gutes Recht, nicht zu tun, was ich ihm sage. Du kannst zwar im Augenblick nicht frei deiner Wege gehen, aber das ist ehrlich gesagt mehr zu deiner und unserer Sicherheit so. Du bist weder unser Gefangener noch unser Leibeigener, und wenn das Wassertragen oder sonst so eine Arbeit zu anstrengend f\u00fcr dich ist, dann sag so etwas ehrlich, ehe noch irgendwas passiert, in Ordnung?&#8220; Linston schwieg bedr\u00fcckt. &#8222;Was tut ihr mit mir, wenn ich zu nichts nutze bin?&#8220; fragte er schlie\u00dflich traurig. &#8222;Du findest schon raus, was du kannst, sobald es dir besser geht. Wart ab, in ein paar Tagen ist der Fu\u00df wieder in Ordnung.&#8220; Dann hatte er sich Daronart zugewandt und ihm mit der freien Hand ein B\u00fcndel Kr\u00e4uter hingehalten. &#8222;Hey! Mach dir daraus Umschl\u00e4ge, sollte gegen dein Kopfweh helfen. In der Hoffnung, dass du weniger m\u00fcrrisch bist, wenn&#8217;s nachl\u00e4sst.&#8220; Daronart hatte das B\u00fcndel genommen und Lorron war sp\u00e4ter noch einmal zur\u00fcckgegangen, um die Eimer zu holen. Und Linston&#8217;s Furcht vor ihm hatte nachgelassen. Seine Unsicherheit jedoch und das gelegentliche Stottern, wenn er sich aufregte, waren geblieben. Lorron \u00fcberlegte, ob er Taernen etwas davon erz\u00e4hlen sollte. Aber dann mu\u00dfte er auch auf Linstons Vergangenheit eingehen, und solange der Wirt nicht fragte&#8230; Lorron hielt ihn f\u00fcr erfahren genug, seine eigenen Schl\u00fcsse zu ziehen, und f\u00fcr fair genug, dem Jungen eine Chance zu geben. Er verwarf den Gedanken, ihn vorzuwarnen. Besser ging Taernen ohne Vorurteile an die Sache heran.<\/figcaption><\/figure>\n","protected":false},"excerpt":{"rendered":"<p>erste Woche, bei Taernen zur\u00fcck:<\/p>\n","protected":false},"author":12,"featured_media":0,"parent":2376,"menu_order":3,"comment_status":"closed","ping_status":"closed","template":"","meta":{"footnotes":""},"class_list":["post-485","page","type-page","status-publish","hentry"],"_links":{"self":[{"href":"https:\/\/www.falkenruhs-wacht.de\/wpr\/index.php?rest_route=\/wp\/v2\/pages\/485","targetHints":{"allow":["GET"]}}],"collection":[{"href":"https:\/\/www.falkenruhs-wacht.de\/wpr\/index.php?rest_route=\/wp\/v2\/pages"}],"about":[{"href":"https:\/\/www.falkenruhs-wacht.de\/wpr\/index.php?rest_route=\/wp\/v2\/types\/page"}],"author":[{"embeddable":true,"href":"https:\/\/www.falkenruhs-wacht.de\/wpr\/index.php?rest_route=\/wp\/v2\/users\/12"}],"replies":[{"embeddable":true,"href":"https:\/\/www.falkenruhs-wacht.de\/wpr\/index.php?rest_route=%2Fwp%2Fv2%2Fcomments&post=485"}],"version-history":[{"count":2,"href":"https:\/\/www.falkenruhs-wacht.de\/wpr\/index.php?rest_route=\/wp\/v2\/pages\/485\/revisions"}],"predecessor-version":[{"id":1732,"href":"https:\/\/www.falkenruhs-wacht.de\/wpr\/index.php?rest_route=\/wp\/v2\/pages\/485\/revisions\/1732"}],"up":[{"embeddable":true,"href":"https:\/\/www.falkenruhs-wacht.de\/wpr\/index.php?rest_route=\/wp\/v2\/pages\/2376"}],"wp:attachment":[{"href":"https:\/\/www.falkenruhs-wacht.de\/wpr\/index.php?rest_route=%2Fwp%2Fv2%2Fmedia&parent=485"}],"curies":[{"name":"wp","href":"https:\/\/api.w.org\/{rel}","templated":true}]}}