{"id":478,"date":"2015-03-01T20:03:30","date_gmt":"2015-03-01T19:03:30","guid":{"rendered":"http:\/\/www.falkenruhs-wacht.de\/wpr\/?page_id=478"},"modified":"2015-07-01T18:46:51","modified_gmt":"2015-07-01T16:46:51","slug":"utvir","status":"publish","type":"page","link":"https:\/\/www.falkenruhs-wacht.de\/wpr\/?page_id=478","title":{"rendered":"Utvir"},"content":{"rendered":"<p>Reisender H\u00e4ndler aus Rohan,\u00a0 seine Spezialit\u00e4t sind Stoffe und Musikinstrumente, weshalb zu seiner Kundschaft sogar Elben z\u00e4hlen.<\/p>\n<figure id=\"attachment_473\" aria-describedby=\"caption-attachment-473\" style=\"width: 300px\" class=\"wp-caption alignnone\"><a href=\"https:\/\/www.falkenruhs-wacht.de\/wpr\/wp-content\/uploads\/2015\/03\/ScreenShot00307.jpg\" rel=\"lightbox[478]\"><img decoding=\"async\" class=\"size-medium wp-image-473\" src=\"https:\/\/www.falkenruhs-wacht.de\/wpr\/wp-content\/uploads\/2015\/03\/ScreenShot00307-300x158.jpg\" alt=\"Zufrieden, ein gutes Gesch\u00e4ft abgeschlossen zu haben, steuerte Utvir sein Pferd durch die n\u00e4chtlichen Strassen zum Stall zur\u00fcck, wo er die Stute selbst versorgte, war sie doch schlie\u00dflich sein ganzer Stolz.\" width=\"300\" height=\"158\" srcset=\"https:\/\/www.falkenruhs-wacht.de\/wpr\/wp-content\/uploads\/2015\/03\/ScreenShot00307-300x158.jpg 300w, https:\/\/www.falkenruhs-wacht.de\/wpr\/wp-content\/uploads\/2015\/03\/ScreenShot00307-1024x539.jpg 1024w, https:\/\/www.falkenruhs-wacht.de\/wpr\/wp-content\/uploads\/2015\/03\/ScreenShot00307-57x30.jpg 57w, https:\/\/www.falkenruhs-wacht.de\/wpr\/wp-content\/uploads\/2015\/03\/ScreenShot00307-1250x658.jpg 1250w, https:\/\/www.falkenruhs-wacht.de\/wpr\/wp-content\/uploads\/2015\/03\/ScreenShot00307-400x210.jpg 400w, https:\/\/www.falkenruhs-wacht.de\/wpr\/wp-content\/uploads\/2015\/03\/ScreenShot00307.jpg 1891w\" sizes=\"(max-width: 300px) 100vw, 300px\" \/><\/a><figcaption id=\"caption-attachment-473\" class=\"wp-caption-text\">Zufrieden ein gutes Gesch\u00e4ft abgeschlossen zu haben, steuerte Utvir sein Pferd durch die n\u00e4chtlichen Strassen zum Stall zur\u00fcck, wo er die Stute selbst versorgte, war sie doch schlie\u00dflich sein ganzer Stolz.<\/figcaption><\/figure>\n","protected":false},"excerpt":{"rendered":"<p>Reisender H\u00e4ndler aus Rohan,\u00a0 seine Spezialit\u00e4t sind Stoffe und Musikinstrumente, weshalb zu seiner Kundschaft sogar Elben z\u00e4hlen.<\/p>\n","protected":false},"author":12,"featured_media":0,"parent":2793,"menu_order":0,"comment_status":"closed","ping_status":"closed","template":"","meta":{"footnotes":""},"class_list":["post-478","page","type-page","status-publish","hentry"],"_links":{"self":[{"href":"https:\/\/www.falkenruhs-wacht.de\/wpr\/index.php?rest_route=\/wp\/v2\/pages\/478","targetHints":{"allow":["GET"]}}],"collection":[{"href":"https:\/\/www.falkenruhs-wacht.de\/wpr\/index.php?rest_route=\/wp\/v2\/pages"}],"about":[{"href":"https:\/\/www.falkenruhs-wacht.de\/wpr\/index.php?rest_route=\/wp\/v2\/types\/page"}],"author":[{"embeddable":true,"href":"https:\/\/www.falkenruhs-wacht.de\/wpr\/index.php?rest_route=\/wp\/v2\/users\/12"}],"replies":[{"embeddable":true,"href":"https:\/\/www.falkenruhs-wacht.de\/wpr\/index.php?rest_route=%2Fwp%2Fv2%2Fcomments&post=478"}],"version-history":[{"count":2,"href":"https:\/\/www.falkenruhs-wacht.de\/wpr\/index.php?rest_route=\/wp\/v2\/pages\/478\/revisions"}],"predecessor-version":[{"id":1544,"href":"https:\/\/www.falkenruhs-wacht.de\/wpr\/index.php?rest_route=\/wp\/v2\/pages\/478\/revisions\/1544"}],"up":[{"embeddable":true,"href":"https:\/\/www.falkenruhs-wacht.de\/wpr\/index.php?rest_route=\/wp\/v2\/pages\/2793"}],"wp:attachment":[{"href":"https:\/\/www.falkenruhs-wacht.de\/wpr\/index.php?rest_route=%2Fwp%2Fv2%2Fmedia&parent=478"}],"curies":[{"name":"wp","href":"https:\/\/api.w.org\/{rel}","templated":true}]}}