{"id":4651,"date":"2016-06-18T22:20:47","date_gmt":"2016-06-18T20:20:47","guid":{"rendered":"http:\/\/www.falkenruhs-wacht.de\/wpr\/?page_id=4651"},"modified":"2016-06-22T09:29:11","modified_gmt":"2016-06-22T07:29:11","slug":"rohan","status":"publish","type":"page","link":"https:\/\/www.falkenruhs-wacht.de\/wpr\/?page_id=4651","title":{"rendered":"Rohan"},"content":{"rendered":"<h3>Reisende<\/h3>\n<p>H\u00e4ndler<\/p>\n<ul>\n<li>Anrarhere (aus der Westfold)<\/li>\n<li>Utvir<\/li>\n<\/ul>\n<h3>Westfold<\/h3>\n<p>Marton<\/p>\n<ul>\n<li>Creodric\n<ul>\n<li>(Aenwulf)<\/li>\n<li>(Ilamar)<\/li>\n<\/ul>\n<\/li>\n<li>Hamnath (aus kleinem Ort an Wei\u00dfem Gebirge gen Gondor r\u00fcber)<\/li>\n<li>Ailila\n<ul>\n<li>(Fencham)<\/li>\n<\/ul>\n<\/li>\n<li>(Rioghar)<\/li>\n<\/ul>\n<p>Helms Klamm (ohne Zeit um Schlacht um HK wo Zufluchtsort)<\/p>\n<ul>\n<li>Jarl: Geh\u00f6ft bei Witeberg, kleiner Ort s\u00fcd\u00f6stlich von Helms Klamm im wei\u00dfen Gebirge<\/li>\n<li>&#8230;?<\/li>\n<\/ul>\n<h3>Felssenke<\/h3>\n<p>Gapholt<\/p>\n<ul>\n<li>Wilmod<\/li>\n<\/ul>\n<p>kleiner Ort (unbenannt)<\/p>\n<ul>\n<li>Dearwulf<\/li>\n<li>Ceolward (aus Cliving)<\/li>\n<\/ul>\n<p>noch kleinerer Ort (unbenannt bisher)<\/p>\n<ul>\n<li>Holting<\/li>\n<li>Farnara<\/li>\n<li>Malarin (aus Cliving)<\/li>\n<\/ul>\n<p>Holzm\u00fchle<\/p>\n<ul>\n<li>Rawston\n<ul>\n<li>Dagonen<\/li>\n<\/ul>\n<\/li>\n<\/ul>\n<h3>K\u00f6nigstatt<\/h3>\n<p>Edoras und Umgebung<\/p>\n<ul>\n<li>Aedelraed<\/li>\n<li>Leothere<\/li>\n<li>Baelwulf<\/li>\n<\/ul>\n<h2>Ostemnet<\/h2>\n<h3>Suthofen<\/h3>\n<p>?<\/p>\n<ul>\n<li>Hrimholt\n<ul>\n<li>\u00a0?- tot\n<ul>\n<li>? &#8211; tot<\/li>\n<\/ul>\n<\/li>\n<li>(Cenham)<\/li>\n<\/ul>\n<\/li>\n<li>Torvun<\/li>\n<li>Denhere (Dennhere)<\/li>\n<li>Wulthred<\/li>\n<li>Anwine<\/li>\n<li>&#8230;<\/li>\n<\/ul>\n<p>Schneegrenze<\/p>\n<ul>\n<li>Hanant<\/li>\n<\/ul>\n<h3>Entwash Vale<\/h3>\n<p>Ohrenburg<\/p>\n<ul>\n<li>Eadlad<\/li>\n<\/ul>\n<p>Dornenwarte?<\/p>\n<ul>\n<li>Cynefrith<\/li>\n<\/ul>\n<h3>Norhofen<\/h3>\n<p>Cliving<\/p>\n<ul>\n<li>Bynstan\n<ul>\n<li>(Torvor)<\/li>\n<li>(Ceolward)<\/li>\n<\/ul>\n<\/li>\n<li>Truston\n<ul>\n<li>(Estorwarda &#8211; aus Entwash Vale?)<\/li>\n<\/ul>\n<\/li>\n<\/ul>\n<h3>Steppe<\/h3>\n<ul>\n<li>&#8230;?<\/li>\n<\/ul>\n<h3>Wildermore<\/h3>\n<p>?<br \/>\nJehan, Thrymm&#8217;s Mann<br \/>\nGaelad, Skalde, Jehans Freund<\/p>\n<ul>\n<li>Arnarin (aus Gondor)<\/li>\n<\/ul>\n<h2>Eorlsaue<\/h2>\n<p>Stangard<\/p>\n<ul>\n<li>Torvor (aus Cliving)<\/li>\n<li>Theolf (aus kleinem Ort s\u00fcdlich am Wei\u00dfen Gebirge)<\/li>\n<\/ul>\n\n<h2>Sonderf\u00e4lle:<\/h2>\n<h3>Stangard zu\u00a0 verschiedenen Zeiten vor Angriff der Ostlinge \/ Orks w\u00e4hrend Ringkrieg<\/h3>\n<ul>\n<li>(Holting &#8211; ein\/zwei Jahre vor Cynefrith weg)<\/li>\n<li>(Cynefrith &#8211; kurz vor Torvor hin weg)<\/li>\n<\/ul>\n<h3>Helms Klamm (Zufluchtsort bis nach Schlacht um HK)<\/h3>\n<ul>\n<li>Tjarn mit Familie und Schwiegert\u00f6chtern (in spe&#8230;)\n<ul>\n<li>Haenwen<\/li>\n<li>Trevvis\n<ul>\n<li>Editta<\/li>\n<\/ul>\n<\/li>\n<li>Truston (aus Cliving)\n<ul>\n<li>Estorwarda<\/li>\n<\/ul>\n<\/li>\n<\/ul>\n<\/li>\n<li>Malfritha (Steinmarks Frau)\n<ul>\n<li>Marutha<\/li>\n<\/ul>\n<\/li>\n<\/ul>\n<h3>Hytboldt (nach Zerst\u00f6rung und w\u00e4hrend Wiederaufbau)<\/h3>\n<ul>\n<li>Darras (aus Cliving)<\/li>\n<li>Darras&#8216; Einheit: Jortwig, Ranulf, Freagan, Meralaf, &#8230;<\/li>\n<li>Steinmark (aus Cliving)\n<ul>\n<li>Natvarinn (aus Cliving)<\/li>\n<li>Drydford (aus Cliving)<\/li>\n<\/ul>\n<\/li>\n<li>Rioghar (aus Westfold)<\/li>\n<li>Fencham (aus Westfold)<\/li>\n<li>Harthorm (aus ?)\n<ul>\n<li>Hardera (aus ?)<\/li>\n<\/ul>\n<\/li>\n<\/ul>\n\n\n","protected":false},"excerpt":{"rendered":"<p>Reisende H\u00e4ndler Anrarhere (aus der Westfold) Utvir Westfold Marton Creodric (Aenwulf) (Ilamar) Hamnath (aus kleinem Ort an Wei\u00dfem Gebirge gen Gondor r\u00fcber) Ailila (Fencham) (Rioghar) Helms Klamm (ohne Zeit um Schlacht um HK wo Zufluchtsort) Jarl: Geh\u00f6ft bei Witeberg, kleiner Ort s\u00fcd\u00f6stlich von Helms Klamm im wei\u00dfen Gebirge &#8230;? Felssenke Gapholt Wilmod kleiner Ort (unbenannt) &hellip; <a href=\"https:\/\/www.falkenruhs-wacht.de\/wpr\/?page_id=4651\" class=\"more-link\"><span class=\"screen-reader-text\">Rohan<\/span> weiterlesen <span class=\"meta-nav\">&rarr;<\/span><\/a><\/p>\n","protected":false},"author":1,"featured_media":0,"parent":4617,"menu_order":5,"comment_status":"closed","ping_status":"closed","template":"","meta":{"footnotes":""},"class_list":["post-4651","page","type-page","status-publish","hentry"],"_links":{"self":[{"href":"https:\/\/www.falkenruhs-wacht.de\/wpr\/index.php?rest_route=\/wp\/v2\/pages\/4651","targetHints":{"allow":["GET"]}}],"collection":[{"href":"https:\/\/www.falkenruhs-wacht.de\/wpr\/index.php?rest_route=\/wp\/v2\/pages"}],"about":[{"href":"https:\/\/www.falkenruhs-wacht.de\/wpr\/index.php?rest_route=\/wp\/v2\/types\/page"}],"author":[{"embeddable":true,"href":"https:\/\/www.falkenruhs-wacht.de\/wpr\/index.php?rest_route=\/wp\/v2\/users\/1"}],"replies":[{"embeddable":true,"href":"https:\/\/www.falkenruhs-wacht.de\/wpr\/index.php?rest_route=%2Fwp%2Fv2%2Fcomments&post=4651"}],"version-history":[{"count":12,"href":"https:\/\/www.falkenruhs-wacht.de\/wpr\/index.php?rest_route=\/wp\/v2\/pages\/4651\/revisions"}],"predecessor-version":[{"id":4743,"href":"https:\/\/www.falkenruhs-wacht.de\/wpr\/index.php?rest_route=\/wp\/v2\/pages\/4651\/revisions\/4743"}],"up":[{"embeddable":true,"href":"https:\/\/www.falkenruhs-wacht.de\/wpr\/index.php?rest_route=\/wp\/v2\/pages\/4617"}],"wp:attachment":[{"href":"https:\/\/www.falkenruhs-wacht.de\/wpr\/index.php?rest_route=%2Fwp%2Fv2%2Fmedia&parent=4651"}],"curies":[{"name":"wp","href":"https:\/\/api.w.org\/{rel}","templated":true}]}}