{"id":4628,"date":"2016-06-18T16:51:14","date_gmt":"2016-06-18T14:51:14","guid":{"rendered":"http:\/\/www.falkenruhs-wacht.de\/wpr\/?page_id=4628"},"modified":"2016-06-19T18:52:04","modified_gmt":"2016-06-19T16:52:04","slug":"uebersicht-relevante-personen-waldlaeufer-wacht-verbuendete-nach-vorrangiger-oertlichkeiten-anwesenheit","status":"publish","type":"page","link":"https:\/\/www.falkenruhs-wacht.de\/wpr\/?page_id=4628","title":{"rendered":"Waldl\u00e4ufer \/ Wacht \/ Verb\u00fcndete ohne Rohan (nach vorrangiger \u00d6rtlichkeiten \/ Anwesenheit)"},"content":{"rendered":"<h2><strong>Eriador<\/strong><\/h2>\n<h3>Ered Luin<\/h3>\n<ul>\n<li>Waldl\u00e4ufer\n<ul>\n<li>Langlas<\/li>\n<li>Celairant<\/li>\n<\/ul>\n<\/li>\n<li>Wacht &#8211; Verb\u00fcndete (auch auf Reisen bis Trollh\u00f6hen\/Eregion)\n<ul>\n<li>Falleth<\/li>\n<li>Nerunthael<\/li>\n<li>Nelvaer<\/li>\n<li>Adanrial<\/li>\n<\/ul>\n<\/li>\n<\/ul>\n<h3>Auenland<\/h3>\n<ul>\n<li>Waldl\u00e4ufer\n<ul>\n<li>Halros<\/li>\n<li>Denros (Sarnfurt)<\/li>\n<li>Denrid (Sarnfurt bis runter Tharbad etc.)<\/li>\n<li>Maerongil (Sarnfurt)<\/li>\n<\/ul>\n<\/li>\n<\/ul>\n<h3>Evendim<\/h3>\n<ul>\n<li>Waldl\u00e4ufer\n<ul>\n<li>Calenglad<\/li>\n<li>Culang<\/li>\n<li>Badhordam<\/li>\n<li><b><span style=\"color: #ff0000;\">Cannuion of Tinnundir<\/span><\/b><\/li>\n<li>&#8230;<\/li>\n<\/ul>\n<\/li>\n<li>\u00a0Wacht\n<ul>\n<li>Marwek<\/li>\n<li>&#8230;<\/li>\n<\/ul>\n<\/li>\n<\/ul>\n<h3>Nordh\u00f6hen + Forochel<\/h3>\n<ul>\n<li>Waldl\u00e4ufer:\n<ul>\n<li>Halbarad<\/li>\n<li>Dagoras<\/li>\n<li>Daervunn<\/li>\n<li><span style=\"color: #ff0000;\"><strong>Ferrif<\/strong><\/span><\/li>\n<li>Techeron<\/li>\n<li><b><span style=\"color: #ff0000;\">Handarod of Esteldin <\/span><\/b>(found in Esteldin during the Ranger&#8217;s offense activitie)<\/li>\n<li>&#8230;<\/li>\n<li>Orthonn (Kr\u00e4uter \/ Feste Lagoros)<\/li>\n<li>Amarion (Amon Raith)<\/li>\n<li>Micham (Felder Fornost)<\/li>\n<li><b><span style=\"color: #ff0000;\">Maedhrusc of the Fields of Fornost<\/span><\/b> (Free people&#8217;s camp)<\/li>\n<li>&#8230;<\/li>\n<li>Maervor<\/li>\n<li>&#8230;<\/li>\n<li>Lothrandir (Forochel)<\/li>\n<\/ul>\n<\/li>\n<li>Wacht\n<ul>\n<li>Hadorad<\/li>\n<li>Darland<\/li>\n<li>&#8230;<\/li>\n<li><\/li>\n<\/ul>\n<\/li>\n<\/ul>\n<h3>Angmar<\/h3>\n<ul>\n<li>Waldl\u00e4ufer\n<ul>\n<li>Golodir (Angmar)<\/li>\n<li>Corunir (Angmar)<\/li>\n<li>&#8230;<\/li>\n<li>Nethraw of Kr\u00fasl\u00eb Lannan (Angmar)<\/li>\n<li><b><span style=\"color: #ff0000;\">Braigiar of Gabilshath\u00fbr, Angmar<\/span><\/b><\/li>\n<\/ul>\n<\/li>\n<\/ul>\n<h3>Breeland<\/h3>\n<ul>\n<li>Waldl\u00e4ufer\n<ul>\n<li>Saeradan<\/li>\n<li>Amlan<\/li>\n<li>Andreg<\/li>\n<li><span style=\"color: #ff0000;\"><strong>Linnor<\/strong> <\/span>(Freund Saeradan)<\/li>\n<li>Lenglenn? die beiden aus der epischen bei Aragorn<\/li>\n<li>Torvonn? die beiden aus der epischen bei Aragorn<\/li>\n<li><b><span style=\"color: #ff0000;\">Nidgyl of Bree<\/span><\/b> (aus der Ranger-Offensive)<\/li>\n<li>Tirvaedan<\/li>\n<li>Maerlas<\/li>\n<li>Maedlor<\/li>\n<\/ul>\n<\/li>\n<li>Wacht\n<ul>\n<li>Ferneg<\/li>\n<li>&#8230;<\/li>\n<li>&#8230;<\/li>\n<\/ul>\n<\/li>\n<\/ul>\n<h3>Einsame Lande<\/h3>\n<ul>\n<li>Waldl\u00e4ufer\n<ul>\n<li>Candaith<\/li>\n<\/ul>\n<\/li>\n<li>Wacht\n<ul>\n<li>&#8230;?<\/li>\n<\/ul>\n<\/li>\n<\/ul>\n<h3>Trollh\u00f6hen<\/h3>\n<ul>\n<li>Waldl\u00e4ufer\n<ul>\n<li>Radanir<\/li>\n<li>Braigiar (Freund Radanirs vor Angmar? oder erst bei GC)?<\/li>\n<li>Calithil (Freund Radanirs)?<\/li>\n<\/ul>\n<\/li>\n<li>Wacht &#8211; Verb\u00fcndete Imladris\n<ul>\n<li>&#8230;?<\/li>\n<li>Aeglanthir<\/li>\n<li>Amtaruil<\/li>\n<li>Amtarion<\/li>\n<\/ul>\n<\/li>\n<\/ul>\n<h2>Rhovanion<\/h2>\n<h3>D\u00fcsterwald \/ Lothlorien<\/h3>\n<ul>\n<li>Waldl\u00e4ufer\n<ul>\n<li>Prestadir<\/li>\n<li>Idhrenfair<\/li>\n<li>Himeinior<\/li>\n<li>Tugonn (Lothlorien)<\/li>\n<\/ul>\n<\/li>\n<li>Wacht &#8211; Verb\u00fcndete D\u00fcsterwald &#8211; Lothlorien\n<ul>\n<li>Calvaros\n<ul>\n<li>Taraenor<\/li>\n<li>Talieneth<\/li>\n<\/ul>\n<\/li>\n<li>Darthoras<\/li>\n<li>Belaerien<\/li>\n<li>Neldarien<\/li>\n<li>Finaethiel<\/li>\n<li>Eardhil<\/li>\n<li>Donnelar<\/li>\n<li>Luharn\n<ul>\n<li>Lanvenas<\/li>\n<li>Maedhan<\/li>\n<\/ul>\n<\/li>\n<li>Fadhan<\/li>\n<li>Caldoren\n<ul>\n<li>Caldaren<\/li>\n<li>Mellieneth<\/li>\n<\/ul>\n<\/li>\n<li>Linveriel<\/li>\n<\/ul>\n<\/li>\n<\/ul>\n<h2>Gondor<\/h2>\n<h3>Befalas \/ Dol Amroth \/ Edhellond<\/h3>\n<ul>\n<li>Wacht &#8211; Gondor\n<ul>\n<li>Langhervant\n<ul>\n<li>Laeneg<\/li>\n<\/ul>\n<\/li>\n<li>Iorven\n<ul>\n<li>Iorold<\/li>\n<\/ul>\n<\/li>\n<li>Diriath<\/li>\n<li>&#8230;<\/li>\n<li>Asgalen (Kundiger aus MT)<\/li>\n<\/ul>\n<\/li>\n<li>Celthariel (F\u00fcrstin)\n<ul>\n<li>Faendred<\/li>\n<\/ul>\n<\/li>\n<li>Andrey\n<ul>\n<li>Alexey<\/li>\n<\/ul>\n<\/li>\n<li>Wacht &#8211; Verb\u00fcndete Elben\n<ul>\n<li>Findawe<\/li>\n<li>Calaerion<\/li>\n<li>Narannir<\/li>\n<li>Daevegond<\/li>\n<li>Gwaiglin<\/li>\n<\/ul>\n<\/li>\n<\/ul>\n<ul>\n<li>Korsaren \/ R\u00e4uber\n<ul>\n<li>Idhryn Bluthand\n<ul>\n<li>Barvadhol<\/li>\n<li>Gleostan<\/li>\n<\/ul>\n<\/li>\n<\/ul>\n<\/li>\n<\/ul>\n<h3>Minas Tirith<\/h3>\n<ul>\n<li>Soldaten Gondors\n<ul>\n<li>Beltharion (W\u00e4chter Feste Rammas)<\/li>\n<li>Arvingil (Botenreiter Denethors)<\/li>\n<li>Meglach (Soldat aus Lossarnach)<\/li>\n<li>Mindaros (Blumenz\u00fcchter aus Lossarnach)<\/li>\n<li>Lordag (gen Minas Tir geschickt, Langhervants \u00e4ltester Sohn)<\/li>\n<\/ul>\n<\/li>\n<\/ul>\n<h3>Ithilien<\/h3>\n<ul>\n<li>Waldl\u00e4ufer Faramirs\n<ul>\n<li>Anmaren<\/li>\n<\/ul>\n<\/li>\n<\/ul>\n","protected":false},"excerpt":{"rendered":"<p>Eriador Ered Luin Waldl\u00e4ufer Langlas Celairant Wacht &#8211; Verb\u00fcndete (auch auf Reisen bis Trollh\u00f6hen\/Eregion) Falleth Nerunthael Nelvaer Adanrial Auenland Waldl\u00e4ufer Halros Denros (Sarnfurt) Denrid (Sarnfurt bis runter Tharbad etc.) Maerongil (Sarnfurt) Evendim Waldl\u00e4ufer Calenglad Culang Badhordam Cannuion of Tinnundir &#8230; \u00a0Wacht Marwek &#8230; Nordh\u00f6hen + Forochel Waldl\u00e4ufer: Halbarad Dagoras Daervunn Ferrif Techeron Handarod of Esteldin &hellip; <a href=\"https:\/\/www.falkenruhs-wacht.de\/wpr\/?page_id=4628\" class=\"more-link\"><span class=\"screen-reader-text\">Waldl\u00e4ufer \/ Wacht \/ Verb\u00fcndete ohne Rohan (nach vorrangiger \u00d6rtlichkeiten \/ Anwesenheit)<\/span> weiterlesen <span class=\"meta-nav\">&rarr;<\/span><\/a><\/p>\n","protected":false},"author":1,"featured_media":0,"parent":4617,"menu_order":1,"comment_status":"closed","ping_status":"closed","template":"","meta":{"footnotes":""},"class_list":["post-4628","page","type-page","status-publish","hentry"],"_links":{"self":[{"href":"https:\/\/www.falkenruhs-wacht.de\/wpr\/index.php?rest_route=\/wp\/v2\/pages\/4628","targetHints":{"allow":["GET"]}}],"collection":[{"href":"https:\/\/www.falkenruhs-wacht.de\/wpr\/index.php?rest_route=\/wp\/v2\/pages"}],"about":[{"href":"https:\/\/www.falkenruhs-wacht.de\/wpr\/index.php?rest_route=\/wp\/v2\/types\/page"}],"author":[{"embeddable":true,"href":"https:\/\/www.falkenruhs-wacht.de\/wpr\/index.php?rest_route=\/wp\/v2\/users\/1"}],"replies":[{"embeddable":true,"href":"https:\/\/www.falkenruhs-wacht.de\/wpr\/index.php?rest_route=%2Fwp%2Fv2%2Fcomments&post=4628"}],"version-history":[{"count":8,"href":"https:\/\/www.falkenruhs-wacht.de\/wpr\/index.php?rest_route=\/wp\/v2\/pages\/4628\/revisions"}],"predecessor-version":[{"id":4650,"href":"https:\/\/www.falkenruhs-wacht.de\/wpr\/index.php?rest_route=\/wp\/v2\/pages\/4628\/revisions\/4650"}],"up":[{"embeddable":true,"href":"https:\/\/www.falkenruhs-wacht.de\/wpr\/index.php?rest_route=\/wp\/v2\/pages\/4617"}],"wp:attachment":[{"href":"https:\/\/www.falkenruhs-wacht.de\/wpr\/index.php?rest_route=%2Fwp%2Fv2%2Fmedia&parent=4628"}],"curies":[{"name":"wp","href":"https:\/\/api.w.org\/{rel}","templated":true}]}}