{"id":4617,"date":"2016-06-18T12:58:46","date_gmt":"2016-06-18T10:58:46","guid":{"rendered":"http:\/\/www.falkenruhs-wacht.de\/wpr\/?page_id=4617"},"modified":"2016-06-18T18:43:52","modified_gmt":"2016-06-18T16:43:52","slug":"uebersicht-personenoertlichkeiten","status":"publish","type":"page","link":"https:\/\/www.falkenruhs-wacht.de\/wpr\/?page_id=4617","title":{"rendered":"\u00dcbersicht Personen\/\u00d6rtlichkeiten"},"content":{"rendered":"<p><strong>Ende\/nach Pelennor<\/strong><\/p>\n<p><strong>auf den Beinen:<\/strong><\/p>\n<p><strong>Graue Schar:<\/strong><br \/>\nCalenglad<br \/>\nRadanir<br \/>\nCorunir<br \/>\nLothrandir<br \/>\nLanglas<\/p>\n<p><strong>Rohirrim:<\/strong><br \/>\nElfhelm &#8211; trauernd &#8211; Sohn get\u00f6tet<br \/>\n+ Leute von ihm &#8211; nachmittags mit Aragorn vor Stadt<\/p>\n<p><strong>Gondor:<\/strong><br \/>\nImrahil<br \/>\nDuinhir &#8211; trauernd um S\u00f6hne<br \/>\nBregdal &#8211; Berittener Bote<br \/>\n(Hurin &#8211; Warden of Keys &#8211; nach Pelennor)<\/p>\n<p><strong>Pelennor &#8211; get\u00f6tet<\/strong><br \/>\nGolodir<br \/>\nHalbarad<br \/>\nHalros (ggf. ansonsten Horn)<br \/>\n<strong>Pelennor &#8211; \u00fcberlebt &#8211; verletzt<\/strong><\/p>\n<p><strong>Die Hohe Halle<\/strong><br \/>\nRohirrim<br \/>\nEowyn<br \/>\nMerry<\/p>\n<p>Gondor:<br \/>\nFaramir<br \/>\nEchadon &#8211; Captain der Garnison<\/p>\n<p>Ioreth als Heilerin<\/p>\n<p><strong>Houses of Healing:<\/strong><br \/>\nGisling Than of Garsfeld<br \/>\nUlf der Reaver<\/p>\n<p><strong>mittleres Lager: &#8211; Houses of Rest<\/strong><br \/>\nTrymm Redbeard<\/p>\n<p><strong>sonstige Pl\u00e4tze mit Verletzten<\/strong><br \/>\nerster Ring auf dem Boden&#8230;<br \/>\nzweiter Ring auf dem Boden und in der Trainingshalle<br \/>\ndritter Ring&#8230;<br \/>\nsechster Ring auf der Stra\u00dfe um H\u00e4user der Heilung<\/p>\n<p><strong>Lagerraum<\/strong><br \/>\nf\u00fcnfter Ring &#8211; Oberes Lager (nahe Aufgang vom 4. Ring)<\/p>\n<p>Archive etc.<br \/>\nDie alten Archive (5. Ring im Durchgang)<br \/>\nH\u00e4user des Wissens (im 5. Ring) &#8211; viele Troph\u00e4en etc.<\/p>\n<p><strong>Versorgungsstellen:<\/strong><br \/>\nzweiter Ring &#8211; offene Essensstelle?<br \/>\ndritter Ring &#8211; Der Hafen<br \/>\n&#8211; \u00f6fen&#8230;<br \/>\nF\u00fcnfter Ring &#8211; Der Durstige Seher (nahe H\u00e4user des Wissens)<\/p>\n<p>Sechster Ring &#8211; Sonnekuppel &#8211; umschalten MT Belagerung<br \/>\nSechster Ring Stelle der Botenreiter..? &#8211; Rohan Pferde<\/p>\n","protected":false},"excerpt":{"rendered":"<p>Ende\/nach Pelennor auf den Beinen: Graue Schar: Calenglad Radanir Corunir Lothrandir Langlas Rohirrim: Elfhelm &#8211; trauernd &#8211; Sohn get\u00f6tet + Leute von ihm &#8211; nachmittags mit Aragorn vor Stadt Gondor: Imrahil Duinhir &#8211; trauernd um S\u00f6hne Bregdal &#8211; Berittener Bote (Hurin &#8211; Warden of Keys &#8211; nach Pelennor) Pelennor &#8211; get\u00f6tet Golodir Halbarad Halros (ggf. &hellip; <a href=\"https:\/\/www.falkenruhs-wacht.de\/wpr\/?page_id=4617\" class=\"more-link\"><span class=\"screen-reader-text\">\u00dcbersicht Personen\/\u00d6rtlichkeiten<\/span> weiterlesen <span class=\"meta-nav\">&rarr;<\/span><\/a><\/p>\n","protected":false},"author":1,"featured_media":0,"parent":394,"menu_order":1,"comment_status":"closed","ping_status":"closed","template":"","meta":{"footnotes":""},"class_list":["post-4617","page","type-page","status-publish","hentry"],"_links":{"self":[{"href":"https:\/\/www.falkenruhs-wacht.de\/wpr\/index.php?rest_route=\/wp\/v2\/pages\/4617","targetHints":{"allow":["GET"]}}],"collection":[{"href":"https:\/\/www.falkenruhs-wacht.de\/wpr\/index.php?rest_route=\/wp\/v2\/pages"}],"about":[{"href":"https:\/\/www.falkenruhs-wacht.de\/wpr\/index.php?rest_route=\/wp\/v2\/types\/page"}],"author":[{"embeddable":true,"href":"https:\/\/www.falkenruhs-wacht.de\/wpr\/index.php?rest_route=\/wp\/v2\/users\/1"}],"replies":[{"embeddable":true,"href":"https:\/\/www.falkenruhs-wacht.de\/wpr\/index.php?rest_route=%2Fwp%2Fv2%2Fcomments&post=4617"}],"version-history":[{"count":1,"href":"https:\/\/www.falkenruhs-wacht.de\/wpr\/index.php?rest_route=\/wp\/v2\/pages\/4617\/revisions"}],"predecessor-version":[{"id":4618,"href":"https:\/\/www.falkenruhs-wacht.de\/wpr\/index.php?rest_route=\/wp\/v2\/pages\/4617\/revisions\/4618"}],"up":[{"embeddable":true,"href":"https:\/\/www.falkenruhs-wacht.de\/wpr\/index.php?rest_route=\/wp\/v2\/pages\/394"}],"wp:attachment":[{"href":"https:\/\/www.falkenruhs-wacht.de\/wpr\/index.php?rest_route=%2Fwp%2Fv2%2Fmedia&parent=4617"}],"curies":[{"name":"wp","href":"https:\/\/api.w.org\/{rel}","templated":true}]}}