{"id":459,"date":"2015-03-01T19:46:10","date_gmt":"2015-03-01T18:46:10","guid":{"rendered":"http:\/\/www.falkenruhs-wacht.de\/wpr\/?page_id=459"},"modified":"2016-05-10T12:42:24","modified_gmt":"2016-05-10T10:42:24","slug":"into-the-shadows","status":"publish","type":"page","link":"https:\/\/www.falkenruhs-wacht.de\/wpr\/?page_id=459","title":{"rendered":"Into the shadows"},"content":{"rendered":"[aesop_image imgwidth=&#8220;755px&#8220; img=&#8220;https:\/\/www.falkenruhs-wacht.de\/wpr\/wp-content\/uploads\/2015\/02\/ScreenShot04356.jpg&#8220; align=&#8220;left&#8220; lightbox=&#8220;on&#8220; captionposition=&#8220;left&#8220;]\n<p><\/p>\n<p><strong>Auf dem Weg, nach den Geschehnissen in Edoras:<\/strong><\/p>\n<p><\/p>\n<p>&#8222;Jetzt ist es schon soweit, dass wir in einer R\u00e4uberh\u00f6hle \u00fcbernachten&#8230; verdammt, Captain, mir gef\u00e4llt das gar nicht. Warum kehren wir nicht nach Cliving zur\u00fcck?&#8220; Tjoren Haldagard hatte seine Unzufriedenheit bisher nicht ausgesprochen, aber es war ihm anzusehen gewesen, seit sie Edoras verlassen hatten, dass er schon bald nicht mehr schweigend hinnehmen w\u00fcrde, was sein Hauptmann f\u00fcr sie entschied.<\/p>\n\n<p>Rulavan warf Jestim einen Blick zu. Der Bogensch\u00fctze senkte den Kopf und nickte dann.<\/p>\n[aesop_image imgwidth=&#8220;755px&#8220; img=&#8220;https:\/\/www.falkenruhs-wacht.de\/wpr\/wp-content\/uploads\/2015\/02\/ScreenShot04362.jpg&#8220; align=&#8220;left&#8220; lightbox=&#8220;on&#8220; captionposition=&#8220;left&#8220;]\n<p><\/p>\n<p>&#8222;Ich sehe mir noch durch, ob die R\u00e4uber irgendetwas Interessantes in ihren Nachrichten hinterlassen haben, Tjoren. Und dann, denke ich, sollten wir dir etwas erkl\u00e4ren&#8230;&#8220;<\/p>\n<p>Jestim gesellte sich zu ihm und beobachtete, wie Rulavan ein Blatt nach dem anderen durchsah und der Stapel immer kleiner wurde. Was w\u00fcrde Tjoren dazu sagen?<\/p>\n[aesop_image imgwidth=&#8220;755px&#8220; img=&#8220;https:\/\/www.falkenruhs-wacht.de\/wpr\/wp-content\/uploads\/2015\/02\/ScreenShot04365.jpg&#8220; align=&#8220;left&#8220; lightbox=&#8220;on&#8220; captionposition=&#8220;left&#8220;]\n<p><\/p>\n<p>Rulavan legte das letzte Blatt fort. &#8222;Und?&#8220; Jestim hoffte, die eigene Geschichte noch etwas hinausz\u00f6gern zu k\u00f6nnen. &#8222;Belangloses Zeug. Soundso wird angewiesen, die Waffen zu sch\u00e4rfen. Soundso hat eine Aufstellung gemacht, welche Beute sie verstaut haben. Drei M\u00e4nner sind f\u00fcr einen Sonderauftrag abgestellt worden. Nichts Konkretes, das uns weiterhelfen w\u00fcrde. &#8220;<\/p>\n<p>&#8222;Dann erkl\u00e4rt mir jetzt doch bitte, wieso wir uns um den Auftrag dieses Boten k\u00fcmmern m\u00fcssen&#8220;, knurrte Tjoren. &#8222;Hallo, Rulavan? Du warst doch nicht da drinnen. Wer wei\u00df, was er zum K\u00f6nig gesagt hat, dass sie ihn so abgef\u00fchrt haben. Dieser Umweg dauert und dauert und Darras ist mit Athelward allein!&#8220;<\/p>\n<p>&#8222;Er hat mit mir gesprochen, ehe er dort hineingegangen ist. Und was er gesagt hat best\u00e4rkt mich in der Annahme, dass das Problem viel gr\u00f6\u00dfer ist. Nicht nur wir in Cliving haben Probleme. Wir bekommen Befehle vom K\u00f6nig, aber&#8230; sind sie wirklich des K\u00f6nigs Wille? Tjoren&#8230; ich habe dich absichtlich vor der T\u00fcr warten lassen, weil ich f\u00fcrchtete, du m\u00fc\u00dftest uns da den Weg freiboxen. Das war zum Gl\u00fcck nicht notwendig, weil uns der Bote vorgewarnt hatte, aber&#8230; auf den K\u00f6nig k\u00f6nnen wir uns nicht verlassen, auf Athelward k\u00f6nnen wir uns nicht verlassen&#8230; ich will nicht zur\u00fcck, ehe wir nicht mehr wissen, und in dem Dorf des Boten finden wir vielleicht mehr heraus. Der Umweg ist gerade noch&#8230; erkl\u00e4rbar&#8230; Setz&#8216; dich, und h\u00f6r mir zu. Jestim hat mir von Dingen berichtet, die ganz deutlich machen, dass Athelward nur ein kleiner Teil des Problems ist.&#8220;<\/p>\n[aesop_image imgwidth=&#8220;755px&#8220; img=&#8220;https:\/\/www.falkenruhs-wacht.de\/wpr\/wp-content\/uploads\/2015\/02\/ScreenShot04369.jpg&#8220; align=&#8220;left&#8220; lightbox=&#8220;on&#8220; captionposition=&#8220;left&#8220;]\n<p><\/p>\n<p>&#8222;Du siehst, vor diesem Hintergrund ist es wichtig f\u00fcr uns, uns hier drau\u00dfen selbst umzusehen,&#8220; schlo\u00df Rulavan. Tjoren stand auf. &#8222;Ich gehe ein wenig an die Luft, schaue gleich mal, ob alles ruhig ist&#8220;, sagte er. Jestim blickte unsicher zu ihm hoch. &#8222;Erwartet mich nicht so bald zur\u00fcck&#8220;, meinte Tjoren. &#8222;Ich mu\u00df mir das alles jetzt erstmal durch den Kopf gehen lassen.&#8220;<\/p>\n\n\n\n\n\n","protected":false},"excerpt":{"rendered":"<p>[aesop_image imgwidth=&#8220;755px&#8220; img=&#8220;https:\/\/www.falkenruhs-wacht.de\/wpr\/wp-content\/uploads\/2015\/02\/ScreenShot04356.jpg&#8220; align=&#8220;left&#8220; lightbox=&#8220;on&#8220; captionposition=&#8220;left&#8220;] Auf dem Weg, nach den Geschehnissen in Edoras: &#8222;Jetzt ist es schon soweit, dass wir in einer R\u00e4uberh\u00f6hle \u00fcbernachten&#8230; verdammt, Captain, mir gef\u00e4llt das gar nicht. Warum kehren wir nicht nach Cliving zur\u00fcck?&#8220; Tjoren Haldagard hatte seine Unzufriedenheit bisher nicht ausgesprochen, aber es war ihm anzusehen gewesen, seit sie &hellip; <a href=\"https:\/\/www.falkenruhs-wacht.de\/wpr\/?page_id=459\" class=\"more-link\"><span class=\"screen-reader-text\">Into the shadows<\/span> weiterlesen <span class=\"meta-nav\">&rarr;<\/span><\/a><\/p>\n","protected":false},"author":12,"featured_media":0,"parent":2378,"menu_order":1,"comment_status":"closed","ping_status":"closed","template":"","meta":{"footnotes":""},"class_list":["post-459","page","type-page","status-publish","hentry"],"_links":{"self":[{"href":"https:\/\/www.falkenruhs-wacht.de\/wpr\/index.php?rest_route=\/wp\/v2\/pages\/459","targetHints":{"allow":["GET"]}}],"collection":[{"href":"https:\/\/www.falkenruhs-wacht.de\/wpr\/index.php?rest_route=\/wp\/v2\/pages"}],"about":[{"href":"https:\/\/www.falkenruhs-wacht.de\/wpr\/index.php?rest_route=\/wp\/v2\/types\/page"}],"author":[{"embeddable":true,"href":"https:\/\/www.falkenruhs-wacht.de\/wpr\/index.php?rest_route=\/wp\/v2\/users\/12"}],"replies":[{"embeddable":true,"href":"https:\/\/www.falkenruhs-wacht.de\/wpr\/index.php?rest_route=%2Fwp%2Fv2%2Fcomments&post=459"}],"version-history":[{"count":20,"href":"https:\/\/www.falkenruhs-wacht.de\/wpr\/index.php?rest_route=\/wp\/v2\/pages\/459\/revisions"}],"predecessor-version":[{"id":4445,"href":"https:\/\/www.falkenruhs-wacht.de\/wpr\/index.php?rest_route=\/wp\/v2\/pages\/459\/revisions\/4445"}],"up":[{"embeddable":true,"href":"https:\/\/www.falkenruhs-wacht.de\/wpr\/index.php?rest_route=\/wp\/v2\/pages\/2378"}],"wp:attachment":[{"href":"https:\/\/www.falkenruhs-wacht.de\/wpr\/index.php?rest_route=%2Fwp%2Fv2%2Fmedia&parent=459"}],"curies":[{"name":"wp","href":"https:\/\/api.w.org\/{rel}","templated":true}]}}