{"id":4550,"date":"2016-06-18T12:54:12","date_gmt":"2016-06-18T10:54:12","guid":{"rendered":"http:\/\/www.falkenruhs-wacht.de\/wpr\/?page_id=4550"},"modified":"2016-06-21T14:42:50","modified_gmt":"2016-06-21T12:42:50","slug":"4550-2","status":"publish","type":"page","link":"https:\/\/www.falkenruhs-wacht.de\/wpr\/?page_id=4550","title":{"rendered":"Am Morgen nach dem Aufruf zur Heerschau"},"content":{"rendered":"<p>Torvor stand auf dem Wehrgang und sah der Reiterschar nach. Harding hatte den Rest der Nacht und den Morgen versucht,\u00a0 noch so vieles zu regeln wie m\u00f6glich, bevor er nach einer kurzen Ruhe aufgebrochen war. Ihm blieb nicht viel Zeit, seine eigenen Leute zur Heerschau zu versammeln. Er hatte schnelle Reiter mit ersten Befehlen vorausgeschickt, sich nicht alleine auf die Boten des K\u00f6nigs verlassend. Zu lange war diesen nicht zu trauen gewesen, hatte niemand mehr auf den K\u00f6nig und Befehle aus Edoras gebaut. Zu vieles war im Namen des K\u00f6nigs geschehen. Zu vieles, was nie h\u00e4tte sein d\u00fcrfen.<\/p>\n<p>Theolf befand sich nun in Hardings Gewahrsam und ritt mit diesem nach Harwick. Sein Vater hatte lange mit Harding gesprochen. Und zum Schlu\u00df war entschieden worden, dass es in Cliving nicht sicher war f\u00fcr ihn. Der junge Mann hatte die Nacht bei ihnen zugebracht, unter st\u00e4ndiger Bewachung. Torvor selbst hatte kein Auge zubekommen, solange sie beide unter einem Dach weilten. Also hatte er, hundem\u00fcde wie er selbst war, einen Teil dieser Wache \u00fcbernommen.<\/p>\n<p>Theolf hatte in der Kammer geschlafen, die Torvor sich fr\u00fcher mit Ceolward geteilt hatte, zusammengerollt auf einem der Lager. Zumindest hatte es auf Torvor so gewirkt. Und wahrscheinlich hatte er sich tats\u00e4chlich nicht verstellt, so ersch\u00f6pft, wie er nach den Geschehnissen war.<br \/>\nNachdenklich dachte Torvor an seine Flucht aus Stangard und den Weg nach Harwick, das zu erreichen Theolf erfolgreich verhindert hatte. Dann den weiteren Weg nach Cliving, in der st\u00e4ndigen Furcht vor seinem Verfolger, der ihm oft genug einen Schritt voraus zu sein schien.<br \/>\nNein, mit diesem Mann hatte der Theolf, der zusammengesunken vor Harding gekauert und leise und stockend auf dessen Fragen geantwortet hatte, keine \u00c4hnlichkeit mehr. Torvor waren denn auch die entsprechenden Blicke von Harding und anderen aus dessen Gefolge aufgefallen. Alles in allem hatte er selbst, Waltrud sei Dank, es besser \u00fcberstanden, als Theolf.<br \/>\nEr erinnerte sich an Theolfs Erz\u00e4hlung, was nach dem missgl\u00fcckten Versuch, ihn selbst in Cliving gefangen nehmen zu lassen, geschehen war. Torulf war da noch das kleinste \u00dcbel gewesen&#8230;<br \/>\nEr schauderte. Er hatte unwahrscheinliches Gl\u00fcck gehabt, nicht in die gleiche Falle zu geraten wie dieser. Ihm wurde klar, dass er den jungen Mann zwar wohl nie Freund nennen w\u00fcrde, doch hassen wie zuvor, konnte er ihn auch nicht mehr.<\/p>\n<p>Wenn all&#8216; dieses vor\u00fcber war, mochte es irgendwo einen Platz f\u00fcr ihn geben. Nicht in Stangard. Alleine die blo\u00dfe Erw\u00e4hnung dieses Ortes zusammen mit der reinen M\u00f6glichkeit, dass er dorthin zur\u00fcckgebracht werden k\u00f6nnte, hatte die einzige Reaktion aus Theolf hervorgerufen, die Torvors Beschreibung zumindest ein wenig unterstrichen hatte. Er war v\u00f6llig durchgedreht, als wollte er die Wachen zwingen, ihn zu t\u00f6ten. In seinem Zustand hatte er den Wache keine lange Gegenwehr entgegensetzen k\u00f6nnen, bevor sie ihn \u00fcberw\u00e4ltigt hatten.<\/p>\n<p>Torvor war froh, nicht in Hardings Position zu sein. Er hatte seine Warnung \u00fcberbracht. Die Entscheidung, was zu tun war, lag nun bei Harding.<\/p>\n<p>Er h\u00f6rte die langsamen Schritte seines Vaters sich n\u00e4hern und drehte sich um. Bynstan sah nach der durchwachten Nacht und den Erlebnissen zuvor alt aus, viel \u00e4lter noch in der Nacht selbst. Er legte seinem \u00c4ltesten die Hand auf die Schulter.<\/p>\n<p>&#8222;Du solltest etwas ruhen. Wir werden ebenfalls bald aufbrechen. Und bis zum ersten Lager werden es einige Stunden Ritt werden.&#8220;<\/p>\n<p>&#8222;Steht fest, wer alles mitgehen wird?&#8220; Torvor hatte die Beratungen nach Hardings Aufbruch verlassen, sobald seine eigene Entscheidung gefallen war.<\/p>\n<p>&#8222;So gut wie.&#8220; Bynstan trat neben und sah \u00fcber die Ebene vor der Stadt.<\/p>\n<p>Dann wurde Torvor sich der genauen Worte seines Vaters bewusst. &#8222;Wir?&#8220;<\/p>\n<p>Bynstan nickte: &#8222;Ich werde mit zum K\u00f6nig reiten und danach dahin, wohin er mich befiehlt. Ich habe versagt, meine Aufgaben hier in Cliving zu erf\u00fcllen.&#8220; Er verstummte, und Torvor sah den Schmerz in seinen Augen. &#8222;Soviele, die noch leben k\u00f6nnten, wenn wir&#8230; wenn ich fr\u00fcher gehandelt h\u00e4tte.&#8220; &#8222;Du hattest keine Beweise. Wenn dir Theolf fr\u00fcher in die H\u00e4nde gefallen w\u00e4re&#8230; oder jemand wie er&#8230;&#8220; Torvor wusste, dass seine Worte seinen Vater weder beruhigen noch ihm das Gef\u00fchl von Schuld nehmen w\u00fcrde &#8211; und ihm wurde klar, dass er ihn nicht umstimmen konnte.<\/p>\n<p>&#8222;Wie nimmt es Mutter auf?&#8220; &#8222;Sie ist eine starke Frau.&#8220; Bynstans Augen ruhten weiter auf dem Horizont. &#8222;Hast du es Waltrud schon gesagt?&#8220; Torvor schwieg einen Moment bei seines Vaters Gegenfrage. Nein, das hatte er noch nicht. Tats\u00e4chlich hatte er Arnims wegen ihr Haus vorerst gemieden. Doch nicht nur deswegen. Was w\u00fcrde nun aus ihnen werden? Wie sollte es weitergehen?<\/p>\n<p>Bynstan warf nun doch einen Blick zu seinem \u00c4ltesten. &#8222;Du solltest zu ihr gehen und dich verabschieden.&#8220; Er lie\u00df die Worte, dass vielleicht keiner von ihnen zur\u00fcckkehren w\u00fcrde, unausgesprochen. Torvor bi\u00df sich auf die Lippe, nickte dann. &#8222;Wir sehen uns daheim?&#8220; Er wartete nur kurz dessen Best\u00e4igung ab, bevor er sich umwandte und zum Abgang von der Mauer eilte. Sein Vater hatte Recht. Vielleicht gab es nie wieder eine Gelegenheit, mit ihr zu sprechen&#8230;<\/p>\n\n<p>(Regelung mit Theolf &#8211; Harding nimmt ihn mit um ihn eigentlich in Harwick zu lassen&#8230; schleift ihn dann aber doch mit zum K\u00f6nig &#8211; Aussage&#8230;<\/p>\n<p>Hardings Aufbruch<\/p>\n<p>Bynstans Entscheidung mit zur Heerschau zu ziehen &#8211; Verantwortung \u00fcbernehmen zumindest soweit es nichts von dem hat verhindern k\u00f6nnen&#8230;<\/p>\n<p>Torvor geht mit<\/p>\n<p>etc.)<\/p>\n","protected":false},"excerpt":{"rendered":"<p>Torvor stand auf dem Wehrgang und sah der Reiterschar nach. Harding hatte den Rest der Nacht und den Morgen versucht,\u00a0 noch so vieles zu regeln wie m\u00f6glich, bevor er nach einer kurzen Ruhe aufgebrochen war. Ihm blieb nicht viel Zeit, seine eigenen Leute zur Heerschau zu versammeln. Er hatte schnelle Reiter mit ersten Befehlen vorausgeschickt, &hellip; <a href=\"https:\/\/www.falkenruhs-wacht.de\/wpr\/?page_id=4550\" class=\"more-link\"><span class=\"screen-reader-text\">Am Morgen nach dem Aufruf zur Heerschau<\/span> weiterlesen <span class=\"meta-nav\">&rarr;<\/span><\/a><\/p>\n","protected":false},"author":1,"featured_media":0,"parent":4507,"menu_order":0,"comment_status":"closed","ping_status":"closed","template":"","meta":{"footnotes":""},"class_list":["post-4550","page","type-page","status-publish","hentry"],"_links":{"self":[{"href":"https:\/\/www.falkenruhs-wacht.de\/wpr\/index.php?rest_route=\/wp\/v2\/pages\/4550","targetHints":{"allow":["GET"]}}],"collection":[{"href":"https:\/\/www.falkenruhs-wacht.de\/wpr\/index.php?rest_route=\/wp\/v2\/pages"}],"about":[{"href":"https:\/\/www.falkenruhs-wacht.de\/wpr\/index.php?rest_route=\/wp\/v2\/types\/page"}],"author":[{"embeddable":true,"href":"https:\/\/www.falkenruhs-wacht.de\/wpr\/index.php?rest_route=\/wp\/v2\/users\/1"}],"replies":[{"embeddable":true,"href":"https:\/\/www.falkenruhs-wacht.de\/wpr\/index.php?rest_route=%2Fwp%2Fv2%2Fcomments&post=4550"}],"version-history":[{"count":9,"href":"https:\/\/www.falkenruhs-wacht.de\/wpr\/index.php?rest_route=\/wp\/v2\/pages\/4550\/revisions"}],"predecessor-version":[{"id":4724,"href":"https:\/\/www.falkenruhs-wacht.de\/wpr\/index.php?rest_route=\/wp\/v2\/pages\/4550\/revisions\/4724"}],"up":[{"embeddable":true,"href":"https:\/\/www.falkenruhs-wacht.de\/wpr\/index.php?rest_route=\/wp\/v2\/pages\/4507"}],"wp:attachment":[{"href":"https:\/\/www.falkenruhs-wacht.de\/wpr\/index.php?rest_route=%2Fwp%2Fv2%2Fmedia&parent=4550"}],"curies":[{"name":"wp","href":"https:\/\/api.w.org\/{rel}","templated":true}]}}