{"id":4446,"date":"2016-05-11T19:52:03","date_gmt":"2016-05-11T17:52:03","guid":{"rendered":"http:\/\/www.falkenruhs-wacht.de\/wpr\/?page_id=4446"},"modified":"2016-06-28T23:48:10","modified_gmt":"2016-06-28T21:48:10","slug":"in-hrimholts-zelt","status":"publish","type":"page","link":"https:\/\/www.falkenruhs-wacht.de\/wpr\/?page_id=4446","title":{"rendered":"in Hrimholt&#8217;s Zelt"},"content":{"rendered":"<p>Die ersten Sp\u00e4her kehrten bereits nach einer relativ kurzen Zeit zur\u00fcck. Lorron h\u00f6rte sie an, bevor er sie mit neuen Befehlen wieder rausschickte.<\/p>\n<p>Das Lager nahm derweil immer mehr Gestalt an.<br \/>\nTorvuns M\u00e4nner hatten das Tor und die Verteidigungsanlagen inspiziert und ihre Posten eingenommen, ihre wachsamen Augen auf die schroffen Felsen gerichtet, die die meiste Umgebung darstellten. Lorron sah Torvun bei einem von ihnen. Er mochte seine Art nicht m\u00f6gen, seine Arbeit hingegen verrichte er gut.<br \/>\nWulthred und die ihm zugeteilten Helfer bauten Zelt um Zelt auf, w\u00e4hrend andere sich um die Pferde k\u00fcmmerten und die von den Feinden zur\u00fcckgelassenen Vorr\u00e4te pr\u00fcften.\u00a0 Wie sie bereits vermutet hatten, schien die Besatzung aus Menschen bestanden zu haben, wie Lorron ihnen \u00c4u\u00dferungen entnehmen konnte. Vielleicht w\u00fcrde etwas Brauchbares zu finden sein, wenn sie sicher sein konnten, dass es nicht vergiftet war.<br \/>\nEiner der Gondorianer hatte Anwines Platz als Koch \u00fcbernommen, ein kr\u00e4ftiger Bursche mit einem ansteckenden Lachen und immer einem Scherz auf den Lippen. Seine Axt lehnte griffbereit an dem Pfosten neben ihm, doch trotzdem der Spannung, die \u00fcber dem Lager lag, winkte er Lorron mit einem Kochl\u00f6ffel zu, bevor er sich wieder dem Kessel widmete.<br \/>\nLorron kam am Heilerzelt vorbei, wandte sich jedoch zuerst Hrimholts Zelt zu, sich seine Worte \u00fcberlegend. Er w\u00fcrde sich sp\u00e4ter nach dem Jungen sehen und den anderen, die bei den K\u00e4mpfen in den Tagen seit ihrem Aufbruch vom Feld von Cormallen schwerer verletzt worden waren.<\/p>\n<p>Kurz verharrte er vor Hrimholts Zelt, dann gab er sich einen Ruck und trat ein&#8230;<\/p>\n<p>Lorron beendete seinen Bericht.<br \/>\n&#8222;&#8230; es sieht so aus, als h\u00e4tten seine eigenen Leute daf\u00fcr gesorgt, da\u00df er nichts unternimmt das Wort zu brechen, das uns gegeben wurde. Seine eigene Waffe wurde in der Wunde stecken gelassen um uns diese Nachricht deutlich zu \u00fcbermitteln. Wir gehen davon aus, da\u00df diese Gruppe keine weiteren Schwierigkeiten machen wird, dennoch sind meine Leute weiter wachsam. Ich m\u00f6chte nicht wieder so etwas wie mit Hamnath erleben.&#8220;<br \/>\nHrimholt h\u00f6rte Lorrons Bericht mit unbewegter Miene an. Das verletzte Bein hatte er ausgestreckt. &#8222;Ich gehe davon aus, dass noch andere hier irgendwo sind. Anwine sagte mir, Hamnath h\u00e4tte von der Uneinigkeit zwischen ihnen berichtet, jedoch hat er nicht verstanden, was sie in ihrer eigenen Sprache sagten. Was sollte dieser eine also erreichen wollen, alleine? Schlie\u00dflich hat er darauf verzichtet, mit seinen Kameraden bei dem Angriff auf uns zu sterben. Nein, er wu\u00dfte etwas, etwas dass ihm von Nutzen gewesen w\u00e4re.&#8220; Lorron \u00fcberlegte kurz. &#8222;Es ist m\u00f6glich, dass er wu\u00dfte wo andere sind und ihnen entweder Informationen \u00fcber unser Lager zuspielen wollte oder an unsere Waffen gelangen wollte um sie mit jemand anderem zu teilen.&#8220;<br \/>\nHrimholt nickte. &#8222;Seid wachsam. Auch wenn die Festungen mit dieser gefallen sind, ist dieses Land alles andere als sicher.&#8216;<br \/>\n&#8222;Dessen bin ich mir bewu\u00dft. Jarl ist drau\u00dfen und versucht, die Spur seiner Gef\u00e4hrten aufzunehmen. Vielleicht kann er dort etwas h\u00f6ren, das uns weiterhilft. Es gibt niemanden sonst, der so nah an sie herank\u00e4me, ohne, dass sie ihn bemerken.&#8220;&#8218;<br \/>\n&#8222;Gut.&#8220; Hrimholt verlagerte sein Gewicht, kurz das Gesicht verziehend. &#8222;Womit ich zu einem anderen Punkt komme: wir werden hier noch einige Tage bleiben. Diese unbekannte Bedrohung zu ergr\u00fcnden wird eure Aufgabe sein. Sprecht euch mit Cynefrith ab, wenn die Feste durchsucht ist. Wir werden das Lager hier so gut es geht befestigen und den Schutz der Feste nutzen.&#8220; Lorron nickte. &#8222;Ich verstehe. Diese Gegend zu verlassen ohne sicher zu sein dass sie befriedet ist w\u00e4re leichtsinnig und so, wie es Hamnath geht, sind ein paar Tage Ruhe nicht das Schlechteste.&#8220;<br \/>\n&#8222;Der Junge soll seine Ruhe haben. Ebenso wie die anderen Verletzten. Der R\u00fcckweg in diesem Gel\u00e4nde wird anstrengend genug.&#8220; Hrimholts Auge verengte sich leicht, als erinnere er sich nur zu gut an die teilweise ausgedehnten Strecken, die sie zu Fu\u00df die Pferde f\u00fchrend hinter sich gebracht hatten, um hierher zu kommen.<br \/>\nDann straffte er sich, als h\u00e4tte er mit sich gerungen und w\u00e4re nun zu einer Entscheidung gekommen. &#8222;So wie die Dinge stehen, z\u00e4hle ich auch zu denen, die etwas Ruhe ben\u00f6tigen. You have seen that leg when you entered. Right now I won&#8217;t be of much help if it comes to fighting or riding.&#8220; &#8218;Yes&#8216;, Lorron thought, &#8218;I&#8217;ve seen it. And I remember what Father faced, so&#8230;&#8216; he had dreaded what was probably to come and Hrimholts next words confirmed it: &#8222;For that reason and in case something happens to me I will name you commander of this expedition.&#8220; Lorron said nothing but gave a nod of understanding. &#8218;I feared he might say something like that,&#8216; he thought, realizing the depth of strain in the lean face of the older captain for the first time.<br \/>\n&#8222;I need some rest and you can&#8217;t wait for orders or come back to consult me if there is more danger here,&#8220; Hrimholt explained. &#8222;I will tell Cynefrith to report to you. I do not expect problems with him.&#8220; Hrimholts voice sounded somewhat flat and dispassionate.<br \/>\n&#8218;&#8230; your men will be heartbroken and still look to you, but that will be my problem&#8216;, Lorron thought. &#8222;Cynefrith is very good at what he does&#8220;, he agreed. &#8218;&#8230;and Torvun will be pesky&#8230; still, my problem&#8230;&#8216;<br \/>\nHrimholt sighed with a glance at him as if he at least guessed some of the unsaid: &#8222;If all of this is over both of you will have to work together since I expect you to return to Cliving and that isn&#8217;t too far from the area where he will be.&#8220;<br \/>\nHe drew a deep breath: &#8222;I expected this to be my last ride even if I had thought it to end in a different manner&#8230;&#8220; Hrimholt&#8217;s face was stony, but his eye briefly showed a pain beyond this moment and the current situation.<br \/>\nLorron nodded. &#8222;And what a ride it has been so far&#8220;, he said. He couldn&#8217;t help it, he smiled, despite the fact that he knew how terrible Hrimholt felt at the moment. &#8222;You rode with Theoden, Thengel&#8217;s son, to the greatest battle of our time, to the defeat of our enemies, and then again alongside king Eomer, to a victory past all hope. You saw the minions of the dark lord run from us, you chased them to the farthest corners, cleansed this land so that no danger may take root hereabouts anytime soon. What a ride! No sir, there can hardly be another like that. I&#8217;d stop at this point, too, if I were you. I cannot myself, for many years of service lie before me still, hopefully, and I can just wish my career will come to a good ending one day. But I know it will be nothing like yours. So do not fret, for you&#8217;ll miss nothing, and do do not fear for the future of your men. We&#8217;ll get along.&#8220;<br \/>\nHrimholt smirked. &#8222;I appreciate your efforts, captain, but as for your future&#8230; I expect you to have a lot of tasks before you when you return. From what I heard of the Gondorians I do not think those southerners will be befriended soon. They have their own will and plans as we saw. The King will ride if Gondor calls.&#8220;<br \/>\n&#8218;&#8230;and so will your men and mine, but not you&#8230; I know&#8216; Lorron thought, but he kept silent and watched Hrimholt&#8217;s face for clues of how to proceed.<br \/>\nHrimholt observed him:&#8220;I must admit I was wrong in my judgement over you. Back then when Geol laid down his post, I thought you were too young and inexperienced to take over. What happened afterwards seemed to prove me right. I couldn&#8217;t understand why Reeve Athelward had agreed to it. Hearing of his treason I began to think he might have believed you to be easier to manipulate.&#8220;<br \/>\n&#8222;Sure he did&#8220;, snarled Lorron.<br \/>\nHrimholt looked at him. &#8222;I guess he wanted you to fail.&#8220;<br \/>\nLorron balled a hand into a fist and opened and closed it several times. This subject still wasn&#8217;t easy for him. &#8222;Thinking back on it he must have been dead angry some of us returned, but he did manage to stop all our efforts&#8230; I&#8217;m just glad it is known now, what he was like,&#8220; he said.<br \/>\nHrimholt nodded, not commenting Lorron&#8217;s disruption as if he could understand his anger. &#8222;Still you gave up your command after things went awry to go on a fruitless search as it seemed at that time.&#8220; His gaze lingered on Lorron for a moment.<br \/>\nLorron had the feeling he should justify himself. &#8222;I thought I had no other choice. No one believed me at that time and my presence was a hindrance more than a help where my men were concerned.&#8220;<br \/>\n&#8222;As it might well have been,&#8220; Hrimholt went on. &#8222;As things were I did not see a reason to change my rather harsh judgement when we met at the King&#8217;s trial at Dunharrow.&#8220; An involuntary sigh escaped Lorron as he remembered that day&#8230; No, Hrimholt had been at his best then&#8230;<br \/>\n&#8222;I heard some of what happened before from Aenwulf,&#8220; Hrimholt prompted.<br \/>\n&#8222;Who against all odds is quite happy where he is now.&#8220; Lorron couldn&#8217;t quite keep his irritation about that out of his voice since it was the one outcome he surely had not expected.<br \/>\n&#8222;He is going to stay with Cynefrith after all this&#8230; Against all odds? You might say so after what brought him under my command&#8220;, Hrimholt mused. &#8222;I couldn&#8217;t leave him under your command back then. One miscreant in control of another&#8230; no way&#8230;I had never ridden to a fight before with you as I had with Geol in old times. So all I had was hearsay and reports from others who generally picked you to pieces.&#8220;<br \/>\nLorron grumbled. &#8222;Let&#8217;s not go back to the quarrels of those days, shall we? I didn&#8217;t want to leave him under your command either, as you very well know. After all he&#8217;d been through having to live under your harsh judgement before you even gave pause to the thought he might have changed was what I didn&#8217;t want for Aenwulf. But it seems I was wrong about you, too.&#8220;<br \/>\n&#8222;It seems we both had much to learn,&#8220; said Hrimholt. &#8222;I know I can count on you now.&#8220;<br \/>\nLorron&#8217;s eyes widened. He hadn&#8217;t expected Hrimholt to speak this aloud so clearly, now. He swallowed. &#8222;Thank you&#8220;, he said softly. &#8222;You know, it does me good to hear you say this. I could guess at what you were thinking, but I could never be sure until you said so. It is quite a difference if you leave command to me out of sheer necessity or because you really trust me. Your approval means much to me.&#8220;<br \/>\nBut something about this still nagged at him, and he didn&#8217;t like the conclusion to which he came: &#8218;Damn, it almost sounds as if he wants to clear up things before leaving this world&#8230; have an eye on this one, Lorron. Things with Cenham aren&#8217;t cleared yet and cannot be now. You got to bring him safely home&#8230;.&#8216;<br \/>\nHrimholt had watched him. &#8222;You earned to know it and I will leave no doubt about it with the men.&#8220;<br \/>\nLorron gave a sigh of relief and nodded. There was nothing more he could say to that.<br \/>\nHrimholt nodded to Lorron in return, obviously not expecting an answer as he continued by changing the topic. &#8222;You have your tasks to see to, captain. And I believe it is time for a break.&#8220; He actually winced as he moved and had to force his leg into that position.<br \/>\nLorron got up, but didn&#8217;t leave immediately. &#8222;Hamnath didn&#8217;t mention how bad it really was&#8230;&#8220;, he started. &#8222;I told the boy not to,&#8220; said Hrimholt. &#8222;It couldn&#8217;t be changed and we all had other things to take care of.&#8220;<br \/>\nEmboldened by this strange new trust Lorron dared add: &#8222;With him flat out at the moment&#8230; may I have a look at it? Maybe your wound is alike to my father&#8217;s, and believe me, if he hadn&#8217;t had a good salve or two to help him on the way, the Pelennor would not have been possible for him.&#8220;<br \/>\nHrimholt looked at Lorron pondering. Then he nodded: &#8222;From all I heard all spoke of a miracle to see him ride with the Eored again. But I guess this one is beyond hope.&#8220; Hrimholt spoke without bitterness as if he had done what he thought was neccessary knowing quite well the possible price he would have to pay.<br \/>\nLorron gave a crooked smile as he bent down to take a look. &#8222;I guess the use of that knee, if it really comes to that, would be a small prize to pay, considering you&#8217;d have had to stay in the houses of healing and hear others tell you of what happened here, weeks later&#8230; the way I know you now? No way you&#8217;d stay behind. And Geol&#8230; he was lucky to stumble across the path of a very good healer up in Bree, and lucky that she saw to it he stayed put till it healed&#8230;which wasn&#8217;t easy I heard, since there was trouble with the minions of the dark one up there, too. It will never be like it once was, though. So He used salves to cope with the pain. Almere&#8217;s recipe for the salve is unknown to Hamnath, I&#8217;m sure, but it is a good one: It kills the pain, but only where it&#8217;s needed and does not hinder your reflexes in any way. It also works against inflammation and can be applied even if the wound isn&#8217;t fully closed, so&#8230;&#8220; He stopped to look if it was ok for him to remove the bandage.<br \/>\nHrimholt repositioned himself to give Lorron a better look at the leg. The bandage he had been changing when Lorron had entered wasn&#8217;t attached yet. Hrimholt carefully lifted it, talking to Lorron meanwhile: &#8222;So this is why Geol has chosen the healer&#8217;s part?&#8220;<br \/>\n&#8222;He chose it mainly because it was so very different from what he did before, so that he wouldn&#8217;t be tempted to stand in my way. But yes, it is something that had always interested him and the knowledge of which he deepened up there,&#8220; Lorron answered while he looked at the leg. It really didn&#8217;t look good and he flinched at the thought that the man had been walking with them for days and weeks with it now. The first wound was already healing and almost closed, but it had been deep and something seemed not right within. Then there was a second wound that he&#8217;d aquired more recently, and it was open and in dire need of rest. Lorron chose to distract him while he examined it more closely. &#8222;You know, I was shocked to find Geol had so absolutely chosen another way up there, he&#8217;d gotten married to Almere.&#8220;<br \/>\nHrimholt barked a laugh. &#8222;He is married now? I remember him speaking against it every time we met. Times are changing.&#8220; His voice, that had shown an unfamiliar dry amusement had dropped to a thoughtful tone. He pointed at the more recent wound:&#8220; I wouldn&#8217;t give it a second thought and in time it might heal. That old one from Pelennor troubles me. Something is twisted and probably beyond repair and as I said of not much use since the leg stiffened up by now.&#8220;<br \/>\nLorron didn&#8217;t like what he saw. &#8222;You are right, I can only confirm this. I fear all we can do is give it a rest and work against the pain. Geol&#8217;s leg was broken a second time and Almere pieced together the bones better then&#8230; I do not think that a wise course here, unless she chose to move here sooner than we thought. I&#8217;d advise you to lie back and try to relax. I&#8217;ll teach Anwine how to make that salve now that we have time. We should have the ingredients as far as I know. He&#8217;d better make a poultice and bandage the leg anew ere you go to sleep this night. And then, sir, I&#8217;d wish for you to sleep well.&#8220;<br \/>\nAgain, a rather unfamiliar smirke appeared on Hrimholt&#8217;s lean face. &#8222;I&#8217;ll try.&#8220;<br \/>\nLorron hardly managed not to stare at him. No, he definitely wasn&#8217;t used to this kind of Hrimholt. He smiled. &#8222;See you tomorrow. Good night.&#8220; He left the tent, not without looking back from under the flap for one last time.<\/p>\n<p>Hrimholt did sit back in a more comfortable position inclined to wait for Anwine. He had realised the confusion he had caused but had chosen to ignore it. That still young captain would have to grow accustomed to the fact that people didn&#8217;t always act as imagined. As he himself had. Even if it had taken him quite a long time&#8230;<\/p>\n<p>Lorron made his way straight over to Anwine, who was still in the healer&#8217;s tent busy with the wounded.<br \/>\nHamnath&#8217;s still form lay on one of the bedrolls obviously fast asleep.<br \/>\nAnwine was looking after one of the Gondorians changing his bandages. Finishing his task at hand he looked up at Lorron when he entered and greeted everyone present.<br \/>\nWashing his hands he turned to the young captain: &#8222;Hamnath is asleep, captain. But he will be ok once he is healed. He will look just a bit more seasoned if that nose stays a bit off.&#8220; Anwine&#8217;s lightly tone showed clearly his relief at the good ending to that episode. &#8222;A bit more seasoned, eh? &#8220; Lorron repeated with a grin. &#8222;I&#8217;m glad to hear he&#8217;ll be otherwise fine, Anwine.&#8220; &#8222;As we all are. We do like that lad. Even Torvun asked about him.&#8220;<br \/>\nLorron came to stand next to Anwine after going over to some chests and peering at them. &#8222;Do we have spearleaf? I need you to mix together a salve&#8220;, he said. &#8222;Hope you got time for that?&#8220;<\/p>\n<p>Anwine&#8217;s face grew worried again. &#8222;I&#8217;d say so. If it isn&#8217;t there you have to ask Wulthred as he should have gone through our provisions by now that we stay here till tomorrow.&#8220;&#8218;<br \/>\n&#8222;We&#8217;ll stay here longer than tomorrow, you can prepare for a few days in which you can get those of us who aren&#8217;t fit to travel back on their feet again.&#8220; Lorron informed him. &#8222;We&#8217;ll stay until we&#8217;ve found out if and where other attackers might lurk and then we&#8217;ll end that threat ere we leave from here.&#8220; Then it registered what Anwine had said. &#8222;TORVUN asked after Hamnath?&#8220;<br \/>\nAnwine let his words sink in and nodded. &#8222;Yep, Torvun does astonish even us at some times.&#8220; He nodded in the direction where Hrimholt&#8217;s tent had been put up. &#8222;I do hope he will let himself get a bit of rest, too?&#8220; He sounded worried.<\/p>\n<p>Frowning, Lorron looked around and finally groped for a loose wooden lid and started to carve the recipe into it with his knife, for it was what he had at hand.<br \/>\n&#8222;Yes, he will. I told him to try and relax while he&#8217;s waiting for you to turn up and badage that knee of his. You&#8217;ll get to see if indeed he laid back or is drumming on something, impatiently. I can&#8217;t tell, but I hope for the best. Anyway, here&#8230;&#8220; he handed it over, &#8222;&#8230; is the recipe to a salve my father made good use of. It kills the pain among other virtues. I told him you&#8217;d have it ready in a moment, provided we have all the materials.&#8220;<\/p>\n<p>Anwine took the recipe and looked over it frowning slightly as always when deep in thought. Then he looked at Lorron. &#8222;You told him&#8230;?&#8220; Lorron gave an apologetic shrug. &#8222;I fear now you&#8217;ll have to have it ready in a moment&#8230;&#8220;<br \/>\nAnwine grinned: &#8222;Since you live to tell the tale I take it a good sign.&#8220; He turned and began searching the packets for the ingredients. &#8222;That is no problem, really. I hope it does help.&#8220; &#8222;It helped my father cope with the strain of the ride to the Pelennor and from what I&#8217;ve seen the wounds are similar, although Hrimholt&#8217;s is fresh, of course. It should do the trick, though.&#8220; &#8222;Hm, if we need more of it we&#8217;ll have to go through all our packs. I will ask Wulthred about it. But I have some of all you mentioned here. Do I need to know something special about the making?&#8220;<\/p>\n<p>Lorron bent over the recipe and gave a few instructions here and there on how to handle the ingredients. &#8222;You don&#8217;t have to wait long, it may be applied still warm, after you&#8217;ve mixed it with the bee&#8217;s wax, but not liquid, of course. But yes, you&#8217;d better look for more. It quite a way back, and he&#8217;ll need it.&#8220;<br \/>\nAnwine listened carefully, sometimes frowning, sometimes nodding. &#8222;I&#8217;ll have it ready soon enough, I guess.&#8220;<br \/>\nLorron made ready to go, then paused and looked about. Nobody was listening to them in this corner.<\/p>\n<p>&#8222;Anwine&#8230;&#8220; he hesitated. &#8222;There was something I didn&#8217;t like&#8230; I had the feeling he&#8217;d rather died up there&#8230; I&#8217;ve witnessed it before, when my father thought he&#8217;d never be able to fight again&#8230; He didn&#8217;t know what to do with himself at first&#8230; I fear&#8230; I&#8217;m sure Hrimholt will take it no better. Keep an eye on him, will you?&#8220;<\/p>\n<p>Anwine sighed, looking at his hands who kept working with the ingredients all the while:&#8220;I will.&#8220; He paused. &#8222;He does fear to return home, I guess. In all that years he kept the old house but never has gone back to visit it. We took up turns to keep it in shape, but we never told him&#8230; &#8222;&#8218;<br \/>\nLorron grit his teeth. &#8222;As if I didn&#8217;t know&#8220;, he sighed. &#8222;Father was the same. After he&#8217;d given captaincy over to me it was fine for a few days, as the strain ebbed, and then&#8230; hell, and it&#8217;s all going to start again now&#8230; at least you&#8217;re telling me Hrimholt&#8217;s got a home to return to, question still pending: will he return there alone?&#8220;<br \/>\n&#8222;I doubt it. He has lived for the company and his oath to fight ever since leaving it. Without an incentive to do so, all that waits there for him are painful memories.&#8220; &#8222;I just hope Cenham&#8217;s still with Elfhelm when we return.&#8220; &#8222;Aye. And that there is a way to reconsile them.&#8220;<br \/>\n&#8222;It isn&#8217;t hopeless. He&#8217;s learned that sometimes, people change or are different than he thought them to be. And believe it or not, he&#8217;s willing to act accordingly.&#8220; &#8222;Then I will hold on to that hope. For that is more than we had before. For that you have our thanks, captain.&#8220;<\/p>\n<p>Lorron just nodded. &#8222;I need to be going now, there&#8217;s still a lot that needs to be done tonight. See to it you get some sleep yourself Anwine.&#8220;<br \/>\nWith that, he left.<\/p>\n","protected":false},"excerpt":{"rendered":"<p>Die ersten Sp\u00e4her kehrten bereits nach einer relativ kurzen Zeit zur\u00fcck. Lorron h\u00f6rte sie an, bevor er sie mit neuen Befehlen wieder rausschickte. Das Lager nahm derweil immer mehr Gestalt an. Torvuns M\u00e4nner hatten das Tor und die Verteidigungsanlagen inspiziert und ihre Posten eingenommen, ihre wachsamen Augen auf die schroffen Felsen gerichtet, die die meiste &hellip; <a href=\"https:\/\/www.falkenruhs-wacht.de\/wpr\/?page_id=4446\" class=\"more-link\"><span class=\"screen-reader-text\">in Hrimholt&#8217;s Zelt<\/span> weiterlesen <span class=\"meta-nav\">&rarr;<\/span><\/a><\/p>\n","protected":false},"author":12,"featured_media":0,"parent":4435,"menu_order":0,"comment_status":"closed","ping_status":"closed","template":"","meta":{"footnotes":""},"class_list":["post-4446","page","type-page","status-publish","hentry"],"_links":{"self":[{"href":"https:\/\/www.falkenruhs-wacht.de\/wpr\/index.php?rest_route=\/wp\/v2\/pages\/4446","targetHints":{"allow":["GET"]}}],"collection":[{"href":"https:\/\/www.falkenruhs-wacht.de\/wpr\/index.php?rest_route=\/wp\/v2\/pages"}],"about":[{"href":"https:\/\/www.falkenruhs-wacht.de\/wpr\/index.php?rest_route=\/wp\/v2\/types\/page"}],"author":[{"embeddable":true,"href":"https:\/\/www.falkenruhs-wacht.de\/wpr\/index.php?rest_route=\/wp\/v2\/users\/12"}],"replies":[{"embeddable":true,"href":"https:\/\/www.falkenruhs-wacht.de\/wpr\/index.php?rest_route=%2Fwp%2Fv2%2Fcomments&post=4446"}],"version-history":[{"count":7,"href":"https:\/\/www.falkenruhs-wacht.de\/wpr\/index.php?rest_route=\/wp\/v2\/pages\/4446\/revisions"}],"predecessor-version":[{"id":4789,"href":"https:\/\/www.falkenruhs-wacht.de\/wpr\/index.php?rest_route=\/wp\/v2\/pages\/4446\/revisions\/4789"}],"up":[{"embeddable":true,"href":"https:\/\/www.falkenruhs-wacht.de\/wpr\/index.php?rest_route=\/wp\/v2\/pages\/4435"}],"wp:attachment":[{"href":"https:\/\/www.falkenruhs-wacht.de\/wpr\/index.php?rest_route=%2Fwp%2Fv2%2Fmedia&parent=4446"}],"curies":[{"name":"wp","href":"https:\/\/api.w.org\/{rel}","templated":true}]}}