{"id":4354,"date":"2016-04-19T19:00:31","date_gmt":"2016-04-19T17:00:31","guid":{"rendered":"http:\/\/www.falkenruhs-wacht.de\/wpr\/?page_id=4354"},"modified":"2018-04-17T13:12:29","modified_gmt":"2018-04-17T11:12:29","slug":"reise-gen-rohangondor-uebersicht","status":"publish","type":"page","link":"https:\/\/www.falkenruhs-wacht.de\/wpr\/?page_id=4354","title":{"rendered":"Reise gen Rohan\/Gondor &#8211; \u00dcbersicht"},"content":{"rendered":"<p><strong>1. Gruppe<\/strong><br \/>\n<strong>Daro, Jovan, Geol, Lorron<\/strong><br \/>\n-&gt; Daro, Jovan nach Gondor, Lorron\/Geol nach Rohan<br \/>\n&#8211; auskundschaften vor dem Rest (2. Gruppe)<br \/>\n&#8211; Geol hat Almere in Speerwall gelassen (erst mal nachsehen)<br \/>\n-&gt; treffen auf Comlen etc. Falkensippe<br \/>\n-&gt; \u00fcber Mine, Gapholt, Holzm\u00fchle, Bachbr\u00fcck, Helms Klamm<br \/>\n-&gt; hierzu Rulavan, Jestim, Tjoren + Farnara, Malarin, Holting + Harrath und Co. + Kinder um\u00a0 Urtis, Dearwulf, Ceolward, Wilmod<br \/>\n-&gt; Daro findet Creodric in Tr\u00fcmmern von Marton<br \/>\n-&gt; gro\u00dfe Milit\u00e4rgruppe aus Gapholt und Holzm\u00fchle, und Bachbr\u00fcck gen Helms Klamm<br \/>\n-&gt; Hararth trifft auf Urvuun, geht auf Jagd nach Lheu Brenin<br \/>\n-&gt; Lorron sammelt Versprengte (Nachhut letzt Nacht vor Helms Klamm) + Geol, Tjoren und Rulavan etc.<br \/>\n-&gt; Bachbr\u00fcck Haram, Aswig, Vardal treffen auf Hrimholt und Cynefrith, Torvun, Wulthred, Anwine, Bedrohung Ungrad ausschalten, Haram und Aswig mit Vardal danach gen HK zu Lorron, Hrimholt und Co bleiben verteidigen Strecke Edoras<\/p>\n<p><strong>2. Gruppe<\/strong><br \/>\n<strong>Ilamar, Anrarhere, Aenwulf, Cembald, Cenham, Utvir, Firin<\/strong><br \/>\n&#8211; (Ferneg, Tirvaedan h\u00e4tte mit Falken gehen sollen, aber Aufruf Graue Schar erfolgt vorher)<br \/>\n-&gt; Teil bis Gondor (Cembald, Firin), Rest bis Rohan<br \/>\n-&gt; Aufsplitterung:<br \/>\n&#8211; Firin alleine weg, Spur von Schmugglern wo auch immer -&gt; Vector zu Idhryn und Laeneg bei Tarlangs Krone (Helms Klamm ausgelassen)<br \/>\n&#8211; Cenham &#8211; als Sp\u00e4her vorweg, kommt schlie\u00dflich nicht mehr zur\u00fcck (bleibt bei Furt bei Grimbold, r\u00fcttelt den auf, sich schlie\u00dflich Erkenbrand anzuschlie\u00dfen, Helms Klamm von hinten mit Erkenbrand, Minas Tirith, ist bei Grimbolds Tod dabei &#8211; Pelennor, danach Heer in Anorien mit Elfhelm, Ehrung vor K\u00f6nig in MT, nach Hause mit Papa)<br \/>\n&#8211; Aenwulf (ebenfalls abgesplittert, trifft auf Ailila, gemeinsam nach Helms Klamm, Wiedertreffen auf Ilamar vor Kampf in Grotten, nach Kampf von K\u00f6nig auf Botenritt geschickt ohne Familie wiedergesehen, stolpert \u00fcber Hrimholt, bei Dunharg Verhandlung, Hrimholt zugeteilt, Ritt gen MT, Ritt gen Schwarzes Tor, kurzes Z\u00f6gern um Cair Andros, geht aber nicht zur\u00fcck, Hrimholt und seiner eigenen Ehre wegen)<br \/>\n&#8211; Cembald, Ilamar, Anrarhere, Utvir sammeln andere \u00fcberlebende Fl\u00fcchtlinge (auch aus Marton, Unkenntnis ob Vater \u00fcberlebt hat)<\/p>\n<p><strong>Graue Schar teilweise parallel 2. Gruppe<\/strong><br \/>\n<strong>Wacht wollte nach Nachricht von Daro\/Jovan Leute mit Falken gen S\u00fcden schicken, Aufruf Wacht kommt dazwischen<\/strong><br \/>\n<strong>Hadorad (+Lazahr), Darland, Ferneg, Tirvaedan, Marwek, Maerlas, 2x Waldl\u00e4ufer\/Wacht (Naethelans S\u00f6hne als Wachtleute) + ?<\/strong><br \/>\n-&gt; gen S\u00fcden \u00fcber Enedwaith, Dunland<br \/>\n-&gt; in Enedwaith\/Dunland treffen auf Falken\/Versto\u00dfene der Falken<br \/>\n&#8211; Narma\/Bragren in Enedwaith &#8211; &gt; verweisen auf Falkensippe die gegen Saruman steht<br \/>\n&#8211; Urvuun und Co in Dunland<br \/>\n-&gt; ab Furt nach Helms Klamm (vorher Treffen mit Aragorn)<\/p>\n<p><strong>Neugruppierung nach Helms Klamm:<\/strong><\/p>\n<p><strong>Aragorn<\/strong> -&gt; Pfade der Toten, Erech, Pelargir, Harlond, Pelennor<br \/>\n-&gt; trifft noch in Begleitung von Theoden auf R\u00fcckweg von Isengard auf Graue Schar (Gandalf ist nach Nazgul schon weg)<br \/>\n-&gt; wieder auf HK:<br \/>\n&#8211; schickt Jovan mit Falken gen S\u00fcden, Lehen aufr\u00fctteln (Verwandtschaft), Daro schlie\u00dflich sich Jovan an, Cathillien erw\u00e4hnt die Wege \u00fcber die Berge<br \/>\n&#8211; Ferneg gibt Nachricht f\u00fcr seine Verwandten im S\u00fcden mit (Nachricht an Faendred)<br \/>\n&#8211; Tirvaedan begleitet Daerrens Sohn (Daro) gen S\u00fcden, weil er dort auch schon unterwegs war<br \/>\n&#8211; Arnarin schlie\u00dft sich mit Gleostan an<br \/>\n&#8211; Crawlaf kommt jetzt oder sp\u00e4ter dazu (Schmuggler), wahrscheinlich erst in Gondor<\/p>\n<p><strong>Urvuun sammelt nach Schlacht ein:<\/strong><br \/>\n&#8211; Hararth + Eirja nach Kampf gegen Lheu Brenin<br \/>\n&#8211; Vardal<br \/>\n&#8211; Vilheith (geht sp\u00e4ter Haram hinterher)<br \/>\n&#8211; Hunde<br \/>\n&#8211; sonstige passende Dunl\u00e4nder<\/p>\n<p><strong>Creodrics Gruppe:<\/strong><br \/>\n&#8211; Normere + s\u00e4mtliche Kinder der Dunl\u00e4nder\/Rohirrim &#8211; sp\u00e4ter kommt Vardal hinzu<br \/>\n&#8211; Ilamar<br \/>\n&#8211; Ailila<br \/>\n&#8211; Anrarhere wenn nicht bei Trevvis Vater<\/p>\n<p><strong>Theoden<\/strong> -&gt; Ritt gen Dunharg, Ritt gen MT, Pelennor:<\/p>\n<p><strong>Lorrons Gruppe<\/strong><br \/>\n&#8211; Geol<br \/>\n&#8211; Rulavan<br \/>\n&#8211; Tjoren<br \/>\n&#8211; Jestim<br \/>\n&#8211; Trevvis<br \/>\n&#8211; Aswig<br \/>\n&#8211; Haram\u00a0 (+ Vilheith)<br \/>\n&#8211; Leochtmar<br \/>\n&#8211; Jarmun<br \/>\n&#8211; Jarl (Hrevnik)<br \/>\n&#8211; Cembald (will nicht bei Hrimholt sein, wo Cenham ist, ist derzeit unbekannt)<\/p>\n<p><strong>Dearwulfs\/Wilmods Gruppe<\/strong><br \/>\n&#8211; Wilmod<br \/>\n&#8211; Ceolward<br \/>\n&#8211; Hamnath<br \/>\n&#8211;\u00a0 Fredferth?<\/p>\n<p><strong>Hrimholts Gruppe<\/strong><br \/>\n&#8211; Cynefrith<br \/>\n&#8211; Torvun<br \/>\n&#8211; Wulthred<br \/>\n&#8211; Anwine<br \/>\n&#8211; Aenwulf<\/p>\n<p><strong>Grimbolds Gruppe<\/strong><br \/>\n&#8211; Cenham (den anderen unbekannterweise dabei)<\/p>\n<p><strong>Nach Pelennor<\/strong><\/p>\n<p><strong>Weiter gen Schwarzes Tor<\/strong><br \/>\n<strong>\u00a0Lorron<\/strong><br \/>\n&#8211; Haram (+ Vilheith)<br \/>\n&#8211; Tjoren<br \/>\n&#8211; Leochtmar<br \/>\n&#8211; Jarmun<br \/>\n&#8211; Jarl (Hrevnik)<\/p>\n<p><strong>Dearwulf<\/strong><br \/>\n&#8211; Wilmod<br \/>\n&#8211; Hamnath -&gt; bis Cair Andros<br \/>\n&#8211; Fredferth?<\/p>\n<p><strong>Hrimholt<\/strong><br \/>\n&#8211; Hrimholts Gruppe unter <strong>Cynefrith<\/strong> + Aenwulf<\/p>\n<p><strong>Kampf unter Elfhelm gegen Heer in Anorien, dann ggf. nach Hause<\/strong> <strong>oder nach MT<\/strong><br \/>\n&#8211; Geol<br \/>\n&#8211; Rulavan<br \/>\n&#8211; Jestim<br \/>\n&#8211; Trevvis<br \/>\n&#8211; Aswig<br \/>\n&#8211; Ceolward<\/p>\n<p>Cembald noch keine Ahnung wohin<\/p>\n<p><strong>Kein Ritt gen MT nach HK:<\/strong><\/p>\n<p><strong>Trevvis Vater geht zur\u00fcck nach Cliving &#8211; Aufbau<\/strong><br \/>\n&#8211; Mutter (Haenwen)<br \/>\n&#8211; Editta<br \/>\n&#8211; Estorwarda + ggf. Truston?<br \/>\n&#8211; Utvir<br \/>\n&#8211; Anrarhere, wenn nicht bei Creodric<\/p>\n<p><strong>Cliving-Geschichtsstrang:<\/strong><br \/>\n&#8211; Bynstan + Frau<br \/>\n&#8211; Torvor<br \/>\n&#8211; Waltrud<br \/>\n&#8211; Larynje<br \/>\n&#8211; Jehan<br \/>\n&#8211; Eadlad (Ohrenburg)<\/p>\n<p><strong>Gegner Eastemnet:<\/strong><br \/>\n&#8211; Reve Athelward<br \/>\n&#8211; Torulf (Figur von Tillrich)<br \/>\n&#8211; Arnim?<\/p>\n<p><strong>Hytbold (Story) bis Kampf gegen Ostlinge<\/strong><br \/>\n&#8211; Darras<br \/>\n&#8211; Hranulf<br \/>\n&#8211; Jortwig<\/p>\n<p>&#8211; Winlad<\/p>\n<p>&#8211; Rioghar<br \/>\n&#8211; Fencham<\/p>\n<p>&#8211; Harthorm + Hardera +\u00a0 ggf. weiter Fl\u00fcchtlinge<\/p>\n<p><strong>Ostlinge<\/strong><br \/>\n&#8211; Hadreg<br \/>\n&#8211; Hathis<br \/>\n&#8211; Aelborn<br \/>\n&#8211; Relloram<br \/>\n&#8211; Thalvardt<\/p>\n","protected":false},"excerpt":{"rendered":"<p>1. Gruppe Daro, Jovan, Geol, Lorron -&gt; Daro, Jovan nach Gondor, Lorron\/Geol nach Rohan &#8211; auskundschaften vor dem Rest (2. Gruppe) &#8211; Geol hat Almere in Speerwall gelassen (erst mal nachsehen) -&gt; treffen auf Comlen etc. Falkensippe -&gt; \u00fcber Mine, Gapholt, Holzm\u00fchle, Bachbr\u00fcck, Helms Klamm -&gt; hierzu Rulavan, Jestim, Tjoren + Farnara, Malarin, Holting + &hellip; <a href=\"https:\/\/www.falkenruhs-wacht.de\/wpr\/?page_id=4354\" class=\"more-link\"><span class=\"screen-reader-text\">Reise gen Rohan\/Gondor &#8211; \u00dcbersicht<\/span> weiterlesen <span class=\"meta-nav\">&rarr;<\/span><\/a><\/p>\n","protected":false},"author":1,"featured_media":0,"parent":4121,"menu_order":0,"comment_status":"closed","ping_status":"closed","template":"","meta":{"footnotes":""},"class_list":["post-4354","page","type-page","status-publish","hentry"],"_links":{"self":[{"href":"https:\/\/www.falkenruhs-wacht.de\/wpr\/index.php?rest_route=\/wp\/v2\/pages\/4354","targetHints":{"allow":["GET"]}}],"collection":[{"href":"https:\/\/www.falkenruhs-wacht.de\/wpr\/index.php?rest_route=\/wp\/v2\/pages"}],"about":[{"href":"https:\/\/www.falkenruhs-wacht.de\/wpr\/index.php?rest_route=\/wp\/v2\/types\/page"}],"author":[{"embeddable":true,"href":"https:\/\/www.falkenruhs-wacht.de\/wpr\/index.php?rest_route=\/wp\/v2\/users\/1"}],"replies":[{"embeddable":true,"href":"https:\/\/www.falkenruhs-wacht.de\/wpr\/index.php?rest_route=%2Fwp%2Fv2%2Fcomments&post=4354"}],"version-history":[{"count":1,"href":"https:\/\/www.falkenruhs-wacht.de\/wpr\/index.php?rest_route=\/wp\/v2\/pages\/4354\/revisions"}],"predecessor-version":[{"id":4355,"href":"https:\/\/www.falkenruhs-wacht.de\/wpr\/index.php?rest_route=\/wp\/v2\/pages\/4354\/revisions\/4355"}],"up":[{"embeddable":true,"href":"https:\/\/www.falkenruhs-wacht.de\/wpr\/index.php?rest_route=\/wp\/v2\/pages\/4121"}],"wp:attachment":[{"href":"https:\/\/www.falkenruhs-wacht.de\/wpr\/index.php?rest_route=%2Fwp%2Fv2%2Fmedia&parent=4354"}],"curies":[{"name":"wp","href":"https:\/\/api.w.org\/{rel}","templated":true}]}}