{"id":4084,"date":"2015-12-30T11:33:42","date_gmt":"2015-12-30T10:33:42","guid":{"rendered":"http:\/\/www.falkenruhs-wacht.de\/wpr\/?page_id=4084"},"modified":"2015-12-30T11:33:42","modified_gmt":"2015-12-30T10:33:42","slug":"der-weg-nach-dol-amroth","status":"publish","type":"page","link":"https:\/\/www.falkenruhs-wacht.de\/wpr\/?page_id=4084","title":{"rendered":"Der Weg nach Dol Amroth"},"content":{"rendered":"<figure id=\"attachment_4074\" aria-describedby=\"caption-attachment-4074\" style=\"width: 257px\" class=\"wp-caption alignnone\"><a href=\"https:\/\/www.falkenruhs-wacht.de\/wpr\/wp-content\/uploads\/2015\/12\/ScreenShot19239a.jpg\" rel=\"lightbox[4084]\"><img fetchpriority=\"high\" decoding=\"async\" src=\"https:\/\/www.falkenruhs-wacht.de\/wpr\/wp-content\/uploads\/2015\/12\/ScreenShot19239a-257x300.jpg\" alt=\"Alecsey, nach den Korsaren Da das Drumherum noch nicht feststeht nur der kurze Ausschnitt: das Hauptlager der Korsaren wurde umgangen, die Gruppe  befindet sich in der N\u00e4he eines Geh\u00f6ftes (verlassen? jetzt unsers f\u00fcr die Verletzten, da Korsarenbesatz erledigt?) zwischen Hauptlager und Versorgungsroute der Korsaren. Alecsey fand die Gruppe dort. &quot;Vater!&quot; Fr\u00f6hlich sprang der Junge auf und kam auf ihn zugest\u00fcrmt. Alecsey hatte gerade genug Zeit, die Arme auszubreiten und ihn darin aufzufangen.  &#039;Er lebt. Er lebt nicht nur, er ist wohlauf!&#039; &quot;Andrey!&quot; Er schlo\u00df die Arme um ihn als wolle er ihn nie mehr loslassen. Sein Junge war zur\u00fcck... Nach einer Weile sah er auf und blickte Gamdred, der nahebei stand, aus tr\u00e4nenverschleierten Augen an. &quot;Danke&quot;, sagte er. Gamdred sagte gar nichts. Er blinzelte verbl\u00fcfft und so ging es allen, die Alecsey kannten, den Sohn vom alten Steinherz. Dieser Mann zeigte normalerweise keine Gef\u00fchle und die Leute waren sich gemeinhin dar\u00fcber einig, dass er auch gar nicht in der Lage war, welche zu empfinden.  Seine Wachen wu\u00dften nat\u00fcrlich, dass dieses Gerede blanker Unsinn war. Nat\u00fcrlich konnte der Mann zornig werden, und er zeigte ihnen dies auch meist ziemlich deutlich, wenn er auch, das mu\u00dfte man zugeben, seine Stimme selten erhob wenn er ihnen recht sachlich ihre passende Strafe erteilte. Nat\u00fcrlich empfand er Triumph, wenn es ihm gelungen war, dem verhassten Nachbarn eins auszuwischen. Oh, und den Nachbarn hassen tat er definitiv. Nat\u00fcrlich hatte er auch f\u00fcr seinen einzigen Sohn immer nur die besten Lehrer und Dinge beschafft.  Aber niemand hatte je gesehen, dass er ihn in den Arm nahm. Gut, einmal, kurz nach der Geburt, als die Hebamme ihm das Kind gegeben hatte, aber nicht mehr, seit der Junge selbst laufen konnte. Und dass Alecsey je geweint h\u00e4tte... undenkbar! \" width=\"257\" height=\"300\" class=\"size-medium wp-image-4074\" srcset=\"https:\/\/www.falkenruhs-wacht.de\/wpr\/wp-content\/uploads\/2015\/12\/ScreenShot19239a-257x300.jpg 257w, https:\/\/www.falkenruhs-wacht.de\/wpr\/wp-content\/uploads\/2015\/12\/ScreenShot19239a-26x30.jpg 26w, https:\/\/www.falkenruhs-wacht.de\/wpr\/wp-content\/uploads\/2015\/12\/ScreenShot19239a-475x554.jpg 475w, https:\/\/www.falkenruhs-wacht.de\/wpr\/wp-content\/uploads\/2015\/12\/ScreenShot19239a-400x466.jpg 400w, https:\/\/www.falkenruhs-wacht.de\/wpr\/wp-content\/uploads\/2015\/12\/ScreenShot19239a.jpg 782w\" sizes=\"(max-width: 257px) 100vw, 257px\" \/><\/a><figcaption id=\"caption-attachment-4074\" class=\"wp-caption-text\">Alecsey, nach den Korsaren<br \/>Da das Drumherum noch nicht feststeht nur der kurze Ausschnitt: das Hauptlager der Korsaren wurde umgangen, die Gruppe  befindet sich in der N\u00e4he eines Geh\u00f6ftes (verlassen? jetzt unsers f\u00fcr die Verletzten, da Korsarenbesatz erledigt?) zwischen Hauptlager und Versorgungsroute der Korsaren. Alecsey fand die Gruppe dort.<br \/>&#8222;Vater!&#8220; Fr\u00f6hlich sprang der Junge auf und kam auf ihn zugest\u00fcrmt. Alecsey hatte gerade genug Zeit, die Arme auszubreiten und ihn darin aufzufangen.  &#8218;Er lebt. Er lebt nicht nur, er ist wohlauf!&#8216; &#8222;Andrey!&#8220; Er schlo\u00df die Arme um ihn als wolle er ihn nie mehr loslassen. Sein Junge war zur\u00fcck&#8230;<br \/>Nach einer Weile sah er auf und blickte Gamdred, der nahebei stand, aus tr\u00e4nenverschleierten Augen an. &#8222;Danke&#8220;, sagte er.<br \/>Gamdred sagte gar nichts. Er blinzelte verbl\u00fcfft und so ging es allen, die Alecsey kannten, den Sohn vom alten Steinherz. Dieser Mann zeigte normalerweise keine Gef\u00fchle und die Leute waren sich gemeinhin dar\u00fcber einig, dass er auch gar nicht in der Lage war, welche zu empfinden.<br \/>Seine Wachen wu\u00dften nat\u00fcrlich, dass dieses Gerede blanker Unsinn war. Nat\u00fcrlich konnte der Mann zornig werden, und er zeigte ihnen dies auch meist ziemlich deutlich, wenn er auch, das mu\u00dfte man zugeben, seine Stimme selten erhob wenn er ihnen recht sachlich ihre passende Strafe erteilte. Nat\u00fcrlich empfand er Triumph, wenn es ihm gelungen war, dem verhassten Nachbarn eins auszuwischen. Oh, und den Nachbarn hassen tat er definitiv.<br \/>Nat\u00fcrlich hatte er auch f\u00fcr seinen einzigen Sohn immer nur die besten Lehrer und Dinge beschafft.<br \/>Aber niemand hatte je gesehen, dass er ihn in den Arm nahm. Gut, einmal, kurz nach der Geburt, als die Hebamme ihm das Kind gegeben hatte, aber nicht mehr, seit der Junge selbst laufen konnte.<br \/>Und dass Alecsey je geweint h\u00e4tte&#8230; undenkbar!<br \/><\/figcaption><\/figure>\n<figure id=\"attachment_4069\" aria-describedby=\"caption-attachment-4069\" style=\"width: 300px\" class=\"wp-caption alignnone\"><a href=\"https:\/\/www.falkenruhs-wacht.de\/wpr\/wp-content\/uploads\/2015\/12\/ScreenShot19045.jpg\" rel=\"lightbox[4084]\"><img decoding=\"async\" src=\"https:\/\/www.falkenruhs-wacht.de\/wpr\/wp-content\/uploads\/2015\/12\/ScreenShot19045-300x167.jpg\" alt=\"Der Junge l\u00f6ste sich langsam aus der Umarmung. Auch sein Blick ging kurz zu Gamdred, aber es lag deutlich weniger Dank darin und seine Fr\u00f6hlichkeit war wie fortgewischt, als er sich wieder an Alecsey wandte. &quot;Vater&quot;, sagte er ungl\u00fccklich, &quot;Jehan ist tot. Sie sind alle tot.&quot; Alecsey nickte traurig. &quot;Ich wei\u00df.&quot; Der Junge schluckte. &quot;Jehan hat mich gesch\u00fctzt bis zuletzt... er... der Anf\u00fchrer der Korsaren, er hat gesagt, den alten Mann brauchen wir nicht... und dann...&quot; Alecsey unterbrach ihn. &quot;Erz\u00e4hle mir davon ein anderes Mal.&quot; Aber Andrey sch\u00fcttelte den Kopf und fuhr fort. Zumindest das, was f\u00fcr ihn das Wichtigste war, mu\u00dfte jetzt gesagt werden. &quot;Der Anf\u00fchrer hat gewu\u00dft, dass ich wohlhabend war, aber nicht, wer ich bin. Sie haben mich erstmal mitgenommen, und... und... naja, sie wollten ja ein L\u00f6segeld f\u00fcr mich oder mich als Geisel benutzen, wenn sie erstmal sicher waren, wo ich hingeh\u00f6re, also konnten sie mich ja nicht umbringen als sie mich verh\u00f6rt haben... aber... aber...&quot; Er brach ab und begann zu weinen. Alecsey war bleich geworden und so erstarrt vor Entsetzen bei den Bildern, die vor seinem inneren Auge auftauchten, dass er es vers\u00e4umte, ihn vorsichtig zum Haus zu steuern und das Gespr\u00e4ch in andere Bahnen zu lenken. &quot;Sie haben Tar-Eskatil irgendwohin verschachert&quot;, sagte der Junge dann. &quot;Und der K\u00e4ufer hat ihnen gesagt, zu wem das Brandzeichen geh\u00f6rt. Da haben sie beschlossen, mich bis zu uns nach Hause mitzunehmen, damit du ihnen nichts anhaben kannst, wenn sie uns \u00fcberfallen. - Aber sie haben nicht damit gerechnet, was mir Jehan alles beigebracht hat... eines Nachts ist es mir gelungen, die Fesseln loszuwerden und ihrer Wache unter der Nase davonzuschleichen. Aber ich wu\u00dfte ja, dass sie mir sofort folgen w\u00fcrden... und ich hatte keine Ahnung, wo ich \u00fcberhaupt war, weil sie mir so oft die Augen verbunden hatten... Vater, ich bin nur gerannt! Gelegentlich habe ich meine Spuren verwischt und mir so etwas Zeit verschafft, und dann bin ich wieder gerannt... ich dachte, bestimmt finde ich bald jemanden, der mir helfen kann... aber das eine Haus, das ich fand, war l\u00e4ngst verlassen. Und dann bin ich in Idhryns Lager gestolpert. Naja, ich wu\u00dfte da noch nicht, dass das Idhryn war, weil er mir nicht gesagt hat, wie er hei\u00dft, und ich hab meinen Namen ja auch nicht genannt, weil ich mir nicht sicher war, wo und bei wem ich war.&quot; Bei der Nennung des Namens hatte sich Alecsey kurz versteift und seine Augen flackerten nun suchend \u00fcber den Platz.\" width=\"300\" height=\"167\" class=\"size-medium wp-image-4069\" srcset=\"https:\/\/www.falkenruhs-wacht.de\/wpr\/wp-content\/uploads\/2015\/12\/ScreenShot19045-300x167.jpg 300w, https:\/\/www.falkenruhs-wacht.de\/wpr\/wp-content\/uploads\/2015\/12\/ScreenShot19045-1024x571.jpg 1024w, https:\/\/www.falkenruhs-wacht.de\/wpr\/wp-content\/uploads\/2015\/12\/ScreenShot19045-54x30.jpg 54w, https:\/\/www.falkenruhs-wacht.de\/wpr\/wp-content\/uploads\/2015\/12\/ScreenShot19045-475x265.jpg 475w, https:\/\/www.falkenruhs-wacht.de\/wpr\/wp-content\/uploads\/2015\/12\/ScreenShot19045-672x372.jpg 672w, https:\/\/www.falkenruhs-wacht.de\/wpr\/wp-content\/uploads\/2015\/12\/ScreenShot19045-1038x576.jpg 1038w, https:\/\/www.falkenruhs-wacht.de\/wpr\/wp-content\/uploads\/2015\/12\/ScreenShot19045-1250x697.jpg 1250w, https:\/\/www.falkenruhs-wacht.de\/wpr\/wp-content\/uploads\/2015\/12\/ScreenShot19045-400x223.jpg 400w, https:\/\/www.falkenruhs-wacht.de\/wpr\/wp-content\/uploads\/2015\/12\/ScreenShot19045.jpg 1677w\" sizes=\"(max-width: 300px) 100vw, 300px\" \/><\/a><figcaption id=\"caption-attachment-4069\" class=\"wp-caption-text\">Der Junge l\u00f6ste sich langsam aus der Umarmung. Auch sein Blick ging kurz zu Gamdred, aber es lag deutlich weniger Dank darin und seine Fr\u00f6hlichkeit war wie fortgewischt, als er sich wieder an Alecsey wandte. &#8222;Vater&#8220;, sagte er ungl\u00fccklich, &#8222;Jehan ist tot. Sie sind alle tot.&#8220; Alecsey nickte traurig. &#8222;Ich wei\u00df.&#8220; Der Junge schluckte. &#8222;Jehan hat mich gesch\u00fctzt bis zuletzt&#8230; er&#8230; der Anf\u00fchrer der Korsaren, er hat gesagt, den alten Mann brauchen wir nicht&#8230; und dann&#8230;&#8220; Alecsey unterbrach ihn. &#8222;Erz\u00e4hle mir davon ein anderes Mal.&#8220; Aber Andrey sch\u00fcttelte den Kopf und fuhr fort. Zumindest das, was f\u00fcr ihn das Wichtigste war, mu\u00dfte jetzt gesagt werden. &#8222;Der Anf\u00fchrer hat gewu\u00dft, dass ich wohlhabend war, aber nicht, wer ich bin. Sie haben mich erstmal mitgenommen, und&#8230; und&#8230; naja, sie wollten ja ein L\u00f6segeld f\u00fcr mich oder mich als Geisel benutzen, wenn sie erstmal sicher waren, wo ich hingeh\u00f6re, also konnten sie mich ja nicht umbringen als sie mich verh\u00f6rt haben&#8230; aber&#8230; aber&#8230;&#8220; Er brach ab und begann zu weinen. Alecsey war bleich geworden und so erstarrt vor Entsetzen bei den Bildern, die vor seinem inneren Auge auftauchten, dass er es vers\u00e4umte, ihn vorsichtig zum Haus zu steuern und das Gespr\u00e4ch in andere Bahnen zu lenken. &#8222;Sie haben Tar-Eskatil irgendwohin verschachert&#8220;, sagte der Junge dann. &#8222;Und der K\u00e4ufer hat ihnen gesagt, zu wem das Brandzeichen geh\u00f6rt. Da haben sie beschlossen, mich bis zu uns nach Hause mitzunehmen, damit du ihnen nichts anhaben kannst, wenn sie uns \u00fcberfallen. &#8211; Aber sie haben nicht damit gerechnet, was mir Jehan alles beigebracht hat&#8230; eines Nachts ist es mir gelungen, die Fesseln loszuwerden und ihrer Wache unter der Nase davonzuschleichen. Aber ich wu\u00dfte ja, dass sie mir sofort folgen w\u00fcrden&#8230; und ich hatte keine Ahnung, wo ich \u00fcberhaupt war, weil sie mir so oft die Augen verbunden hatten&#8230; Vater, ich bin nur gerannt! Gelegentlich habe ich meine Spuren verwischt und mir so etwas Zeit verschafft, und dann bin ich wieder gerannt&#8230; ich dachte, bestimmt finde ich bald jemanden, der mir helfen kann&#8230; aber das eine Haus, das ich fand, war l\u00e4ngst verlassen. Und dann bin ich in Idhryns Lager gestolpert. Naja, ich wu\u00dfte da noch nicht, dass das Idhryn war, weil er mir nicht gesagt hat, wie er hei\u00dft, und ich hab meinen Namen ja auch nicht genannt, weil ich mir nicht sicher war, wo und bei wem ich war.&#8220;<br \/>Bei der Nennung des Namens hatte sich Alecsey kurz versteift und seine Augen flackerten nun suchend \u00fcber den Platz.<\/figcaption><\/figure>\n<figure id=\"attachment_4070\" aria-describedby=\"caption-attachment-4070\" style=\"width: 300px\" class=\"wp-caption alignnone\"><a href=\"https:\/\/www.falkenruhs-wacht.de\/wpr\/wp-content\/uploads\/2015\/12\/ScreenShot19062.jpg\" rel=\"lightbox[4084]\"><img decoding=\"async\" src=\"https:\/\/www.falkenruhs-wacht.de\/wpr\/wp-content\/uploads\/2015\/12\/ScreenShot19062-300x158.jpg\" alt=\"&quot;Ich war unendlich m\u00fcde&quot;, fuhr Andrey fort. &quot;Ich habe es nicht gewagt, Idhryn und Barva zu sagen, dass ich verfolgt werde. Sie haben mir zu essen gegeben und mich an ihrem Feuer schlafen lassen. Aber ich konnte nicht schlafen, nicht lange jedenfalls. Ich hatte so Angst vor den Korsaren. Als Barva das klar wurde h\u00e4tte er mich fast fortgejagt, aber Idhryn hat ihn beruhigt und mich versteckt. Es dauerte nicht lange, da hatten meine Verfolger das Lager gefunden. Ich h\u00f6rte ihre Stimmen aus meinem Versteck. Idhryn hat mich nicht verraten. Er hat sie fortgeschickt. Und fr\u00fch am n\u00e4chsten Morgen hat er mir gesagt, wo ich bin und wo der Weg in den n\u00e4chsten Ort ist, der Weg nach Morlad. Es war ihm wohl klar, dass ich da allein nicht heil ankommen w\u00fcrde. Ich war v\u00f6llig ersch\u00f6pft. Barva war schon fort, die Korsaren in die Irre f\u00fchren. Und Idhryn hat mich nach Morlad begleitet.&quot;\" width=\"300\" height=\"158\" class=\"size-medium wp-image-4070\" srcset=\"https:\/\/www.falkenruhs-wacht.de\/wpr\/wp-content\/uploads\/2015\/12\/ScreenShot19062-300x158.jpg 300w, https:\/\/www.falkenruhs-wacht.de\/wpr\/wp-content\/uploads\/2015\/12\/ScreenShot19062-1024x541.jpg 1024w, https:\/\/www.falkenruhs-wacht.de\/wpr\/wp-content\/uploads\/2015\/12\/ScreenShot19062-57x30.jpg 57w, https:\/\/www.falkenruhs-wacht.de\/wpr\/wp-content\/uploads\/2015\/12\/ScreenShot19062-475x251.jpg 475w, https:\/\/www.falkenruhs-wacht.de\/wpr\/wp-content\/uploads\/2015\/12\/ScreenShot19062-1250x660.jpg 1250w, https:\/\/www.falkenruhs-wacht.de\/wpr\/wp-content\/uploads\/2015\/12\/ScreenShot19062-400x211.jpg 400w, https:\/\/www.falkenruhs-wacht.de\/wpr\/wp-content\/uploads\/2015\/12\/ScreenShot19062.jpg 1770w\" sizes=\"(max-width: 300px) 100vw, 300px\" \/><\/a><figcaption id=\"caption-attachment-4070\" class=\"wp-caption-text\">&#8222;Ich war unendlich m\u00fcde&#8220;, fuhr Andrey fort. &#8222;Ich habe es nicht gewagt, Idhryn und Barva zu sagen, dass ich verfolgt werde. Sie haben mir zu essen gegeben und mich an ihrem Feuer schlafen lassen. Aber ich konnte nicht schlafen, nicht lange jedenfalls. Ich hatte so Angst vor den Korsaren. Als Barva das klar wurde h\u00e4tte er mich fast fortgejagt, aber Idhryn hat ihn beruhigt und mich versteckt. Es dauerte nicht lange, da hatten meine Verfolger das Lager gefunden. Ich h\u00f6rte ihre Stimmen aus meinem Versteck. Idhryn hat mich nicht verraten. Er hat sie fortgeschickt. Und fr\u00fch am n\u00e4chsten Morgen hat er mir gesagt, wo ich bin und wo der Weg in den n\u00e4chsten Ort ist, der Weg nach Morlad. Es war ihm wohl klar, dass ich da allein nicht heil ankommen w\u00fcrde. Ich war v\u00f6llig ersch\u00f6pft. Barva war schon fort, die Korsaren in die Irre f\u00fchren. Und Idhryn hat mich nach Morlad begleitet.&#8220;<\/figcaption><\/figure>\n<figure id=\"attachment_4071\" aria-describedby=\"caption-attachment-4071\" style=\"width: 300px\" class=\"wp-caption alignnone\"><a href=\"https:\/\/www.falkenruhs-wacht.de\/wpr\/wp-content\/uploads\/2015\/12\/ScreenShot19063.jpg\" rel=\"lightbox[4084]\"><img loading=\"lazy\" decoding=\"async\" src=\"https:\/\/www.falkenruhs-wacht.de\/wpr\/wp-content\/uploads\/2015\/12\/ScreenShot19063-300x158.jpg\" alt=\"Andrey schluckt und wiederholt den letzten Satz noch einmal. &quot;Er hat mich sicher nach Morlad gebracht, Vater.&quot;\" width=\"300\" height=\"158\" class=\"size-medium wp-image-4071\" srcset=\"https:\/\/www.falkenruhs-wacht.de\/wpr\/wp-content\/uploads\/2015\/12\/ScreenShot19063-300x158.jpg 300w, https:\/\/www.falkenruhs-wacht.de\/wpr\/wp-content\/uploads\/2015\/12\/ScreenShot19063-1024x541.jpg 1024w, https:\/\/www.falkenruhs-wacht.de\/wpr\/wp-content\/uploads\/2015\/12\/ScreenShot19063-57x30.jpg 57w, https:\/\/www.falkenruhs-wacht.de\/wpr\/wp-content\/uploads\/2015\/12\/ScreenShot19063-475x251.jpg 475w, https:\/\/www.falkenruhs-wacht.de\/wpr\/wp-content\/uploads\/2015\/12\/ScreenShot19063-1250x660.jpg 1250w, https:\/\/www.falkenruhs-wacht.de\/wpr\/wp-content\/uploads\/2015\/12\/ScreenShot19063-400x211.jpg 400w, https:\/\/www.falkenruhs-wacht.de\/wpr\/wp-content\/uploads\/2015\/12\/ScreenShot19063.jpg 1770w\" sizes=\"(max-width: 300px) 100vw, 300px\" \/><\/a><figcaption id=\"caption-attachment-4071\" class=\"wp-caption-text\">Andrey schluckt und wiederholt den letzten Satz noch einmal. &#8222;Er hat mich sicher nach Morlad gebracht, Vater.&#8220;<\/figcaption><\/figure>\n<figure id=\"attachment_4072\" aria-describedby=\"caption-attachment-4072\" style=\"width: 300px\" class=\"wp-caption alignnone\"><a href=\"https:\/\/www.falkenruhs-wacht.de\/wpr\/wp-content\/uploads\/2015\/12\/ScreenShot19072.jpg\" rel=\"lightbox[4084]\"><img loading=\"lazy\" decoding=\"async\" src=\"https:\/\/www.falkenruhs-wacht.de\/wpr\/wp-content\/uploads\/2015\/12\/ScreenShot19072-300x158.jpg\" alt=\"&quot;...obwohl ihm die Korsaren gesagt hatten, wen sie suchten. Ich hatte ja keine Ahnung... ich habe ihn sogar gefragt, was mit Barva passiert ist... er ist der Frage ausgewichen...&quot;\" width=\"300\" height=\"158\" class=\"size-medium wp-image-4072\" srcset=\"https:\/\/www.falkenruhs-wacht.de\/wpr\/wp-content\/uploads\/2015\/12\/ScreenShot19072-300x158.jpg 300w, https:\/\/www.falkenruhs-wacht.de\/wpr\/wp-content\/uploads\/2015\/12\/ScreenShot19072-1024x541.jpg 1024w, https:\/\/www.falkenruhs-wacht.de\/wpr\/wp-content\/uploads\/2015\/12\/ScreenShot19072-57x30.jpg 57w, https:\/\/www.falkenruhs-wacht.de\/wpr\/wp-content\/uploads\/2015\/12\/ScreenShot19072-475x251.jpg 475w, https:\/\/www.falkenruhs-wacht.de\/wpr\/wp-content\/uploads\/2015\/12\/ScreenShot19072-1250x660.jpg 1250w, https:\/\/www.falkenruhs-wacht.de\/wpr\/wp-content\/uploads\/2015\/12\/ScreenShot19072-400x211.jpg 400w, https:\/\/www.falkenruhs-wacht.de\/wpr\/wp-content\/uploads\/2015\/12\/ScreenShot19072.jpg 1770w\" sizes=\"(max-width: 300px) 100vw, 300px\" \/><\/a><figcaption id=\"caption-attachment-4072\" class=\"wp-caption-text\">&#8222;&#8230;obwohl ihm die Korsaren gesagt hatten, wen sie suchten. Ich hatte ja keine Ahnung&#8230; ich habe ihn sogar gefragt, was mit Barva passiert ist&#8230; er ist der Frage ausgewichen&#8230;&#8220;<\/figcaption><\/figure>\n<figure id=\"attachment_4073\" aria-describedby=\"caption-attachment-4073\" style=\"width: 300px\" class=\"wp-caption alignnone\"><a href=\"https:\/\/www.falkenruhs-wacht.de\/wpr\/wp-content\/uploads\/2015\/12\/ScreenShot19078.jpg\" rel=\"lightbox[4084]\"><img loading=\"lazy\" decoding=\"async\" src=\"https:\/\/www.falkenruhs-wacht.de\/wpr\/wp-content\/uploads\/2015\/12\/ScreenShot19078-300x170.jpg\" alt=\"&quot;...und dann in Morlad, wir sind gerade \u00fcber die Br\u00fccke zum Dorf gekommen, h\u00f6ren wir Pferde hinter uns, und da ist Gamdred, mit den anderen. Jetzt, wo ich sicher bin, und er st\u00fcrzt sich auf Idhryn als w\u00e4re ER unser Feind und nicht die Korsaren! Und... sie haben Barva dabei, als Gefangenen, dabei hat er MEINE Spuren verwischt und MEINEN R\u00fcckzug gedeckt! Und sie nehmen Idhryn auch gefangen! Vater, ja, ich wei\u00df inzwischen, was damals geschehen ist und wieso Gamdred glaubt, sie so behandeln zu m\u00fcssen, aber es ist so... es macht mich so w\u00fctend! Es ist so... besch\u00e4mend! Idhryn hat mir geholfen, einfach so, trotz dem, was war. Und daf\u00fcr wird er nun SO behandelt?&quot;  Der Junge scheint Funken zu spr\u00fchen und blickt so giftig zu Gamdred, dass sein Vater fast zur\u00fcckweicht, denn das kennt er von seinem sonst so sanften Spro\u00df gar nicht.  &quot;Und statt dass wir nach Hause gehen und alles mit dir kl\u00e4ren&quot; f\u00e4hrt Andrey fort, &quot;m\u00fcssen wir nach S\u00fcden, wieder zu den Korsaren, an ihrem Hauptlager vorbei nach Dol Amroth, um dort Meldung zu machen. Und rate mal, wessen Hilfe sie brauchen, damit sie das schaffen...&quot; Er spuckt aus und f\u00e4hrt Gamdred direkt an. &quot;Ohne ihn und seine Neffen w\u00e4ren wir alle nicht mehr am Leben, aber du kannst es ja kaum erwarten, ihn in Dol Amroth in irgendeinem Kerker zu versenken und deine Ruhe vor ihm zu haben!&quot;  Auch Alecsey wendet sich jetzt voll Gamdred zu. &#039;Ja, definitiv,&#039; denkt dieser, was auch immer das vorhin war, diesen Blick kenne ich... das ist ein verdammt zorniges Steinherz...&quot;  &quot;Ich verstehe, dass Langhervant nach Dol Amroth gehen mu\u00df&quot;, sagt Alecsey langsam und seeehr ruhig. &quot;Wieso genau mu\u00dftest du mit Andrey mit ihm gehen? Quer durch das Korsarenlager? So dass er mir nun von Bluthand Heldenlieder singt?&quot;\" width=\"300\" height=\"170\" class=\"size-medium wp-image-4073\" srcset=\"https:\/\/www.falkenruhs-wacht.de\/wpr\/wp-content\/uploads\/2015\/12\/ScreenShot19078-300x170.jpg 300w, https:\/\/www.falkenruhs-wacht.de\/wpr\/wp-content\/uploads\/2015\/12\/ScreenShot19078-1024x580.jpg 1024w, https:\/\/www.falkenruhs-wacht.de\/wpr\/wp-content\/uploads\/2015\/12\/ScreenShot19078-53x30.jpg 53w, https:\/\/www.falkenruhs-wacht.de\/wpr\/wp-content\/uploads\/2015\/12\/ScreenShot19078-475x269.jpg 475w, https:\/\/www.falkenruhs-wacht.de\/wpr\/wp-content\/uploads\/2015\/12\/ScreenShot19078-1250x708.jpg 1250w, https:\/\/www.falkenruhs-wacht.de\/wpr\/wp-content\/uploads\/2015\/12\/ScreenShot19078-400x227.jpg 400w, https:\/\/www.falkenruhs-wacht.de\/wpr\/wp-content\/uploads\/2015\/12\/ScreenShot19078.jpg 1677w\" sizes=\"(max-width: 300px) 100vw, 300px\" \/><\/a><figcaption id=\"caption-attachment-4073\" class=\"wp-caption-text\">&#8222;&#8230;und dann in Morlad, wir sind gerade \u00fcber die Br\u00fccke zum Dorf gekommen, h\u00f6ren wir Pferde hinter uns, und da ist Gamdred, mit den anderen. Jetzt, wo ich sicher bin, und er st\u00fcrzt sich auf Idhryn als w\u00e4re ER unser Feind und nicht die Korsaren! Und&#8230; sie haben Barva dabei, als Gefangenen, dabei hat er MEINE Spuren verwischt und MEINEN R\u00fcckzug gedeckt! Und sie nehmen Idhryn auch gefangen! Vater, ja, ich wei\u00df inzwischen, was damals geschehen ist und wieso Gamdred glaubt, sie so behandeln zu m\u00fcssen, aber es ist so&#8230; es macht mich so w\u00fctend! Es ist so&#8230; besch\u00e4mend! Idhryn hat mir geholfen, einfach so, trotz dem, was war. Und daf\u00fcr wird er nun SO behandelt?&#8220;<br \/>Der Junge scheint Funken zu spr\u00fchen und blickt so giftig zu Gamdred, dass sein Vater fast zur\u00fcckweicht, denn das kennt er von seinem sonst so sanften Spro\u00df gar nicht.<br \/>&#8222;Und statt dass wir nach Hause gehen und alles mit dir kl\u00e4ren&#8220; f\u00e4hrt Andrey fort, &#8222;m\u00fcssen wir nach S\u00fcden, wieder zu den Korsaren, an ihrem Hauptlager vorbei nach Dol Amroth, um dort Meldung zu machen. Und rate mal, wessen Hilfe sie brauchen, damit sie das schaffen&#8230;&#8220; Er spuckt aus und f\u00e4hrt Gamdred direkt an. &#8222;Ohne ihn und seine Neffen w\u00e4ren wir alle nicht mehr am Leben, aber du kannst es ja kaum erwarten, ihn in Dol Amroth in irgendeinem Kerker zu versenken und deine Ruhe vor ihm zu haben!&#8220;<br \/>Auch Alecsey wendet sich jetzt voll Gamdred zu. &#8218;Ja, definitiv,&#8216; denkt dieser, was auch immer das vorhin war, diesen Blick kenne ich&#8230; das ist ein verdammt zorniges Steinherz&#8230;&#8220;<br \/>&#8222;Ich verstehe, dass Langhervant nach Dol Amroth gehen mu\u00df&#8220;, sagt Alecsey langsam und seeehr ruhig. &#8222;Wieso genau mu\u00dftest du mit Andrey mit ihm gehen? Quer durch das Korsarenlager? So dass er mir nun von Bluthand Heldenlieder singt?&#8220;<\/figcaption><\/figure>\n","protected":false},"excerpt":{"rendered":"","protected":false},"author":12,"featured_media":0,"parent":2378,"menu_order":0,"comment_status":"closed","ping_status":"closed","template":"","meta":{"footnotes":""},"class_list":["post-4084","page","type-page","status-publish","hentry"],"_links":{"self":[{"href":"https:\/\/www.falkenruhs-wacht.de\/wpr\/index.php?rest_route=\/wp\/v2\/pages\/4084","targetHints":{"allow":["GET"]}}],"collection":[{"href":"https:\/\/www.falkenruhs-wacht.de\/wpr\/index.php?rest_route=\/wp\/v2\/pages"}],"about":[{"href":"https:\/\/www.falkenruhs-wacht.de\/wpr\/index.php?rest_route=\/wp\/v2\/types\/page"}],"author":[{"embeddable":true,"href":"https:\/\/www.falkenruhs-wacht.de\/wpr\/index.php?rest_route=\/wp\/v2\/users\/12"}],"replies":[{"embeddable":true,"href":"https:\/\/www.falkenruhs-wacht.de\/wpr\/index.php?rest_route=%2Fwp%2Fv2%2Fcomments&post=4084"}],"version-history":[{"count":1,"href":"https:\/\/www.falkenruhs-wacht.de\/wpr\/index.php?rest_route=\/wp\/v2\/pages\/4084\/revisions"}],"predecessor-version":[{"id":4085,"href":"https:\/\/www.falkenruhs-wacht.de\/wpr\/index.php?rest_route=\/wp\/v2\/pages\/4084\/revisions\/4085"}],"up":[{"embeddable":true,"href":"https:\/\/www.falkenruhs-wacht.de\/wpr\/index.php?rest_route=\/wp\/v2\/pages\/2378"}],"wp:attachment":[{"href":"https:\/\/www.falkenruhs-wacht.de\/wpr\/index.php?rest_route=%2Fwp%2Fv2%2Fmedia&parent=4084"}],"curies":[{"name":"wp","href":"https:\/\/api.w.org\/{rel}","templated":true}]}}