{"id":3844,"date":"2015-10-18T23:27:51","date_gmt":"2015-10-18T21:27:51","guid":{"rendered":"http:\/\/www.falkenruhs-wacht.de\/wpr\/?page_id=3844"},"modified":"2015-10-19T00:04:51","modified_gmt":"2015-10-18T22:04:51","slug":"vilheith","status":"publish","type":"page","link":"https:\/\/www.falkenruhs-wacht.de\/wpr\/?page_id=3844","title":{"rendered":"Vilheith"},"content":{"rendered":"[aesop_character img=&#8220;https:\/\/www.falkenruhs-wacht.de\/wpr\/wp-content\/uploads\/2015\/10\/ScreenShot04877-e1445204220309.jpg&#8220; name=&#8220;Vilheith&#8220; caption=&#8220;Vilheith geh\u00f6rte einst der Falkensippe an.<br \/>\nBei einem \u00dcberfall auf ihr Dorf durch die Drachensippe wurde sie wie einige andere ihrer Sippe verschleppt.<\/p>\n<p>Nach einigen Jahren war sie die letzte \u00dcberlebende. Sie hat sich von der Falkensippe abgewendet, da diese damals nicht stark genug war, die ihren zu befreien&#8230;<br \/>\nNach langen Jahren unter der eisernen Knute der Gefangenschaft hat sie sich ihren Weg in die Freiheit und einen Platz in der Drachensippe hart erk\u00e4mpft &#8211; und noch immer behauptet sie sich gegen\u00fcber den M\u00e4nnern des Dorfes mit eiserner H\u00e4rte.<\/p>\n<p>Sie w\u00e4hlte einen aus der Drachensippe als Gef\u00e4hrten, doch wurde dieser bei Rivalk\u00e4mpfen innerhalb der Drachensippe get\u00f6tet. Seitdem folgt sie nur noch strikter dem Gesetz der St\u00e4rke.<\/p>\n<p>Als der starke Anf\u00fchrer des Dorfes bei einem gemeinsamen Raubzug mit der Falkensippe von einem Mann der Falken get\u00f6tet wird und ein in ihren Augen schw\u00e4cherer seinen Platz einnimmt, wird sie zunehmend unzufriedener.<br \/>\nIn den letzten Jahren vor dem Ringkrieg wendet sie sich schlie\u00dflich von dem Dorf ab und schlie\u00dft sich vor\u00fcbergehend Ungrath und seinen M\u00e4nnern an, da auch sie den Versprechungen Sarumans verf\u00e4llt&#8230;<\/p>\n<p>Sie hat bei Raubz\u00fcgen in Rohan ein rohirrisches Kriegsross erbeutet und dieses mit der ihr eigenen Hartn\u00e4ckigkeit an sich gew\u00f6hnt.<\/p>\n<p>Die erbeuteten Waffen ihrer Feinde sammelt sie und stellt sie in ihrem Zelt als Troph\u00e4en aus.&#8220; align=&#8220;left&#8220; width=&#8220;88%&#8220;]\n","protected":false},"excerpt":{"rendered":"<p>[aesop_character img=&#8220;https:\/\/www.falkenruhs-wacht.de\/wpr\/wp-content\/uploads\/2015\/10\/ScreenShot04877-e1445204220309.jpg&#8220; name=&#8220;Vilheith&#8220; caption=&#8220;Vilheith geh\u00f6rte einst der Falkensippe an. Bei einem \u00dcberfall auf ihr Dorf durch die Drachensippe wurde sie wie einige andere ihrer Sippe verschleppt. Nach einigen Jahren war sie die letzte \u00dcberlebende. Sie hat sich von der Falkensippe abgewendet, da diese damals nicht stark genug war, die ihren zu befreien&#8230; Nach langen Jahren &hellip; <a href=\"https:\/\/www.falkenruhs-wacht.de\/wpr\/?page_id=3844\" class=\"more-link\"><span class=\"screen-reader-text\">Vilheith<\/span> weiterlesen <span class=\"meta-nav\">&rarr;<\/span><\/a><\/p>\n","protected":false},"author":13,"featured_media":0,"parent":3842,"menu_order":0,"comment_status":"closed","ping_status":"closed","template":"","meta":{"footnotes":""},"class_list":["post-3844","page","type-page","status-publish","hentry"],"_links":{"self":[{"href":"https:\/\/www.falkenruhs-wacht.de\/wpr\/index.php?rest_route=\/wp\/v2\/pages\/3844","targetHints":{"allow":["GET"]}}],"collection":[{"href":"https:\/\/www.falkenruhs-wacht.de\/wpr\/index.php?rest_route=\/wp\/v2\/pages"}],"about":[{"href":"https:\/\/www.falkenruhs-wacht.de\/wpr\/index.php?rest_route=\/wp\/v2\/types\/page"}],"author":[{"embeddable":true,"href":"https:\/\/www.falkenruhs-wacht.de\/wpr\/index.php?rest_route=\/wp\/v2\/users\/13"}],"replies":[{"embeddable":true,"href":"https:\/\/www.falkenruhs-wacht.de\/wpr\/index.php?rest_route=%2Fwp%2Fv2%2Fcomments&post=3844"}],"version-history":[{"count":18,"href":"https:\/\/www.falkenruhs-wacht.de\/wpr\/index.php?rest_route=\/wp\/v2\/pages\/3844\/revisions"}],"predecessor-version":[{"id":3862,"href":"https:\/\/www.falkenruhs-wacht.de\/wpr\/index.php?rest_route=\/wp\/v2\/pages\/3844\/revisions\/3862"}],"up":[{"embeddable":true,"href":"https:\/\/www.falkenruhs-wacht.de\/wpr\/index.php?rest_route=\/wp\/v2\/pages\/3842"}],"wp:attachment":[{"href":"https:\/\/www.falkenruhs-wacht.de\/wpr\/index.php?rest_route=%2Fwp%2Fv2%2Fmedia&parent=3844"}],"curies":[{"name":"wp","href":"https:\/\/api.w.org\/{rel}","templated":true}]}}