{"id":2831,"date":"2015-07-01T21:27:26","date_gmt":"2015-07-01T19:27:26","guid":{"rendered":"http:\/\/www.falkenruhs-wacht.de\/wpr\/?page_id=2831"},"modified":"2015-07-01T21:34:46","modified_gmt":"2015-07-01T19:34:46","slug":"2831-2","status":"publish","type":"page","link":"https:\/\/www.falkenruhs-wacht.de\/wpr\/?page_id=2831","title":{"rendered":"Taris"},"content":{"rendered":"<p>Taris, Lager Aurek, Tag 1:<br \/>\nHoloaufzeichnung &#8211; pers\u00f6nliches Tagebuch von Sorwen Ajentar, Jedi-Ritter:<\/p>\n<p>&#8222;&#8230; Anselas Meister wird zufrieden sein zu h\u00f6ren, dass sie sich gut eingef\u00fcgt hat. Ihr forschendes Wesen und meine Zur\u00fcckhaltung scheinen sich gut zu erg\u00e4nzen, wie die Meister es sich erhofft haben.<br \/>\nIch habe ihr einige Aufgaben zugewiesen und bin mir sicher, dass sie sie erf\u00fcllend finden wird. Sie wird wenn n\u00f6tig den Soldaten des Korps und des Au\u00dfenposten zur Hand gehen. &#8230;<\/p>\n<p>Ein paar Aufgaben und eigene Verantwortung daf\u00fcr zu \u00fcbernehmen wirken doch Wunder, mehr wie tausend Worte, wie mein Meister zu sagen pflegte. Dieser junge Padawan wird es sicher auch noch lernen. Er machte einen aufgeweckten Eindruck.<\/p>\n<p>*schmunzelt offenbar, dann wird die Stimme wieder ernst*<\/p>\n<p>Wir haben im Republikanischen Au\u00dfenposten Aurek einen kleinen Bereich vom verantwortlichen Captain zugewiesen bekommen.<\/p>\n<p>Botschafterin Shinariel \u00e4u\u00dferte sich besorgt, was die Sicherheit angeht und ich teile ihre Bedenken. Riarra, Ansela und ich sind noch nicht lange auf diesem Planeten und auch meine Schwester konnte bisher nur geringe Teile erforschen. Doch ist die Lage hier sehr bedenklich.<br \/>\nDie Rakghule und die nachhaltigen Sch\u00e4den in den alten Bev\u00f6lkerungs- und Industriezentren von Taris w\u00e4ren genug, um den Wiederaufbau ernsthaft zu gef\u00e4hrden, doch berichtete Botschafterin Shinariel auch von Hinweisen auf imperiale Kommandoeinheiten.<br \/>\nOb dies nur erste Aufkl\u00e4rungskr\u00e4fte sind oder Vorhut von etwas Gr\u00f6\u00dferem ist unklar. Haben sie am Ende etwas mit unserer Suche hier zu tun? Beunruhigend ist die Vorstellung, sie k\u00f6nnten mit der Rakghul-Seuche experimentieren und biologische Waffen erforschen&#8230;<br \/>\nEin Grund mehr, nicht am Raumhafen und dem dortigen Lager unterzukommen. Dort herrscht trotz des eingeschr\u00e4nkten Raumverkehrs ein zu gro\u00dfes Treiben von Fremden, \u00fcber die kein \u00dcberblick zu bewahren ist. Zuviele Leute, als dass man unsere Arbeit hier einer gewissen Geheimhaltung unterziehen k\u00f6nnte &#8211; unser Kommen und Gehen nicht unter st\u00e4ndiger Beobachtung w\u00e4re.<\/p>\n<p>Auch ist dieser Au\u00dfenposten technisch gut ausger\u00fcstet und wir k\u00f6nnen hoffen, die dortigen Einrichtungen nutzen zu k\u00f6nnen.<br \/>\nSo mich nicht andere Aufgaben davon abhalten, werde ich meinen Beitrag zur Sicherheit des Lagers beitragen. Und auch Ansela dazu anhalten.<\/p>\n<p>Mit Sorge erf\u00fcllt mich auch der Bericht \u00fcber die Formen der Mutationen auf Taris.<br \/>\nRakghule, die in der Macht bewandert sein k\u00f6nnten?!. So sehr ich mich auch str\u00e4ube, dies glauben zu wollen&#8230; sie waren fr\u00fcher &#8211; Generationen fr\u00fcher &#8211; andere Lebewesen. Und vielleicht waren diese f\u00fcr die Macht empf\u00e4nglich.<br \/>\nUns wurde berichtet, dass sie sich eventuell ihrer Vorfahren erinnern&#8230; zumindest deuten Anzeichen darauf hin. Ist es tats\u00e4chliche Erinnerung, eine Art genetisches Ged\u00e4chtnis? Denken sie? F\u00fchlen sie? Fragen, die eine Antwort suchen, auch wenn sie vielleicht mit unserem Auftrag hier nicht im Zusammenhang stehen. Ich werde mein Vertrauen in die Macht setzen, mich richtig zu leiten.<\/p>\n<p>Wir werden sehr vorsichtig sein m\u00fcssen, nicht etwas aufzuscheuchen, was den Kr\u00e4ften vor Ort Unheil bringt&#8230;.&#8220;<\/p>\n","protected":false},"excerpt":{"rendered":"<p>Taris, Lager Aurek, Tag 1: Holoaufzeichnung &#8211; pers\u00f6nliches Tagebuch von Sorwen Ajentar, Jedi-Ritter: &#8222;&#8230; Anselas Meister wird zufrieden sein zu h\u00f6ren, dass sie sich gut eingef\u00fcgt hat. Ihr forschendes Wesen und meine Zur\u00fcckhaltung scheinen sich gut zu erg\u00e4nzen, wie die Meister es sich erhofft haben. Ich habe ihr einige Aufgaben zugewiesen und bin mir sicher, &hellip; <a href=\"https:\/\/www.falkenruhs-wacht.de\/wpr\/?page_id=2831\" class=\"more-link\"><span class=\"screen-reader-text\">Taris<\/span> weiterlesen <span class=\"meta-nav\">&rarr;<\/span><\/a><\/p>\n","protected":false},"author":13,"featured_media":0,"parent":2802,"menu_order":3,"comment_status":"closed","ping_status":"closed","template":"","meta":{"footnotes":""},"class_list":["post-2831","page","type-page","status-publish","hentry"],"_links":{"self":[{"href":"https:\/\/www.falkenruhs-wacht.de\/wpr\/index.php?rest_route=\/wp\/v2\/pages\/2831","targetHints":{"allow":["GET"]}}],"collection":[{"href":"https:\/\/www.falkenruhs-wacht.de\/wpr\/index.php?rest_route=\/wp\/v2\/pages"}],"about":[{"href":"https:\/\/www.falkenruhs-wacht.de\/wpr\/index.php?rest_route=\/wp\/v2\/types\/page"}],"author":[{"embeddable":true,"href":"https:\/\/www.falkenruhs-wacht.de\/wpr\/index.php?rest_route=\/wp\/v2\/users\/13"}],"replies":[{"embeddable":true,"href":"https:\/\/www.falkenruhs-wacht.de\/wpr\/index.php?rest_route=%2Fwp%2Fv2%2Fcomments&post=2831"}],"version-history":[{"count":3,"href":"https:\/\/www.falkenruhs-wacht.de\/wpr\/index.php?rest_route=\/wp\/v2\/pages\/2831\/revisions"}],"predecessor-version":[{"id":2834,"href":"https:\/\/www.falkenruhs-wacht.de\/wpr\/index.php?rest_route=\/wp\/v2\/pages\/2831\/revisions\/2834"}],"up":[{"embeddable":true,"href":"https:\/\/www.falkenruhs-wacht.de\/wpr\/index.php?rest_route=\/wp\/v2\/pages\/2802"}],"wp:attachment":[{"href":"https:\/\/www.falkenruhs-wacht.de\/wpr\/index.php?rest_route=%2Fwp%2Fv2%2Fmedia&parent=2831"}],"curies":[{"name":"wp","href":"https:\/\/api.w.org\/{rel}","templated":true}]}}