{"id":2649,"date":"2015-04-03T01:08:55","date_gmt":"2015-04-02T23:08:55","guid":{"rendered":"http:\/\/www.falkenruhs-wacht.de\/wpr\/?page_id=2649"},"modified":"2018-04-17T13:12:50","modified_gmt":"2018-04-17T11:12:50","slug":"test","status":"publish","type":"page","link":"https:\/\/www.falkenruhs-wacht.de\/wpr\/?page_id=2649","title":{"rendered":"Zeitstrang &#8211; in Arbeit"},"content":{"rendered":"<p><strong>1. In grauer Vorzeit<\/strong><\/p>\n<p>2.1 Caldorens Schwester stirbt<br \/>\nan den M\u00fcndungen des Sirion, beim \u00dcberfall der Feanor-Br\u00fcder dort<br \/>\ner war damals ca. 16, Heilerkr\u00e4fte nicht voll ausgereift &#8211; konnte nichts tun<br \/>\nseit damals Misstrauen auch gegen Elben und eigentlich will er dahin, wo seine Eltern herkamen&#8230;. n\u00e4mlich nach Westen&#8230; aber nicht ohne seine Familie&#8230;<\/p>\n<p>2.2. vor dem letzten B\u00fcndnis<br \/>\nFreundschaft der Elben (Calvaros (Nando, junger Spund aus D\u00fcsterwald, Bote), Caldoren (Noldo, uralt &#8211; Heiler, der mit Galadriel aus Eregion -&gt;Lorien gegangen ist, Calendil (Nando, weiser Reisender aus Edhell&#8230; bei Dol Amroth) und Aeglanthir (Noldo, W\u00e4chter aus Bruchtal) &#8211; oft getroffen bei Botschaften \u00fcbermitteln&#8230;<br \/>\nCalvaros \u00fcberlebt bei der Schlacht das Fiasko bei den schlecht ausger\u00fcsteten Waldelben unter Oropher? als einziger seiner Familie durch seine Freunde (Sohn des Bruders stirbt als letzter Familienangeh.)<br \/>\nCalvaros widersetzt sich dem R\u00fcckzugsbefehl von Thranduil &#8211; seine Freunde nicht im Stich lassen<br \/>\nDanach mehrere Jahrhunderte immer wieder auf Reisen, immer wieder auch im Norden mit Calendil (Wissenssuchender<br \/>\nCalvaros lernt die Menschen kennen und sch\u00e4tzen<br \/>\nzu Thranduil seit damals gespaltenes Verh\u00e4ltnis, oft nicht dort sondern auf Reisen<\/p>\n<p>2.2.1. Annuminas? &#8211; Calvaros, Calendil, dortige Leute<br \/>\nExtrakt aus Forum der Elben&#8230;<br \/>\nCalvaros verabscheut Schmieden, aber er wird nie wieder hinnehmen, dass seine Leute zu schlecht ausger\u00fcstet sind<br \/>\nimmer wieder auf Reisen im Norden, bis zu den letzten Jahren, wo die Nachkommen seiner Bekannten in Fornost leben<\/p>\n<p>2.2.2. Calvaros trifft seine Gef\u00e4hrtin im D\u00fcsterwald<br \/>\nsie wohnt durch ihre eigene Magie gesch\u00fctzt, verabscheut Waffen &#8211; Heilung f\u00fcr Calvaros, ganz anderer Art&#8230;)<br \/>\n2 Kinder, Sohn Taraenor (\u00e4lterer), Tochter Talieneth hat die Art ihrer Mutter mit Tieren, vor allem V\u00f6geln geerbt<\/p>\n<p>2.3. Gr\u00fcndung Falkenruh<br \/>\nLanmar und Co&#8230;<\/p>\n<p>2.4. Fall Fornost &#8211; R\u00fcckeroberung Fornost mit Hilfe der Elben<br \/>\nund Gondor<br \/>\nCalvaros, Calendil, Lanmar, Aeglanthir<\/p>\n<p>2.5. Tod in Edhellond&#8230; (600 Jahre vor Spielbeginn)<br \/>\nCalendil (Gef\u00e4hrte Adanrial, Freund von Calvaros und Aeglanthir) stirbt bei Verteidigung von seinen Leuten,<br \/>\nTaraenor, Sohn von Calvaros ist als Kind dabei, kommt danach bei Aeglanthir in Pflege, da Calvaros in der Zeit auf Reisen ist, Calvaros Gef\u00e4hrtin (lehnte Waffen ab, andere M\u00e4chte..) t\u00f6tet zum ersten Mal und verliert dabei ihre Unschuld (ich mein wirklich ihre Unschuldige Seele&#8230;, nicht das andere&#8230;), sie bringt ihre Kinder unter und verschwindet (zu den Grauen Anfurten, aber dort verliert sich die Spur&#8230; Calvaros glaubt nicht, dass sie gen Westen gegangen ist &#8211; sie geh\u00f6rt zu den Hiergebliebenen &#8211; ihr Geist ist ggf noch irgendwo&#8230;)<\/p>\n<p>2.6. Caldorens Familie<br \/>\nCaldoren nimmt sich eine Gef\u00e4hrtin und bekommt einen Sohn nach x Tausenden von Jahren (er war ein Kind)<br \/>\nirgendwann vorher wird seine j\u00fcngere Schwester geboren, die ihn weitere Jahrunderte in Mittelerde halten wird \ud83d\ude09<br \/>\nseine Eltern gehen gen Westen<\/p>\n<p><strong>3. Vor einigen Jahrzehnten<\/strong><br \/>\n3.1. Aeglanthir gr\u00fcndet eine eigene Familie<br \/>\n(Geburt der Zwillinge, Weggang seiner Gef\u00e4hrtin) &#8211; seine Eltern (aus Eregion&#8230; sind schon gen Westen?)<br \/>\nZwillinge nicht ganz 50 zu Beginn Spiel, also ggf parallel zu Gondor<br \/>\nTaraenor und Ysai oft bei ihm und ihnen, Talieneth (Calvaros Tochter ist im D\u00fcsterwald\/in Lorien bei Caldorens Familie)<\/p>\n<p>3.2. Gondor &#8211; Jomeks Entscheidung<br \/>\nJomek und Iorven (\u00e4lterer = schwarzes Schaf der Familie, Jomek ist eher derjenige, der die Ehre hochh\u00e4lt &#8211; soll in bestimmte Familie einheiraten &#8211; Zwist beenden)<br \/>\nJomek kommt zur\u00fcck nach Dienst geleistet &#8211; woanders Osgiliath?<br \/>\nJomek und Iorven bei \u00dcbungen bei Langhervant &#8211; ihrem Onkel, der in Dol Amroth bei der Stadtwache dient<br \/>\nJomek mit seiner angedachten Verlobten &#8211; keine Heirat aus Liebe &#8211; Jomek respektiert sie, sie h\u00e4tte es auch schlimmer treffen k\u00f6nnen<\/p>\n<p>3.2.1. Jomek und seine neue Liebe<br \/>\nJomek trifft auf Gruppe aus Falkenruh, die Falkenaustausch macht &#8211; ist etwas l\u00e4nger auch in Dol Amroth &#8211; eher zuf\u00e4llig reingeschliddert durch seinen Bruder&#8230;<br \/>\nhatten sich wegen etwas in die Haare gekriegt? &#8211; \u00dcbungskampf etwas out of bounds&#8230; stolpern in Hadorad und seine Leute mit den Falken rein &#8211; Hadorad beeindruckt vor allem Jomek<br \/>\nHadorad trennt die beiden Streith\u00e4hne Jomek und Iorven &#8211; Langhervant kommt hinzu &#8211; Unterhaltung<br \/>\nJomek sieht die eine Frau dort dabei, ist sehr interessiert wider Willen<br \/>\nJomek merkt, dass irgendwas mit den Leute ist &#8211; sein Onkel sagt wenig \u00fcber sie, seine eigenen Eltern haben nur die Verlobung im Sinn &#8211; Pah, Leute aus dem Norden&#8230;<br \/>\nHadorad &#8211; Celthariel (F\u00fcrstentochter) &#8211; sie lieben sich, aber es gibt keinen Weg f\u00fcr sie &#8211; sie hat Elbenblut und wird warten&#8230;<br \/>\nJomek verliebt sich in die eine junge Frau aus der Gruppe, die so anders ist als seine angedachte Verlobte<\/p>\n<p>3.2.2. Streit<br \/>\nStreit in Jomeks Familie, der das nicht entgeht (das M\u00e4del ist sehr aufmerksam&#8230;) &#8211; sein Bruder ist hin und her gerissen (mag Jomek und die Frau eigentlich und ist nicht der Typ f\u00fcr Moralpredigten) &#8211; Onkel versucht Jomek ins Gewissen zu reden<br \/>\ndie andere Familie beendet die angedachte Verlobung &#8211; Zwist dauert an &#8211; Streit Jomek und sein Vater &#8211; Onkel mahnt beide Familien, zwischen denen jetzt noch mehr b\u00f6ses Blut herrscht &#8211; er m\u00fcsste und wird eingreifen, wenn&#8230;<\/p>\n<p>3.2.3. Wahl<br \/>\nGespr\u00e4ch Jomek &#8211; Frau aus Falkenruh (er gesteht ihr seine Liebe, nachdem sie ihn angesprochen hat, und das, was passiert ist, erg\u00e4nzt sie selbst, hat sie mitbekommen) &#8211; er wird weggehen, um Ruhe einkehren zu lassen (vorher weg als sie aus DA, daher will er sich verabschieden &#8211; Dienst im K\u00f6nigreich Gondor woanders leisten)<br \/>\nSie fragt ihn, ob er mit nach Norden gehen w\u00fcrde&#8230; (bricht mit ihren Traditionen, etwas von ihrer Heimat zu sagen) &#8211; sie wei\u00df nicht, ob ihr Vater einer Verbindung zustimmen w\u00fcrde, hofft es aber &#8211; Dienst leisten kann man auch woanders&#8230;<br \/>\nGespr\u00e4che mit Ferneg?, Hadorad?, Aervadhrin?<\/p>\n<p>3.2.4. Konsequenzen<br \/>\nJomeks Vater ist v\u00f6llig dagegen, die Leute sind aus dem Norden&#8230; (etwas herablassend, Familie schon \u00e4lter, aber Gondor-Schlag) &#8211; wei\u00df nicht mal, wo genau, was genau (wenig bis gar nichts bekannt&#8230;) &#8211; Streit, da Jomek sie und die Leute in ihrer Begleitung durchaus als Dunedain ansieht und kennengelernt hat und sie verteidigt (Ferneg?, Hadorad?, Aervadhrin?) &#8211; gehen im Streit auseinander &#8211; Vater enterbt ihn &#8211; Streit mit seinem Bruder (jetzt muss der doch wieder ran ;)) &#8211; Streit mit dem Onkel, der ihn zum Einlenken bewegen will und ihm klarzumachen versucht, dass er hier in Gondor danach kaum besser als ein &#8222;Fahnenfl\u00fcchtiger&#8220; angesehen w\u00fcrde, weil zu wenig \u00fcber die Leute bekannt ist und sein darf&#8230; (Langhervant wei\u00df schon etwas mehr als er selbst seinem Bruder sagen darf)<br \/>\nJomek geht trotzdem mit ihr fort&#8230; &#8211; bricht mit seiner Familie (erst sp\u00e4ter teilweise wieder Kontakt zu Bruder und Onkel als Vater tot ist?)<\/p>\n<p>3.3. Falkenruh &#8211; neue Heimat<br \/>\nR\u00fcckblicke auf Leben in Falkenruh<\/p>\n<p>3.3.1. Vertrauen erlangen<br \/>\nJomek muss sich erst bew\u00e4hren in der neuen Heimat &#8211; Misstrauen hat die Leute gepr\u00e4gt<\/p>\n<p>3.3.2. Existenz aufbauen<br \/>\nLebensunterhalt verdienen &#8211; Hadorad f\u00fchrt ihn in die Wacht ein<br \/>\nJomek arbeitet sich hoch<br \/>\nHadorad zieht ihn sich als Hauptmann-Alternative heran \ud83d\ude09 Da er selbst keine Ambitionen daf\u00fcr hat (siehe Celthariel&#8230;)<\/p>\n<p>3.3.3. Eigene Familie aufbauen<br \/>\nDer Vater von Jomes Frau ist alles andere als erbaut von der eigenm\u00e4chtigen Wahl seiner Tochter &#8211; und dass Hadorad und Co es unterst\u00fctzen&#8230;<br \/>\nSein Bruder allerdings ist freundlicher drauf&#8230; ?<br \/>\nWer sind Hadalvor und Haethlas? noch festlegen&#8230;<\/p>\n<p>3.3.4. Hochzeit<br \/>\n\ud83d\ude09 &#8211; Kinderjahre Jovan spare ich mir mal&#8230;<\/p>\n<p><strong>4. Schatten regen sich<\/strong><\/p>\n<p>4.1. Seltsame Vorkommnisse<br \/>\nJomek inzwischen Hauptmann, da Hadorad nicht wollte<\/p>\n<p>4.1.1. Entdeckungen im Norden (in Ruinen und Bergen)<br \/>\nPl\u00fcnderer &#8211; Banditen in den Ruinen &#8211; wonach suchen sie &#8211; mit wem wollten sie sich treffen &#8211; Spurengen Bree, wo der Totendeich gemieden wird &#8211; normalerweise<\/p>\n<p>4.1.2. Ermittlungen im S\u00fcden (Breeland)<br \/>\nTreffen mit Darren Vestardt<\/p>\n<p>4.1.2.1. Daerrens Tod (Breeland)<\/p>\n<p>4.1.2.2. Neue Verantwortung (Daro)<\/p>\n<p>4.1.2.2.1. Einschub &#8211; Gaerrits Familie &#8211; Aireen &#8211; Saefira<\/p>\n<p>4.2. Leben in Falkenruh<br \/>\nBilderreihen im Forum<\/p>\n<p>4.2.1. Kinderstreiche?<\/p>\n<p>4.2.2. Maerlas &#8211; Fornost Besuch &#8211; im Winter bei den Zwergen<\/p>\n<p>4.2.3. Verantwortung \u00fcbernehmen (Daro, Jovan und Darland)<\/p>\n<p>4.2.4. Streith\u00e4hne &#8211; warum nur&#8230;? Tod von Daros &#8222;Erzfeind&#8220;<\/p>\n<p>4.2.5. Daros Flucht und die Zur\u00fcckgebliebenen&#8230;<\/p>\n<p>4.2.5.1. Daro&#8230;<br \/>\nZwerge bis Schragen (Zwergenwagen aus Lager hinter Moria oder Moriaeinf\u00fchrung) &#8211; \u00fcber die Felsen an der Schlucht gen Nen Harn &#8211; Chetwald &#8211; Waldl\u00e4ufer (Tirvaedan und Branost?) &#8211; Holzf\u00e4ller &#8211; R\u00e4uber &#8211; verletzt &#8211; Lager &#8211; Heilung &#8211; Herberge &#8211; H\u00e4ndler (Cembald\/Cenham, Erston) &#8211; gen Osten \/ S\u00fcden Thal &#8211; Tharbad<\/p>\n<p>4.2.5.1.1. Daro und Gaerrit<\/p>\n<p>4.2.5.1.2. Gaerrit und Saefira<\/p>\n<p>4.2.5.2. Hadorad folgt Daros Spuren<br \/>\nDie Spur endet am besten an den Klippen entlang der Schragen -Schlucht&#8230; sie halten ihn f\u00fcr wahrscheinlich tot, Steckbrief nur f\u00fcr den unwahrscheinlichen Fall, dass er \u00fcber die Klippen gekommen ist&#8230;<\/p>\n<p>4.2.5.3. Jovan&#8230;<\/p>\n<p>4.3. Rohan (teilweise zeitgleich)<\/p>\n<p>4.3.1. Lorrons Tale<\/p>\n<p>4.3.1.1. Creodric, Ilamar und Aenwulf in Cliving (3012)<br \/>\nals KInder mit Darras und Pferd&#8230;<\/p>\n<p>4.3.2. Jestim \/ Aenwulf Winter 3015 \/ 16<br \/>\nals Erwachsene<\/p>\n<p>4.3.2.1. Dunl\u00e4nder um Hararth<br \/>\nDER Winter&#8230;<\/p>\n<p>4.3.2.2. Aenwulfs Flucht &#8211; Arnarin<\/p>\n<p>4.3.3. Darras &#8211; Trevvis &#8211; Truston &#8211; Rioghar &#8211; Fencham<\/p>\n<p>4.4. im Norden<\/p>\n<p>4.4.1. Daros Reisen &#8211; Gaerrit und Saefira<br \/>\nzwischen Tharbad und Thal &#8211;<br \/>\nTrolle in Harlong? EL- Treffen mit Calvaros<br \/>\nZwerge im Nebelgebirge<br \/>\nEtten\u00f6den<br \/>\nAngmar &#8211; Narvaron &#8211; hier irgendwann Szene mit Daro und Hadorad, Marwek, Jovan?, Tarnogk in Angmar? &#8211; wo sie sich treffen, Daro ihnen hilft, Tarnogk ihn zu sp\u00e4t erkennt und ihn dann verfolgt, seien Spur aber wieder verliert in den Etten\u00f6den<br \/>\nDaro entnervt gen S\u00fcden wieder<br \/>\nGaerrits Sache mit Emnor<br \/>\nSaefis Krankheit&#8230; (3015\/16)<\/p>\n<p>4.4.2. Jovans Zerw\u00fcrfnis mit Jomek (Sommer \/ Herbst 3015)<br \/>\nDaro in Angmar getroffen oder davon geh\u00f6rt? Daro lebt!!!! &#8211; Jovan war verletzt &#8211; J. glaubt nicht, dass Daro sie verraten hat, hat ihnen geholfen &#8211; will ihn suchen gehen &#8211; bringt das Fass in Falkenruh zum \u00dcberlauf&#8230;<\/p>\n<p>4.4.2.1. Jovan trifft auf Gaerrit und Saefi in Bree<br \/>\nDaro will ihn nicht treffen, Treffen mit Tarnogk in zu guter Erinnerung, will ihm nicht mit der Waffe gegen\u00fcberstehen&#8230;, setzt beide auf ihn an, dass ihm nichts passiert&#8230;<\/p>\n<p>4.4.3. Zerst\u00f6rung von Falkenruh &#8211; Flucht (Winter 3015 &#8211; Flucht bis 3016 Begin)<br \/>\nHadorad und andere auf langen Kundschaftsg\u00e4nge, die Sache spitzt sich zu, Hadorad kommt versp\u00e4tet verletzt zur\u00fcck, Begleitung hat es nicht geschafft, Warnung vor Angriff durchzubringen (direkt Falkenruh als Ziel, sie wissen vieles&#8230;, Verrat?), sein Rat war Evakuierung gewesen &#8211; kommt zu sp\u00e4t&#8230;<br \/>\nJomek hat vorher rumdiskutieren m\u00fcssen, Gemeinschaft gespalten<br \/>\nnach Hadorads R\u00fcckkehr, Evakuierung der Zivilisten, und der Falken getrennt (einige Zivilisten sind zum Helfen bei den Falken, so Morwes zum Beispiel, Brisella?)<br \/>\nandere bleiben: Hadorad, Taernen, Tarnogk, Grul&#8230;, Darland&#8230;<\/p>\n<p>4.4.4. Flucht<br \/>\nK\u00e4mpfe: Hadorad (verletzt, will Leute nicht aufhalten) und andere bleiben in Ort, um den Eindruck einer Gegenwehr zu erwecken (dass sie gar nicht zu schnell nach den anderen suchen), Jomek und Taelwig f\u00fchren andere Angriffe um Verfolger von den Fliehenden abzuhalten.<br \/>\nMorwes<\/p>\n<p>4.4.4.1. Ankunft FW im Breeland &#8211; neue Heimat &#8211; Gaerrit<br \/>\nDunkler Weg aus Forum &#8211; Gaerrit zeigt ihnen sein altes Dorf &#8211; verlassen<br \/>\nG. versucht sich und Saefi dort unter zu bringen sp\u00e4ter auch Ilamar (ab im Fr\u00fchjahr 3016)<\/p>\n<p>4.4.4.2. Verstreut in alle Winde &#8211; Marwek, Hadorad, Ferneg?<\/p>\n<p>4.4.4.2.1. Marwek &#8211; Calvaros<br \/>\nAervadhrin &#8211; geblendet worden (sitzender Krieger bei der \u00fcberfallenen Karawane..)<br \/>\ndie Leute sollten nach Steinh\u00f6he &#8211; Warnen und auf Rest warten<\/p>\n<p>4.4.4.2.2. Hadorad &#8211; Darland &#8211; Waldl\u00e4ufer<br \/>\nschl\u00e4gt sich durch Fornost (auf Daros Spuren sozusagen) und zu den Waldl\u00e4ufern &#8211; mit Darland und&#8230;?<\/p>\n<p>4.4.5. Ilamars Reise &#8211; Anrarhere &#8211; Treffen mit Daro (beginnt Fr\u00fchjahr 3016)<br \/>\nnasses Fr\u00fchjar<\/p>\n<p>4.4.6. Ilamar und Daro retten sich vor den R\u00e4ubern<br \/>\nlaufen dann Anrarhere wieder in die Arme&#8230;<\/p>\n<p>4.4.6.1. Anrarhere und Daro auf Reisen (Warum nicht ausliefern&#8230;?)<br \/>\nDaro geht dann mit Ilamar alleine weiter gen Bree &#8211; l\u00e4sst sie schlie\u00dflich in Gaerrits und Saefis Obhut zur\u00fcck (vor oder kurz nach dessen Zusammentreffen mit den FWlern?)<\/p>\n<p>4.4.6.1.1. Daro zur\u00fcck bei der Wacht &#8211; Unschuld beweisen f\u00fcr ein Leben mit Ilamar<br \/>\ngeht gen Norden &#8211; Falkenruh vernichtet &#8211; \u00f6hm, wie hatte ich das denn geplant&#8230;? Wacht findet mit Gaerrits HIlfe Beweise auf jeden Fall, hm&#8230;<br \/>\nwahrschienlich geht Daro zur\u00fcck nach Bree und findet die Reste der Wacht dort vor&#8230; oder trifft auf G. J. S. Nafralin, Firin? die gen Norden sind?<\/p>\n<p>4.4.7. Geol und Almere (irgendwie parallel dazu)<\/p>\n<p>4.4.7.1. Archet<br \/>\nAlmere&#8230;<\/p>\n<p>4.4.7.2. Speerwall &#8211; Emnor und Himrien&#8230;<br \/>\nHimrien, Emnor, Pjetros&#8230;<\/p>\n<p>4.4.7.3. Geol untersucht R\u00e4uber &#8211; Maerlas &#8211; Saeradan &#8211; Waldl\u00e4ufer<br \/>\ngeht dabei gen Nordh\u00f6hen<br \/>\ntrifft Maerlas, Saeradan&#8230; Tirvaedan \/ Maervor?<\/p>\n<p>4.4.8. Neue Verb\u00fcndete der Wacht (Fr\u00fchjahr bis Herbst)<br \/>\nAufbau der neuen \/ zerst\u00f6rten Siedlung im Breeland<br \/>\nDaro und Jovan &#8211; Wiederaufnahme der Beziehungen&#8230; (Forum)<br \/>\nElbenintermezzo &#8211; Jovan, Calvaros und Tali auf Reisen?<br \/>\nDaro und Tarnogk&#8230;<br \/>\nWann die Geschichte mit Gaerrit und den Untoten?<\/p>\n<p>4.4.8.1. Calvaros \/ Caldaren in Forochel (Jagd nach Grimmhands mit Jovan)<\/p>\n<p>4.4.8.2. Geschehnisse bei den Elben &#8211; Aeglanthir &#8211; Zwillinge?<br \/>\nUntersuchungen Krankheit Tiere &#8211; bis ins Nebelgebirge &#8211; verschwundener W\u00e4chter mit Ysai<\/p>\n<p>4.4.9. Lorron out of Rohan (Herbst 3016)<\/p>\n<p>4.4.9.1. Lorron trifft auf die Wacht (Herbst 3016)<br \/>\nTaernens Gasthaus &#8211; R\u00e4uber &#8211; Daro &#8211; Ilamar<\/p>\n<p>4.4.9.1.1. Lorron findet Geol nicht<br \/>\nbei Onkel &#8211; geht zur Wacht &#8211; erkennt Ilamar &#8211; beschlie\u00dft zu helfen?<\/p>\n<p>4.4.10. im S\u00fcden<br \/>\nverschiedene Str\u00e4nge<\/p>\n<p>4.4.10.1. Rohan &#8211; Dunland<\/p>\n<p>4.4.10.1.1. Rioghar &#8211; Fencham (ab 3014?)<\/p>\n<p>4.4.10.1.1.1. Einschub Fencham mit Aelborn&#8230;<\/p>\n<p>4.4.10.1.2. Trevvis (ab Sommer 3017)<br \/>\nTruston &#8211; Pferdchen &#8211; Hof &#8211; Editta<\/p>\n<p>4.4.10.1.2.1. Truston (Herbst &#8211; Winter 3017)<br \/>\nEstorwarda<br \/>\nWinlad \/ Editta &#8211; Hof verloren im Winter<\/p>\n<p>4.4.10.1.2.2. Trevvis &#8211; Editta (Fr\u00fchjahr 3018 &#8211; Sommer 3018) &#8211; Lage spitzt sich zu<br \/>\nTruston geht mit Estorwarda &#8211; \u00dcberfall auf fahrende Leute &#8211; Pferdchen &#8211; Fluss &#8211; danach auf Hof<br \/>\nRulavan sind die H\u00e4nde gebunden&#8230;<\/p>\n<p>4.4.10.1.3. Darras &#8211; Ranulf &#8211; Hytbold<\/p>\n<p>4.4.10.1.3.1. Trevvis geht weiter sp\u00e4ter weiter mit Vereinigung Darras \/ Rioghar\/Fencham<br \/>\ndie einen Westemnet (Helms Klamm), die anderen Hytbold (Kampf um die Ostfold)<\/p>\n<p>4.4.10.1.4. Rulavan &#8211; Jestim<br \/>\nwahrscheinlich teilweise parallel<\/p>\n<p>4.4.10.1.4.1. Edoras &#8211; Dorf von Holting<br \/>\nTreffen mit Farnara \/ Malarin<br \/>\nHararth \/ Cathilien \/ Normere<br \/>\n&#8230;<\/p>\n<p>4.4.11. Gondor<\/p>\n<p>4.4.11.1. Einf\u00fchrung Alexey, Andrej, Gamdred, Naethelan&#8230; (ohne Jahreszahl&#8230;)<\/p>\n<p>4.4.11.2. Alexey und seine Leute&#8230;<\/p>\n<p>4.4.11.2.1. Andrejs Reise zur Stadtwache Dol Amroth &#8211; Entf\u00fchrung &#8211; Langhervants Suche<\/p>\n<p>4.4.11.3. Minas Tirith<\/p>\n<p>4.4.11.3.1. Verfehlungen?<br \/>\nAsgalen nach Sache mit Anfrage aus dem Norden (Suche der Elben nach den sehenden Steinen) aus Minas Tirith nach Dol Amroth geschickt (&#8222;pensioniert&#8220;)<br \/>\njunger Waldl\u00e4ufer mit ihm mit (Anmaren?)<\/p>\n<p>4.4.11.4. Reise \u00fcber die Berge gen S\u00fcden (nach Helms Klamm)<br \/>\ns. \u00dcbersicht Gruppen nach Rohan\/Gondor<\/p>\n<p>4.4.11.5. Mit den Falken und Schmugglern \u00fcber die Berge<br \/>\nSchmuggler vorher bei Alexey\/Andrey einf\u00fchren? &#8211; Arnarin \/ Gleostan<\/p>\n","protected":false},"excerpt":{"rendered":"<p>1. In grauer Vorzeit 2.1 Caldorens Schwester stirbt an den M\u00fcndungen des Sirion, beim \u00dcberfall der Feanor-Br\u00fcder dort er war damals ca. 16, Heilerkr\u00e4fte nicht voll ausgereift &#8211; konnte nichts tun seit damals Misstrauen auch gegen Elben und eigentlich will er dahin, wo seine Eltern herkamen&#8230;. n\u00e4mlich nach Westen&#8230; aber nicht ohne seine Familie&#8230; 2.2. &hellip; <a href=\"https:\/\/www.falkenruhs-wacht.de\/wpr\/?page_id=2649\" class=\"more-link\"><span class=\"screen-reader-text\">Zeitstrang &#8211; in Arbeit<\/span> weiterlesen <span class=\"meta-nav\">&rarr;<\/span><\/a><\/p>\n","protected":false},"author":1,"featured_media":0,"parent":4121,"menu_order":0,"comment_status":"closed","ping_status":"closed","template":"","meta":{"footnotes":""},"class_list":["post-2649","page","type-page","status-publish","hentry"],"_links":{"self":[{"href":"https:\/\/www.falkenruhs-wacht.de\/wpr\/index.php?rest_route=\/wp\/v2\/pages\/2649","targetHints":{"allow":["GET"]}}],"collection":[{"href":"https:\/\/www.falkenruhs-wacht.de\/wpr\/index.php?rest_route=\/wp\/v2\/pages"}],"about":[{"href":"https:\/\/www.falkenruhs-wacht.de\/wpr\/index.php?rest_route=\/wp\/v2\/types\/page"}],"author":[{"embeddable":true,"href":"https:\/\/www.falkenruhs-wacht.de\/wpr\/index.php?rest_route=\/wp\/v2\/users\/1"}],"replies":[{"embeddable":true,"href":"https:\/\/www.falkenruhs-wacht.de\/wpr\/index.php?rest_route=%2Fwp%2Fv2%2Fcomments&post=2649"}],"version-history":[{"count":9,"href":"https:\/\/www.falkenruhs-wacht.de\/wpr\/index.php?rest_route=\/wp\/v2\/pages\/2649\/revisions"}],"predecessor-version":[{"id":4356,"href":"https:\/\/www.falkenruhs-wacht.de\/wpr\/index.php?rest_route=\/wp\/v2\/pages\/2649\/revisions\/4356"}],"up":[{"embeddable":true,"href":"https:\/\/www.falkenruhs-wacht.de\/wpr\/index.php?rest_route=\/wp\/v2\/pages\/4121"}],"wp:attachment":[{"href":"https:\/\/www.falkenruhs-wacht.de\/wpr\/index.php?rest_route=%2Fwp%2Fv2%2Fmedia&parent=2649"}],"curies":[{"name":"wp","href":"https:\/\/api.w.org\/{rel}","templated":true}]}}